{"id":124767,"date":"2026-04-28T15:50:16","date_gmt":"2026-04-28T07:50:16","guid":{"rendered":"https:\/\/www.mobile-well.com\/?post_type=product&#038;p=124767"},"modified":"2026-04-28T15:50:16","modified_gmt":"2026-04-28T07:50:16","slug":"funda-transparente-para-telefono-con-grabado-laser-imd-y-anillo-magnetico","status":"publish","type":"product","link":"https:\/\/www.mobile-well.com\/es\/producto\/funda-transparente-para-telefono-con-grabado-laser-imd-y-anillo-magnetico\/","title":{"rendered":"Funda transparente para tel\u00e9fono con grabado l\u00e1ser IMD y anillo magn\u00e9tico"},"content":{"rendered":"","protected":false},"excerpt":{"rendered":"<ul>\n<li>N.\u00ba de producto: PA18<\/li>\n<li>Material: TPU<\/li>\n<li>Fabricaci\u00f3n: IMD<\/li>\n<li>Peso neto del producto: 42,20 g<\/li>\n<\/ul>\n","protected":false},"featured_media":124772,"template":"","meta":[],"product_brand":[],"product_cat":[77],"product_tag":[11077,10196,11106],"class_list":{"0":"post-124767","1":"product","2":"type-product","3":"status-publish","4":"has-post-thumbnail","6":"product_cat-fundas","7":"product_tag-anillo-magnetico","8":"product_tag-funda-transparente-para-telefono","9":"product_tag-grabado-laser-imd","11":"first","12":"instock","13":"shipping-taxable","14":"product-type-simple"},"jetpack_sharing_enabled":true,"_links":{"self":[{"href":"https:\/\/www.mobile-well.com\/es\/wp-json\/wp\/v2\/product\/124767","targetHints":{"allow":["GET"]}}],"collection":[{"href":"https:\/\/www.mobile-well.com\/es\/wp-json\/wp\/v2\/product"}],"about":[{"href":"https:\/\/www.mobile-well.com\/es\/wp-json\/wp\/v2\/types\/product"}],"wp:featuredmedia":[{"embeddable":true,"href":"https:\/\/www.mobile-well.com\/es\/wp-json\/wp\/v2\/media\/124772"}],"wp:attachment":[{"href":"https:\/\/www.mobile-well.com\/es\/wp-json\/wp\/v2\/media?parent=124767"}],"wp:term":[{"taxonomy":"product_brand","embeddable":true,"href":"https:\/\/www.mobile-well.com\/es\/wp-json\/wp\/v2\/product_brand?post=124767"},{"taxonomy":"product_cat","embeddable":true,"href":"https:\/\/www.mobile-well.com\/es\/wp-json\/wp\/v2\/product_cat?post=124767"},{"taxonomy":"product_tag","embeddable":true,"href":"https:\/\/www.mobile-well.com\/es\/wp-json\/wp\/v2\/product_tag?post=124767"}],"curies":[{"name":"wp","href":"https:\/\/api.w.org\/{rel}","templated":true}]}}