{"id":124780,"date":"2026-04-28T15:58:59","date_gmt":"2026-04-28T07:58:59","guid":{"rendered":"https:\/\/www.mobile-well.com\/?post_type=product&#038;p=124780"},"modified":"2026-04-28T15:58:59","modified_gmt":"2026-04-28T07:58:59","slug":"funda-para-telefono-totalmente-transparente-de-acrilico-y-tpu-con-anillo-magnetico","status":"publish","type":"product","link":"https:\/\/www.mobile-well.com\/es\/producto\/funda-para-telefono-totalmente-transparente-de-acrilico-y-tpu-con-anillo-magnetico\/","title":{"rendered":"Funda para tel\u00e9fono totalmente transparente de acr\u00edlico y TPU con anillo magn\u00e9tico"},"content":{"rendered":"","protected":false},"excerpt":{"rendered":"<ul>\n<li>N.\u00ba de producto: PA20<\/li>\n<li>Material: TPU + Acr\u00edlico<\/li>\n<li>Proceso: Moldeo por inyecci\u00f3n<\/li>\n<li>Peso neto del producto: 44,30 g<\/li>\n<\/ul>\n","protected":false},"featured_media":124781,"template":"","meta":[],"product_brand":[],"product_cat":[77],"product_tag":[11077,11107],"class_list":{"0":"post-124780","1":"product","2":"type-product","3":"status-publish","4":"has-post-thumbnail","6":"product_cat-fundas","7":"product_tag-anillo-magnetico","8":"product_tag-funda-para-telefono-totalmente-transparente","10":"first","11":"instock","12":"shipping-taxable","13":"product-type-simple"},"jetpack_sharing_enabled":true,"_links":{"self":[{"href":"https:\/\/www.mobile-well.com\/es\/wp-json\/wp\/v2\/product\/124780","targetHints":{"allow":["GET"]}}],"collection":[{"href":"https:\/\/www.mobile-well.com\/es\/wp-json\/wp\/v2\/product"}],"about":[{"href":"https:\/\/www.mobile-well.com\/es\/wp-json\/wp\/v2\/types\/product"}],"wp:featuredmedia":[{"embeddable":true,"href":"https:\/\/www.mobile-well.com\/es\/wp-json\/wp\/v2\/media\/124781"}],"wp:attachment":[{"href":"https:\/\/www.mobile-well.com\/es\/wp-json\/wp\/v2\/media?parent=124780"}],"wp:term":[{"taxonomy":"product_brand","embeddable":true,"href":"https:\/\/www.mobile-well.com\/es\/wp-json\/wp\/v2\/product_brand?post=124780"},{"taxonomy":"product_cat","embeddable":true,"href":"https:\/\/www.mobile-well.com\/es\/wp-json\/wp\/v2\/product_cat?post=124780"},{"taxonomy":"product_tag","embeddable":true,"href":"https:\/\/www.mobile-well.com\/es\/wp-json\/wp\/v2\/product_tag?post=124780"}],"curies":[{"name":"wp","href":"https:\/\/api.w.org\/{rel}","templated":true}]}}