{"id":124803,"date":"2026-04-28T16:19:08","date_gmt":"2026-04-28T08:19:08","guid":{"rendered":"https:\/\/www.mobile-well.com\/?post_type=product&#038;p=124803"},"modified":"2026-04-28T16:19:11","modified_gmt":"2026-04-28T08:19:11","slug":"funda-rigida-multicolor-de-pc-para-telefono-con-anillo-magnetico","status":"publish","type":"product","link":"https:\/\/www.mobile-well.com\/es\/producto\/funda-rigida-multicolor-de-pc-para-telefono-con-anillo-magnetico\/","title":{"rendered":"Funda r\u00edgida multicolor de PC para tel\u00e9fono con anillo magn\u00e9tico"},"content":{"rendered":"","protected":false},"excerpt":{"rendered":"<ul>\n<li>N.\u00ba de producto: PA22<\/li>\n<li>Material: PC<\/li>\n<li>Proceso: Inyecci\u00f3n de aceite<\/li>\n<li>Peso neto del producto: 25,70 g<\/li>\n<\/ul>\n","protected":false},"featured_media":124804,"template":"","meta":[],"product_brand":[],"product_cat":[77],"product_tag":[11109],"class_list":{"0":"post-124803","1":"product","2":"type-product","3":"status-publish","4":"has-post-thumbnail","6":"product_cat-fundas","7":"product_tag-funda-rigida-multicolor-de-pc","9":"first","10":"instock","11":"shipping-taxable","12":"product-type-simple"},"jetpack_sharing_enabled":true,"_links":{"self":[{"href":"https:\/\/www.mobile-well.com\/es\/wp-json\/wp\/v2\/product\/124803","targetHints":{"allow":["GET"]}}],"collection":[{"href":"https:\/\/www.mobile-well.com\/es\/wp-json\/wp\/v2\/product"}],"about":[{"href":"https:\/\/www.mobile-well.com\/es\/wp-json\/wp\/v2\/types\/product"}],"wp:featuredmedia":[{"embeddable":true,"href":"https:\/\/www.mobile-well.com\/es\/wp-json\/wp\/v2\/media\/124804"}],"wp:attachment":[{"href":"https:\/\/www.mobile-well.com\/es\/wp-json\/wp\/v2\/media?parent=124803"}],"wp:term":[{"taxonomy":"product_brand","embeddable":true,"href":"https:\/\/www.mobile-well.com\/es\/wp-json\/wp\/v2\/product_brand?post=124803"},{"taxonomy":"product_cat","embeddable":true,"href":"https:\/\/www.mobile-well.com\/es\/wp-json\/wp\/v2\/product_cat?post=124803"},{"taxonomy":"product_tag","embeddable":true,"href":"https:\/\/www.mobile-well.com\/es\/wp-json\/wp\/v2\/product_tag?post=124803"}],"curies":[{"name":"wp","href":"https:\/\/api.w.org\/{rel}","templated":true}]}}