{"id":124813,"date":"2026-04-28T16:23:31","date_gmt":"2026-04-28T08:23:31","guid":{"rendered":"https:\/\/www.mobile-well.com\/?post_type=product&#038;p=124813"},"modified":"2026-04-28T16:23:46","modified_gmt":"2026-04-28T08:23:46","slug":"funda-para-telefono-2-en-1-pc-tpu-con-resina-tenida-purpurina-y-anillo-magnetico","status":"publish","type":"product","link":"https:\/\/www.mobile-well.com\/es\/producto\/funda-para-telefono-2-en-1-pc-tpu-con-resina-tenida-purpurina-y-anillo-magnetico\/","title":{"rendered":"Funda para tel\u00e9fono 2 en 1 (PC + TPU) con resina te\u00f1ida, purpurina y anillo magn\u00e9tico"},"content":{"rendered":"","protected":false},"excerpt":{"rendered":"<ul>\n<li>N.\u00ba de producto: PA23<\/li>\n<li>Material: PC + TPU<\/li>\n<li>Acabado: Epoxi<\/li>\n<li>Peso neto del producto: 75,50 g<\/li>\n<\/ul>\n","protected":false},"featured_media":124815,"template":"","meta":[],"product_brand":[],"product_cat":[77],"product_tag":[11077,1315,10784,2773],"class_list":{"0":"post-124813","1":"product","2":"type-product","3":"status-publish","4":"has-post-thumbnail","6":"product_cat-fundas","7":"product_tag-anillo-magnetico","8":"product_tag-funda-2-en-1-2","9":"product_tag-funda-para-telefono-2-en-1","10":"product_tag-funda-tpupc","12":"first","13":"instock","14":"shipping-taxable","15":"product-type-simple"},"jetpack_sharing_enabled":true,"_links":{"self":[{"href":"https:\/\/www.mobile-well.com\/es\/wp-json\/wp\/v2\/product\/124813","targetHints":{"allow":["GET"]}}],"collection":[{"href":"https:\/\/www.mobile-well.com\/es\/wp-json\/wp\/v2\/product"}],"about":[{"href":"https:\/\/www.mobile-well.com\/es\/wp-json\/wp\/v2\/types\/product"}],"wp:featuredmedia":[{"embeddable":true,"href":"https:\/\/www.mobile-well.com\/es\/wp-json\/wp\/v2\/media\/124815"}],"wp:attachment":[{"href":"https:\/\/www.mobile-well.com\/es\/wp-json\/wp\/v2\/media?parent=124813"}],"wp:term":[{"taxonomy":"product_brand","embeddable":true,"href":"https:\/\/www.mobile-well.com\/es\/wp-json\/wp\/v2\/product_brand?post=124813"},{"taxonomy":"product_cat","embeddable":true,"href":"https:\/\/www.mobile-well.com\/es\/wp-json\/wp\/v2\/product_cat?post=124813"},{"taxonomy":"product_tag","embeddable":true,"href":"https:\/\/www.mobile-well.com\/es\/wp-json\/wp\/v2\/product_tag?post=124813"}],"curies":[{"name":"wp","href":"https:\/\/api.w.org\/{rel}","templated":true}]}}