{"id":124880,"date":"2026-04-29T15:24:31","date_gmt":"2026-04-29T07:24:31","guid":{"rendered":"https:\/\/www.mobile-well.com\/?post_type=product&#038;p=124880"},"modified":"2026-04-29T15:24:44","modified_gmt":"2026-04-29T07:24:44","slug":"venta-directa-de-fabrica-de-fundas-magneticas-transparentes-de-tpu-con-lamina-de-oro-para-telefonos","status":"publish","type":"product","link":"https:\/\/www.mobile-well.com\/es\/producto\/venta-directa-de-fabrica-de-fundas-magneticas-transparentes-de-tpu-con-lamina-de-oro-para-telefonos\/","title":{"rendered":"Venta directa de f\u00e1brica de fundas magn\u00e9ticas transparentes de TPU con l\u00e1mina de oro para tel\u00e9fonos"},"content":{"rendered":"","protected":false},"excerpt":{"rendered":"<ul>\n<li>N.\u00ba de producto: PA30<\/li>\n<li>Material: TPU + herrajes<\/li>\n<li>Acabado: Te\u00f1ido y estampado en caliente<\/li>\n<li>Peso neto del producto: 42,30 g<\/li>\n<\/ul>\n","protected":false},"featured_media":124890,"template":"","meta":[],"product_brand":[],"product_cat":[77],"product_tag":[11115,10269],"class_list":{"0":"post-124880","1":"product","2":"type-product","3":"status-publish","4":"has-post-thumbnail","6":"product_cat-fundas","7":"product_tag-fundas-magneticas-transparentes","8":"product_tag-venta-directa-de-fabrica","10":"first","11":"instock","12":"shipping-taxable","13":"product-type-simple"},"jetpack_sharing_enabled":true,"_links":{"self":[{"href":"https:\/\/www.mobile-well.com\/es\/wp-json\/wp\/v2\/product\/124880","targetHints":{"allow":["GET"]}}],"collection":[{"href":"https:\/\/www.mobile-well.com\/es\/wp-json\/wp\/v2\/product"}],"about":[{"href":"https:\/\/www.mobile-well.com\/es\/wp-json\/wp\/v2\/types\/product"}],"wp:featuredmedia":[{"embeddable":true,"href":"https:\/\/www.mobile-well.com\/es\/wp-json\/wp\/v2\/media\/124890"}],"wp:attachment":[{"href":"https:\/\/www.mobile-well.com\/es\/wp-json\/wp\/v2\/media?parent=124880"}],"wp:term":[{"taxonomy":"product_brand","embeddable":true,"href":"https:\/\/www.mobile-well.com\/es\/wp-json\/wp\/v2\/product_brand?post=124880"},{"taxonomy":"product_cat","embeddable":true,"href":"https:\/\/www.mobile-well.com\/es\/wp-json\/wp\/v2\/product_cat?post=124880"},{"taxonomy":"product_tag","embeddable":true,"href":"https:\/\/www.mobile-well.com\/es\/wp-json\/wp\/v2\/product_tag?post=124880"}],"curies":[{"name":"wp","href":"https:\/\/api.w.org\/{rel}","templated":true}]}}