{"id":124892,"date":"2026-04-29T15:30:52","date_gmt":"2026-04-29T07:30:52","guid":{"rendered":"https:\/\/www.mobile-well.com\/?post_type=product&#038;p=124892"},"modified":"2026-04-29T15:30:53","modified_gmt":"2026-04-29T07:30:53","slug":"funda-blanda-de-tpu-para-telefono-con-impresion-personalizada-disponible-en-una-variedad-de-disenos-e-incluye-un-soporte-metalico","status":"publish","type":"product","link":"https:\/\/www.mobile-well.com\/es\/producto\/funda-blanda-de-tpu-para-telefono-con-impresion-personalizada-disponible-en-una-variedad-de-disenos-e-incluye-un-soporte-metalico\/","title":{"rendered":"Funda blanda de TPU para tel\u00e9fono con impresi\u00f3n personalizada, disponible en una variedad de dise\u00f1os e incluye un soporte met\u00e1lico."},"content":{"rendered":"","protected":false},"excerpt":{"rendered":"<ul>\n<li>N.\u00ba de producto: PA31<\/li>\n<li>Material: TPU + herrajes<\/li>\n<li>Acabado: Impresi\u00f3n<\/li>\n<li>Peso neto del producto: 39,50 g<\/li>\n<\/ul>\n","protected":false},"featured_media":124899,"template":"","meta":[],"product_brand":[],"product_cat":[77],"product_tag":[11116,11118,11117],"class_list":{"0":"post-124892","1":"product","2":"type-product","3":"status-publish","4":"has-post-thumbnail","6":"product_cat-fundas","7":"product_tag-funda-blanda-de-tpu-para-telefono","8":"product_tag-fundas-personalizadas-para-telefonos","9":"product_tag-impresion-personalizada","11":"first","12":"instock","13":"shipping-taxable","14":"product-type-simple"},"jetpack_sharing_enabled":true,"_links":{"self":[{"href":"https:\/\/www.mobile-well.com\/es\/wp-json\/wp\/v2\/product\/124892","targetHints":{"allow":["GET"]}}],"collection":[{"href":"https:\/\/www.mobile-well.com\/es\/wp-json\/wp\/v2\/product"}],"about":[{"href":"https:\/\/www.mobile-well.com\/es\/wp-json\/wp\/v2\/types\/product"}],"wp:featuredmedia":[{"embeddable":true,"href":"https:\/\/www.mobile-well.com\/es\/wp-json\/wp\/v2\/media\/124899"}],"wp:attachment":[{"href":"https:\/\/www.mobile-well.com\/es\/wp-json\/wp\/v2\/media?parent=124892"}],"wp:term":[{"taxonomy":"product_brand","embeddable":true,"href":"https:\/\/www.mobile-well.com\/es\/wp-json\/wp\/v2\/product_brand?post=124892"},{"taxonomy":"product_cat","embeddable":true,"href":"https:\/\/www.mobile-well.com\/es\/wp-json\/wp\/v2\/product_cat?post=124892"},{"taxonomy":"product_tag","embeddable":true,"href":"https:\/\/www.mobile-well.com\/es\/wp-json\/wp\/v2\/product_tag?post=124892"}],"curies":[{"name":"wp","href":"https:\/\/api.w.org\/{rel}","templated":true}]}}