{"id":124994,"date":"2026-05-09T14:27:42","date_gmt":"2026-05-09T06:27:42","guid":{"rendered":"https:\/\/www.mobile-well.com\/?post_type=product&#038;p=124994"},"modified":"2026-05-09T14:27:43","modified_gmt":"2026-05-09T06:27:43","slug":"palos-selfie-para-telefonos-moviles-al-por-mayor-con-control-remoto-bluetooth-desmontable-diseno-giratorio-de-360-y-retractil","status":"publish","type":"product","link":"https:\/\/www.mobile-well.com\/es\/producto\/palos-selfie-para-telefonos-moviles-al-por-mayor-con-control-remoto-bluetooth-desmontable-diseno-giratorio-de-360-y-retractil\/","title":{"rendered":"Palos selfie para tel\u00e9fonos m\u00f3viles al por mayor con control remoto Bluetooth desmontable, dise\u00f1o giratorio de 360\u00b0 y retr\u00e1ctil."},"content":{"rendered":"","protected":false},"excerpt":{"rendered":"<p>1\u3001Tr\u00edpode de apertura t\u00e1ctil: configuraci\u00f3n sin complicaciones<br \/>\n2\u3001Control remoto Bluetooth desmontable<br \/>\n3\u3001Rotaci\u00f3n de 360\u00b0 + Altura ajustable: captura cualquier \u00e1ngulo<br \/>\n4\u3001Extensible y compacto: ideal para viajar<\/p>\n","protected":false},"featured_media":124999,"template":"","meta":[],"product_brand":[],"product_cat":[11063],"product_tag":[11128,11127],"class_list":{"0":"post-124994","1":"product","2":"type-product","3":"status-publish","4":"has-post-thumbnail","6":"product_cat-soporte-para-telefono","7":"product_tag-diseno-giratorio-de-360-y-retractil","8":"product_tag-palos-selfie-para-telefonos","10":"first","11":"instock","12":"shipping-taxable","13":"product-type-simple"},"jetpack_sharing_enabled":true,"_links":{"self":[{"href":"https:\/\/www.mobile-well.com\/es\/wp-json\/wp\/v2\/product\/124994","targetHints":{"allow":["GET"]}}],"collection":[{"href":"https:\/\/www.mobile-well.com\/es\/wp-json\/wp\/v2\/product"}],"about":[{"href":"https:\/\/www.mobile-well.com\/es\/wp-json\/wp\/v2\/types\/product"}],"wp:featuredmedia":[{"embeddable":true,"href":"https:\/\/www.mobile-well.com\/es\/wp-json\/wp\/v2\/media\/124999"}],"wp:attachment":[{"href":"https:\/\/www.mobile-well.com\/es\/wp-json\/wp\/v2\/media?parent=124994"}],"wp:term":[{"taxonomy":"product_brand","embeddable":true,"href":"https:\/\/www.mobile-well.com\/es\/wp-json\/wp\/v2\/product_brand?post=124994"},{"taxonomy":"product_cat","embeddable":true,"href":"https:\/\/www.mobile-well.com\/es\/wp-json\/wp\/v2\/product_cat?post=124994"},{"taxonomy":"product_tag","embeddable":true,"href":"https:\/\/www.mobile-well.com\/es\/wp-json\/wp\/v2\/product_tag?post=124994"}],"curies":[{"name":"wp","href":"https:\/\/api.w.org\/{rel}","templated":true}]}}