{"id":125011,"date":"2026-05-09T14:39:50","date_gmt":"2026-05-09T06:39:50","guid":{"rendered":"https:\/\/www.mobile-well.com\/?post_type=product&#038;p=125011"},"modified":"2026-05-09T14:39:51","modified_gmt":"2026-05-09T06:39:51","slug":"palo-selfie-de-aleacion-de-aluminio-y-acero-inoxidable-con-clip-giratorio-multiangulo-para-telefono-precio-directo-de-fabrica","status":"publish","type":"product","link":"https:\/\/www.mobile-well.com\/es\/producto\/palo-selfie-de-aleacion-de-aluminio-y-acero-inoxidable-con-clip-giratorio-multiangulo-para-telefono-precio-directo-de-fabrica\/","title":{"rendered":"Palo selfie de aleaci\u00f3n de aluminio y acero inoxidable con clip giratorio multi\u00e1ngulo para tel\u00e9fono, precio directo de f\u00e1brica."},"content":{"rendered":"","protected":false},"excerpt":{"rendered":"<p>1. Manejo con una sola mano para tomas r\u00e1pidas<br \/>\n2. Control remoto de obturador Bluetooth desmontable<br \/>\n3. Clip para tel\u00e9fono giratorio de m\u00faltiples \u00e1ngulos<br \/>\n4. Dise\u00f1o ultracompacto y de tama\u00f1o de bolsillo<br \/>\n5. Colores: Negro, Blanco<br \/>\n6. Bater\u00eda: Bater\u00eda de pol\u00edmero de litio de 55 mAh<br \/>\n7. Longitud extendida: 100 cm<br \/>\n8. Material: Aleaci\u00f3n de aluminio \/ Tubos de acero inoxidable<br \/>\n9. Accesorios: Manual de usuario \u00d7 1, Cable de carga \u00d7 1 (Luz de relleno opcional)<\/p>\n","protected":false},"featured_media":125014,"template":"","meta":[],"product_brand":[],"product_cat":[11063],"product_tag":[11132,11131,11133],"class_list":{"0":"post-125011","1":"product","2":"type-product","3":"status-publish","4":"has-post-thumbnail","6":"product_cat-soporte-para-telefono","7":"product_tag-clip-giratorio-multiangulo-para-telefono","8":"product_tag-palo-selfie-de-aleacion-de-aluminio","9":"product_tag-precio-directo-de-fabrica","11":"first","12":"instock","13":"shipping-taxable","14":"product-type-simple"},"jetpack_sharing_enabled":true,"_links":{"self":[{"href":"https:\/\/www.mobile-well.com\/es\/wp-json\/wp\/v2\/product\/125011","targetHints":{"allow":["GET"]}}],"collection":[{"href":"https:\/\/www.mobile-well.com\/es\/wp-json\/wp\/v2\/product"}],"about":[{"href":"https:\/\/www.mobile-well.com\/es\/wp-json\/wp\/v2\/types\/product"}],"wp:featuredmedia":[{"embeddable":true,"href":"https:\/\/www.mobile-well.com\/es\/wp-json\/wp\/v2\/media\/125014"}],"wp:attachment":[{"href":"https:\/\/www.mobile-well.com\/es\/wp-json\/wp\/v2\/media?parent=125011"}],"wp:term":[{"taxonomy":"product_brand","embeddable":true,"href":"https:\/\/www.mobile-well.com\/es\/wp-json\/wp\/v2\/product_brand?post=125011"},{"taxonomy":"product_cat","embeddable":true,"href":"https:\/\/www.mobile-well.com\/es\/wp-json\/wp\/v2\/product_cat?post=125011"},{"taxonomy":"product_tag","embeddable":true,"href":"https:\/\/www.mobile-well.com\/es\/wp-json\/wp\/v2\/product_tag?post=125011"}],"curies":[{"name":"wp","href":"https:\/\/api.w.org\/{rel}","templated":true}]}}