{"id":125017,"date":"2026-05-09T14:47:09","date_gmt":"2026-05-09T06:47:09","guid":{"rendered":"https:\/\/www.mobile-well.com\/?post_type=product&#038;p=125017"},"modified":"2026-05-09T14:47:09","modified_gmt":"2026-05-09T06:47:09","slug":"tripode-para-selfies-3-en-1-al-por-mayor-con-clip-giratorio-multiangulo-para-telefono-130-cm-de-largo","status":"publish","type":"product","link":"https:\/\/www.mobile-well.com\/es\/producto\/tripode-para-selfies-3-en-1-al-por-mayor-con-clip-giratorio-multiangulo-para-telefono-130-cm-de-largo\/","title":{"rendered":"Tr\u00edpode para selfies 3 en 1 al por mayor con clip giratorio multi\u00e1ngulo para tel\u00e9fono, 130 cm de largo"},"content":{"rendered":"","protected":false},"excerpt":{"rendered":"<p>1. Tr\u00edpode y palo selfie 3 en 1<br \/>\n2. Control remoto Bluetooth recargable<br \/>\n3. Soporte para tel\u00e9fono giratorio de m\u00faltiples \u00e1ngulos<br \/>\n4. Extensible y giratorio<br \/>\n5. Colores: Negro, Blanco<br \/>\n6. Bater\u00eda: Bater\u00eda de pol\u00edmero de litio de 55 mAh<br \/>\n7. Longitud extendida: 130 cm<br \/>\n8. Material: Aleaci\u00f3n de aluminio \/ Tubos de acero inoxidable<br \/>\n9. Accesorios: Manual de usuario \u00d7 1, Cable de carga \u00d7 1 (Luz de relleno opcional)<\/p>\n","protected":false},"featured_media":125020,"template":"","meta":[],"product_brand":[],"product_cat":[11063],"product_tag":[11132,11134],"class_list":{"0":"post-125017","1":"product","2":"type-product","3":"status-publish","4":"has-post-thumbnail","6":"product_cat-soporte-para-telefono","7":"product_tag-clip-giratorio-multiangulo-para-telefono","8":"product_tag-tripode-para-selfies-3-en-1","10":"first","11":"instock","12":"shipping-taxable","13":"product-type-simple"},"jetpack_sharing_enabled":true,"_links":{"self":[{"href":"https:\/\/www.mobile-well.com\/es\/wp-json\/wp\/v2\/product\/125017","targetHints":{"allow":["GET"]}}],"collection":[{"href":"https:\/\/www.mobile-well.com\/es\/wp-json\/wp\/v2\/product"}],"about":[{"href":"https:\/\/www.mobile-well.com\/es\/wp-json\/wp\/v2\/types\/product"}],"wp:featuredmedia":[{"embeddable":true,"href":"https:\/\/www.mobile-well.com\/es\/wp-json\/wp\/v2\/media\/125020"}],"wp:attachment":[{"href":"https:\/\/www.mobile-well.com\/es\/wp-json\/wp\/v2\/media?parent=125017"}],"wp:term":[{"taxonomy":"product_brand","embeddable":true,"href":"https:\/\/www.mobile-well.com\/es\/wp-json\/wp\/v2\/product_brand?post=125017"},{"taxonomy":"product_cat","embeddable":true,"href":"https:\/\/www.mobile-well.com\/es\/wp-json\/wp\/v2\/product_cat?post=125017"},{"taxonomy":"product_tag","embeddable":true,"href":"https:\/\/www.mobile-well.com\/es\/wp-json\/wp\/v2\/product_tag?post=125017"}],"curies":[{"name":"wp","href":"https:\/\/api.w.org\/{rel}","templated":true}]}}