{"id":22666,"date":"2018-11-02T15:53:03","date_gmt":"2018-11-02T07:53:03","guid":{"rendered":"https:\/\/www.mobile-well.com\/producto\/el-mas-nuevo-altavoz-estereo-inalambrico-con-bluetooth\/"},"modified":"2018-11-02T15:53:03","modified_gmt":"2018-11-02T07:53:03","slug":"el-mas-nuevo-altavoz-estereo-inalambrico-con-bluetooth","status":"publish","type":"product","link":"https:\/\/www.mobile-well.com\/es\/producto\/el-mas-nuevo-altavoz-estereo-inalambrico-con-bluetooth\/","title":{"rendered":"El m\u00e1s nuevo altavoz est\u00e9reo inal\u00e1mbrico con bluetooth"},"content":{"rendered":"<p><img decoding=\"async\" class=\"alignnone size-full wp-image-22527\" src=\"https:\/\/e2wqn24me72.exactdn.com\/wp-content\/uploads\/2018\/11\/5-2.jpg?strip=all\" alt=\"\" width=\"800\" height=\"800\" title=\"\" srcset=\"https:\/\/e2wqn24me72.exactdn.com\/wp-content\/uploads\/2018\/11\/5-2.jpg?strip=all 800w, https:\/\/e2wqn24me72.exactdn.com\/wp-content\/uploads\/2018\/11\/5-2-300x300.jpg?strip=all 300w, https:\/\/e2wqn24me72.exactdn.com\/wp-content\/uploads\/2018\/11\/5-2-100x100.jpg?strip=all 100w, https:\/\/e2wqn24me72.exactdn.com\/wp-content\/uploads\/2018\/11\/5-2-600x600.jpg?strip=all 600w, https:\/\/e2wqn24me72.exactdn.com\/wp-content\/uploads\/2018\/11\/5-2.jpg?strip=all&amp;w=160 160w, https:\/\/e2wqn24me72.exactdn.com\/wp-content\/uploads\/2018\/11\/5-2.jpg?strip=all&amp;w=480 480w\" sizes=\"(max-width: 800px) 100vw, 800px\" \/> <img decoding=\"async\" class=\"alignnone size-full wp-image-22529\" src=\"https:\/\/e2wqn24me72.exactdn.com\/wp-content\/uploads\/2018\/11\/10-8.jpg?strip=all\" alt=\"\" width=\"800\" height=\"800\" title=\"\" srcset=\"https:\/\/e2wqn24me72.exactdn.com\/wp-content\/uploads\/2018\/11\/10-8.jpg?strip=all 800w, https:\/\/e2wqn24me72.exactdn.com\/wp-content\/uploads\/2018\/11\/10-8-300x300.jpg?strip=all 300w, https:\/\/e2wqn24me72.exactdn.com\/wp-content\/uploads\/2018\/11\/10-8-100x100.jpg?strip=all 100w, https:\/\/e2wqn24me72.exactdn.com\/wp-content\/uploads\/2018\/11\/10-8-600x600.jpg?strip=all 600w, https:\/\/e2wqn24me72.exactdn.com\/wp-content\/uploads\/2018\/11\/10-8.jpg?strip=all&amp;w=160 160w, https:\/\/e2wqn24me72.exactdn.com\/wp-content\/uploads\/2018\/11\/10-8.jpg?strip=all&amp;w=480 480w\" sizes=\"(max-width: 800px) 100vw, 800px\" \/> <img decoding=\"async\" class=\"alignnone size-full wp-image-22531\" src=\"https:\/\/e2wqn24me72.exactdn.com\/wp-content\/uploads\/2018\/11\/11-6.jpg?strip=all\" alt=\"\" width=\"800\" height=\"800\" title=\"\" srcset=\"https:\/\/e2wqn24me72.exactdn.com\/wp-content\/uploads\/2018\/11\/11-6.jpg?strip=all 800w, https:\/\/e2wqn24me72.exactdn.com\/wp-content\/uploads\/2018\/11\/11-6-300x300.jpg?strip=all 300w, https:\/\/e2wqn24me72.exactdn.com\/wp-content\/uploads\/2018\/11\/11-6-100x100.jpg?strip=all 100w, https:\/\/e2wqn24me72.exactdn.com\/wp-content\/uploads\/2018\/11\/11-6-600x600.jpg?strip=all 600w, https:\/\/e2wqn24me72.exactdn.com\/wp-content\/uploads\/2018\/11\/11-6.jpg?strip=all&amp;w=160 160w, https:\/\/e2wqn24me72.exactdn.com\/wp-content\/uploads\/2018\/11\/11-6.jpg?strip=all&amp;w=480 480w\" sizes=\"(max-width: 800px) 100vw, 800px\" \/> <img decoding=\"async\" class=\"alignnone size-full wp-image-22533\" src=\"https:\/\/e2wqn24me72.exactdn.com\/wp-content\/uploads\/2018\/11\/12-6.jpg?strip=all\" alt=\"\" width=\"800\" height=\"800\" title=\"\" srcset=\"https:\/\/e2wqn24me72.exactdn.com\/wp-content\/uploads\/2018\/11\/12-6.jpg?strip=all 800w, https:\/\/e2wqn24me72.exactdn.com\/wp-content\/uploads\/2018\/11\/12-6-300x300.jpg?strip=all 300w, https:\/\/e2wqn24me72.exactdn.com\/wp-content\/uploads\/2018\/11\/12-6-100x100.jpg?strip=all 100w, https:\/\/e2wqn24me72.exactdn.com\/wp-content\/uploads\/2018\/11\/12-6-600x600.jpg?strip=all 600w, https:\/\/e2wqn24me72.exactdn.com\/wp-content\/uploads\/2018\/11\/12-6.jpg?strip=all&amp;w=160 160w, https:\/\/e2wqn24me72.exactdn.com\/wp-content\/uploads\/2018\/11\/12-6.jpg?strip=all&amp;w=480 480w\" sizes=\"(max-width: 800px) 100vw, 800px\" \/> <img decoding=\"async\" class=\"alignnone size-full wp-image-22535\" src=\"https:\/\/e2wqn24me72.exactdn.com\/wp-content\/uploads\/2018\/11\/14-3.jpg?strip=all\" alt=\"\" width=\"800\" height=\"800\" title=\"\" srcset=\"https:\/\/e2wqn24me72.exactdn.com\/wp-content\/uploads\/2018\/11\/14-3.jpg?strip=all 800w, https:\/\/e2wqn24me72.exactdn.com\/wp-content\/uploads\/2018\/11\/14-3-300x300.jpg?strip=all 300w, https:\/\/e2wqn24me72.exactdn.com\/wp-content\/uploads\/2018\/11\/14-3-100x100.jpg?strip=all 100w, https:\/\/e2wqn24me72.exactdn.com\/wp-content\/uploads\/2018\/11\/14-3-600x600.jpg?strip=all 600w, https:\/\/e2wqn24me72.exactdn.com\/wp-content\/uploads\/2018\/11\/14-3.jpg?strip=all&amp;w=160 160w, https:\/\/e2wqn24me72.exactdn.com\/wp-content\/uploads\/2018\/11\/14-3.jpg?strip=all&amp;w=480 480w\" sizes=\"(max-width: 800px) 100vw, 800px\" \/> <img decoding=\"async\" class=\"alignnone size-full wp-image-22537\" src=\"https:\/\/e2wqn24me72.exactdn.com\/wp-content\/uploads\/2018\/11\/15-3.jpg?strip=all\" alt=\"\" width=\"800\" height=\"800\" title=\"\" srcset=\"https:\/\/e2wqn24me72.exactdn.com\/wp-content\/uploads\/2018\/11\/15-3.jpg?strip=all 800w, https:\/\/e2wqn24me72.exactdn.com\/wp-content\/uploads\/2018\/11\/15-3-300x300.jpg?strip=all 300w, https:\/\/e2wqn24me72.exactdn.com\/wp-content\/uploads\/2018\/11\/15-3-100x100.jpg?strip=all 100w, https:\/\/e2wqn24me72.exactdn.com\/wp-content\/uploads\/2018\/11\/15-3-600x600.jpg?strip=all 600w, https:\/\/e2wqn24me72.exactdn.com\/wp-content\/uploads\/2018\/11\/15-3.jpg?strip=all&amp;w=160 160w, https:\/\/e2wqn24me72.exactdn.com\/wp-content\/uploads\/2018\/11\/15-3.jpg?strip=all&amp;w=480 480w\" sizes=\"(max-width: 800px) 100vw, 800px\" \/><\/p>\n","protected":false},"excerpt":{"rendered":"<ul>\n<li>Especificaciones del producto:<\/li>\n<li>* Versi\u00f3n de Bluetooth: V3.0<\/li>\n<li>* Tama\u00f1o del altavoz: 3W<\/li>\n<li>* Rango de frecuencia: 80Hz-20KHz<\/li>\n<li>* Bater\u00eda: incorporada 200mAh<\/li>\n<li>* Tiempo de reproducci\u00f3n de m\u00fasica: hasta 2 horas (60% de volumen)<\/li>\n<li>* Tiempo en espera: Hasta 80 horas.<\/li>\n<li>* Tiempo de carga: hasta 2 horas.<\/li>\n<li>* Soporte: llamada de manos libres.<\/li>\n<li>* Tama\u00f1o de la unidad: 59x59mm<\/li>\n<li>Opciones de color: negro, rojo, amarillo, naranja, azul<\/li>\n<\/ul>\n","protected":false},"featured_media":22528,"template":"","meta":[],"product_brand":[],"product_cat":[310],"product_tag":[920,3254],"class_list":{"0":"post-22666","1":"product","2":"type-product","3":"status-publish","4":"has-post-thumbnail","6":"product_cat-parlantes","7":"product_tag-altavoz-bluetooth","8":"product_tag-estereo-inalambrico","10":"first","11":"instock","12":"shipping-taxable","13":"product-type-simple"},"jetpack_sharing_enabled":true,"_links":{"self":[{"href":"https:\/\/www.mobile-well.com\/es\/wp-json\/wp\/v2\/product\/22666","targetHints":{"allow":["GET"]}}],"collection":[{"href":"https:\/\/www.mobile-well.com\/es\/wp-json\/wp\/v2\/product"}],"about":[{"href":"https:\/\/www.mobile-well.com\/es\/wp-json\/wp\/v2\/types\/product"}],"wp:featuredmedia":[{"embeddable":true,"href":"https:\/\/www.mobile-well.com\/es\/wp-json\/wp\/v2\/media\/22528"}],"wp:attachment":[{"href":"https:\/\/www.mobile-well.com\/es\/wp-json\/wp\/v2\/media?parent=22666"}],"wp:term":[{"taxonomy":"product_brand","embeddable":true,"href":"https:\/\/www.mobile-well.com\/es\/wp-json\/wp\/v2\/product_brand?post=22666"},{"taxonomy":"product_cat","embeddable":true,"href":"https:\/\/www.mobile-well.com\/es\/wp-json\/wp\/v2\/product_cat?post=22666"},{"taxonomy":"product_tag","embeddable":true,"href":"https:\/\/www.mobile-well.com\/es\/wp-json\/wp\/v2\/product_tag?post=22666"}],"curies":[{"name":"wp","href":"https:\/\/api.w.org\/{rel}","templated":true}]}}