{"id":22944,"date":"2018-11-07T16:20:19","date_gmt":"2018-11-07T08:20:19","guid":{"rendered":"https:\/\/www.mobile-well.com\/producto\/banco-de-energia-de-bateria-externa-de-forma-rectangular-para-el-telefono-celular\/"},"modified":"2018-11-07T16:20:19","modified_gmt":"2018-11-07T08:20:19","slug":"banco-de-energia-de-bateria-externa-de-forma-rectangular-para-el-telefono-celular","status":"publish","type":"product","link":"https:\/\/www.mobile-well.com\/es\/producto\/banco-de-energia-de-bateria-externa-de-forma-rectangular-para-el-telefono-celular\/","title":{"rendered":"Banco de energ\u00eda de bater\u00eda externa de forma rectangular para el tel\u00e9fono celular"},"content":{"rendered":"<p><img decoding=\"async\" class=\"alignnone size-full wp-image-22723\" src=\"https:\/\/e2wqn24me72.exactdn.com\/wp-content\/uploads\/2018\/11\/01-10.jpg?strip=all\" alt=\"\" width=\"800\" height=\"800\" title=\"\" srcset=\"https:\/\/e2wqn24me72.exactdn.com\/wp-content\/uploads\/2018\/11\/01-10.jpg?strip=all 800w, https:\/\/e2wqn24me72.exactdn.com\/wp-content\/uploads\/2018\/11\/01-10-300x300.jpg?strip=all 300w, https:\/\/e2wqn24me72.exactdn.com\/wp-content\/uploads\/2018\/11\/01-10-100x100.jpg?strip=all 100w, https:\/\/e2wqn24me72.exactdn.com\/wp-content\/uploads\/2018\/11\/01-10-600x600.jpg?strip=all 600w, https:\/\/e2wqn24me72.exactdn.com\/wp-content\/uploads\/2018\/11\/01-10.jpg?strip=all&amp;w=160 160w, https:\/\/e2wqn24me72.exactdn.com\/wp-content\/uploads\/2018\/11\/01-10.jpg?strip=all&amp;w=480 480w\" sizes=\"(max-width: 800px) 100vw, 800px\" \/> <img decoding=\"async\" class=\"alignnone size-full wp-image-22725\" src=\"https:\/\/e2wqn24me72.exactdn.com\/wp-content\/uploads\/2018\/11\/02-10.jpg?strip=all\" alt=\"\" width=\"800\" height=\"800\" title=\"\" srcset=\"https:\/\/e2wqn24me72.exactdn.com\/wp-content\/uploads\/2018\/11\/02-10.jpg?strip=all 800w, https:\/\/e2wqn24me72.exactdn.com\/wp-content\/uploads\/2018\/11\/02-10-300x300.jpg?strip=all 300w, https:\/\/e2wqn24me72.exactdn.com\/wp-content\/uploads\/2018\/11\/02-10-100x100.jpg?strip=all 100w, https:\/\/e2wqn24me72.exactdn.com\/wp-content\/uploads\/2018\/11\/02-10-600x600.jpg?strip=all 600w, https:\/\/e2wqn24me72.exactdn.com\/wp-content\/uploads\/2018\/11\/02-10.jpg?strip=all&amp;w=160 160w, https:\/\/e2wqn24me72.exactdn.com\/wp-content\/uploads\/2018\/11\/02-10.jpg?strip=all&amp;w=480 480w\" sizes=\"(max-width: 800px) 100vw, 800px\" \/> <img decoding=\"async\" class=\"alignnone size-full wp-image-22727\" src=\"https:\/\/e2wqn24me72.exactdn.com\/wp-content\/uploads\/2018\/11\/03-11.jpg?strip=all\" alt=\"\" width=\"800\" height=\"800\" title=\"\" srcset=\"https:\/\/e2wqn24me72.exactdn.com\/wp-content\/uploads\/2018\/11\/03-11.jpg?strip=all 800w, https:\/\/e2wqn24me72.exactdn.com\/wp-content\/uploads\/2018\/11\/03-11-300x300.jpg?strip=all 300w, https:\/\/e2wqn24me72.exactdn.com\/wp-content\/uploads\/2018\/11\/03-11-100x100.jpg?strip=all 100w, https:\/\/e2wqn24me72.exactdn.com\/wp-content\/uploads\/2018\/11\/03-11-600x600.jpg?strip=all 600w, https:\/\/e2wqn24me72.exactdn.com\/wp-content\/uploads\/2018\/11\/03-11.jpg?strip=all&amp;w=160 160w, https:\/\/e2wqn24me72.exactdn.com\/wp-content\/uploads\/2018\/11\/03-11.jpg?strip=all&amp;w=480 480w\" sizes=\"(max-width: 800px) 100vw, 800px\" \/> <img decoding=\"async\" class=\"alignnone size-full wp-image-22729\" src=\"https:\/\/e2wqn24me72.exactdn.com\/wp-content\/uploads\/2018\/11\/04-10.jpg?strip=all\" alt=\"\" width=\"800\" height=\"800\" title=\"\" srcset=\"https:\/\/e2wqn24me72.exactdn.com\/wp-content\/uploads\/2018\/11\/04-10.jpg?strip=all 800w, https:\/\/e2wqn24me72.exactdn.com\/wp-content\/uploads\/2018\/11\/04-10-300x300.jpg?strip=all 300w, https:\/\/e2wqn24me72.exactdn.com\/wp-content\/uploads\/2018\/11\/04-10-100x100.jpg?strip=all 100w, https:\/\/e2wqn24me72.exactdn.com\/wp-content\/uploads\/2018\/11\/04-10-600x600.jpg?strip=all 600w, https:\/\/e2wqn24me72.exactdn.com\/wp-content\/uploads\/2018\/11\/04-10.jpg?strip=all&amp;w=160 160w, https:\/\/e2wqn24me72.exactdn.com\/wp-content\/uploads\/2018\/11\/04-10.jpg?strip=all&amp;w=480 480w\" sizes=\"(max-width: 800px) 100vw, 800px\" \/><\/p>\n","protected":false},"excerpt":{"rendered":"<ul>\n<li>Capacidad: 8000mAh<\/li>\n<li>MOQ: 1000 unids<\/li>\n<li>Color: Como imagen<\/li>\n<li>Entrada: 5V 2A<\/li>\n<li>Salida: 5V 2.1A<\/li>\n<\/ul>\n","protected":false},"featured_media":22728,"template":"","meta":[],"product_brand":[],"product_cat":[74],"product_tag":[3335,3334,1087],"class_list":{"0":"post-22944","1":"product","2":"type-product","3":"status-publish","4":"has-post-thumbnail","6":"product_cat-baterias-externas","7":"product_tag-banco-de-energia-de-bateria-externa","8":"product_tag-banco-de-forma-rectangular","9":"product_tag-baterias-externas","11":"first","12":"instock","13":"shipping-taxable","14":"product-type-simple"},"jetpack_sharing_enabled":true,"_links":{"self":[{"href":"https:\/\/www.mobile-well.com\/es\/wp-json\/wp\/v2\/product\/22944","targetHints":{"allow":["GET"]}}],"collection":[{"href":"https:\/\/www.mobile-well.com\/es\/wp-json\/wp\/v2\/product"}],"about":[{"href":"https:\/\/www.mobile-well.com\/es\/wp-json\/wp\/v2\/types\/product"}],"wp:featuredmedia":[{"embeddable":true,"href":"https:\/\/www.mobile-well.com\/es\/wp-json\/wp\/v2\/media\/22728"}],"wp:attachment":[{"href":"https:\/\/www.mobile-well.com\/es\/wp-json\/wp\/v2\/media?parent=22944"}],"wp:term":[{"taxonomy":"product_brand","embeddable":true,"href":"https:\/\/www.mobile-well.com\/es\/wp-json\/wp\/v2\/product_brand?post=22944"},{"taxonomy":"product_cat","embeddable":true,"href":"https:\/\/www.mobile-well.com\/es\/wp-json\/wp\/v2\/product_cat?post=22944"},{"taxonomy":"product_tag","embeddable":true,"href":"https:\/\/www.mobile-well.com\/es\/wp-json\/wp\/v2\/product_tag?post=22944"}],"curies":[{"name":"wp","href":"https:\/\/api.w.org\/{rel}","templated":true}]}}