{"id":24278,"date":"2018-12-20T16:25:54","date_gmt":"2018-12-20T08:25:54","guid":{"rendered":"https:\/\/www.mobile-well.com\/producto\/nuevo-diseno-estuche-de-cuero-magnetica-con-cubierta-extraible-con-dibujo\/"},"modified":"2018-12-20T16:25:54","modified_gmt":"2018-12-20T08:25:54","slug":"nuevo-diseno-estuche-de-cuero-magnetica-con-cubierta-extraible-con-dibujo","status":"publish","type":"product","link":"https:\/\/www.mobile-well.com\/es\/producto\/nuevo-diseno-estuche-de-cuero-magnetica-con-cubierta-extraible-con-dibujo\/","title":{"rendered":"Nuevo dise\u00f1o estuche de cuero magn\u00e9tica con cubierta extra\u00edble con dibujo"},"content":{"rendered":"<p><img decoding=\"async\" class=\"alignnone size-full wp-image-24254\" src=\"https:\/\/e2wqn24me72.exactdn.com\/wp-content\/uploads\/2018\/12\/01-9.jpg?strip=all\" alt=\"\" width=\"800\" height=\"800\" title=\"\" srcset=\"https:\/\/e2wqn24me72.exactdn.com\/wp-content\/uploads\/2018\/12\/01-9.jpg?strip=all 800w, https:\/\/e2wqn24me72.exactdn.com\/wp-content\/uploads\/2018\/12\/01-9-300x300.jpg?strip=all 300w, https:\/\/e2wqn24me72.exactdn.com\/wp-content\/uploads\/2018\/12\/01-9-100x100.jpg?strip=all 100w, https:\/\/e2wqn24me72.exactdn.com\/wp-content\/uploads\/2018\/12\/01-9-600x600.jpg?strip=all 600w, https:\/\/e2wqn24me72.exactdn.com\/wp-content\/uploads\/2018\/12\/01-9.jpg?strip=all&amp;w=160 160w, https:\/\/e2wqn24me72.exactdn.com\/wp-content\/uploads\/2018\/12\/01-9.jpg?strip=all&amp;w=480 480w\" sizes=\"(max-width: 800px) 100vw, 800px\" \/> <img decoding=\"async\" class=\"alignnone size-full wp-image-24256\" src=\"https:\/\/e2wqn24me72.exactdn.com\/wp-content\/uploads\/2018\/12\/06-9.jpg?strip=all\" alt=\"\" width=\"800\" height=\"800\" title=\"\" srcset=\"https:\/\/e2wqn24me72.exactdn.com\/wp-content\/uploads\/2018\/12\/06-9.jpg?strip=all 800w, https:\/\/e2wqn24me72.exactdn.com\/wp-content\/uploads\/2018\/12\/06-9-300x300.jpg?strip=all 300w, https:\/\/e2wqn24me72.exactdn.com\/wp-content\/uploads\/2018\/12\/06-9-100x100.jpg?strip=all 100w, https:\/\/e2wqn24me72.exactdn.com\/wp-content\/uploads\/2018\/12\/06-9-600x600.jpg?strip=all 600w, https:\/\/e2wqn24me72.exactdn.com\/wp-content\/uploads\/2018\/12\/06-9.jpg?strip=all&amp;w=160 160w, https:\/\/e2wqn24me72.exactdn.com\/wp-content\/uploads\/2018\/12\/06-9.jpg?strip=all&amp;w=480 480w\" sizes=\"(max-width: 800px) 100vw, 800px\" \/> <img decoding=\"async\" class=\"alignnone size-full wp-image-24258\" src=\"https:\/\/e2wqn24me72.exactdn.com\/wp-content\/uploads\/2018\/12\/07-7.jpg?strip=all\" alt=\"\" width=\"800\" height=\"800\" title=\"\" srcset=\"https:\/\/e2wqn24me72.exactdn.com\/wp-content\/uploads\/2018\/12\/07-7.jpg?strip=all 800w, https:\/\/e2wqn24me72.exactdn.com\/wp-content\/uploads\/2018\/12\/07-7-300x300.jpg?strip=all 300w, https:\/\/e2wqn24me72.exactdn.com\/wp-content\/uploads\/2018\/12\/07-7-100x100.jpg?strip=all 100w, https:\/\/e2wqn24me72.exactdn.com\/wp-content\/uploads\/2018\/12\/07-7-600x600.jpg?strip=all 600w, https:\/\/e2wqn24me72.exactdn.com\/wp-content\/uploads\/2018\/12\/07-7.jpg?strip=all&amp;w=160 160w, https:\/\/e2wqn24me72.exactdn.com\/wp-content\/uploads\/2018\/12\/07-7.jpg?strip=all&amp;w=480 480w\" sizes=\"(max-width: 800px) 100vw, 800px\" \/> <img decoding=\"async\" class=\"alignnone size-full wp-image-24260\" src=\"https:\/\/e2wqn24me72.exactdn.com\/wp-content\/uploads\/2018\/12\/08-8.jpg?strip=all\" alt=\"\" width=\"800\" height=\"800\" title=\"\" srcset=\"https:\/\/e2wqn24me72.exactdn.com\/wp-content\/uploads\/2018\/12\/08-8.jpg?strip=all 800w, https:\/\/e2wqn24me72.exactdn.com\/wp-content\/uploads\/2018\/12\/08-8-300x300.jpg?strip=all 300w, https:\/\/e2wqn24me72.exactdn.com\/wp-content\/uploads\/2018\/12\/08-8-100x100.jpg?strip=all 100w, https:\/\/e2wqn24me72.exactdn.com\/wp-content\/uploads\/2018\/12\/08-8-600x600.jpg?strip=all 600w, https:\/\/e2wqn24me72.exactdn.com\/wp-content\/uploads\/2018\/12\/08-8.jpg?strip=all&amp;w=160 160w, https:\/\/e2wqn24me72.exactdn.com\/wp-content\/uploads\/2018\/12\/08-8.jpg?strip=all&amp;w=480 480w\" sizes=\"(max-width: 800px) 100vw, 800px\" \/> <img decoding=\"async\" class=\"alignnone size-full wp-image-24262\" src=\"https:\/\/e2wqn24me72.exactdn.com\/wp-content\/uploads\/2018\/12\/09-5.jpg?strip=all\" alt=\"\" width=\"800\" height=\"800\" title=\"\" srcset=\"https:\/\/e2wqn24me72.exactdn.com\/wp-content\/uploads\/2018\/12\/09-5.jpg?strip=all 800w, https:\/\/e2wqn24me72.exactdn.com\/wp-content\/uploads\/2018\/12\/09-5-300x300.jpg?strip=all 300w, https:\/\/e2wqn24me72.exactdn.com\/wp-content\/uploads\/2018\/12\/09-5-100x100.jpg?strip=all 100w, https:\/\/e2wqn24me72.exactdn.com\/wp-content\/uploads\/2018\/12\/09-5-600x600.jpg?strip=all 600w, https:\/\/e2wqn24me72.exactdn.com\/wp-content\/uploads\/2018\/12\/09-5.jpg?strip=all&amp;w=160 160w, https:\/\/e2wqn24me72.exactdn.com\/wp-content\/uploads\/2018\/12\/09-5.jpg?strip=all&amp;w=480 480w\" sizes=\"(max-width: 800px) 100vw, 800px\" \/> <img decoding=\"async\" class=\"alignnone size-full wp-image-24264\" src=\"https:\/\/e2wqn24me72.exactdn.com\/wp-content\/uploads\/2018\/12\/10-7.jpg?strip=all\" alt=\"\" width=\"800\" height=\"800\" title=\"\" srcset=\"https:\/\/e2wqn24me72.exactdn.com\/wp-content\/uploads\/2018\/12\/10-7.jpg?strip=all 800w, https:\/\/e2wqn24me72.exactdn.com\/wp-content\/uploads\/2018\/12\/10-7-300x300.jpg?strip=all 300w, https:\/\/e2wqn24me72.exactdn.com\/wp-content\/uploads\/2018\/12\/10-7-100x100.jpg?strip=all 100w, https:\/\/e2wqn24me72.exactdn.com\/wp-content\/uploads\/2018\/12\/10-7-600x600.jpg?strip=all 600w, https:\/\/e2wqn24me72.exactdn.com\/wp-content\/uploads\/2018\/12\/10-7.jpg?strip=all&amp;w=160 160w, https:\/\/e2wqn24me72.exactdn.com\/wp-content\/uploads\/2018\/12\/10-7.jpg?strip=all&amp;w=480 480w\" sizes=\"(max-width: 800px) 100vw, 800px\" \/><\/p>\n","protected":false},"excerpt":{"rendered":"<ul>\n<li>Material: cuero<\/li>\n<li>Color: como imagen<\/li>\n<li>Caracter\u00edstica: Cubierta magn\u00e9tica fuerte, extra\u00edble<\/li>\n<li>MOQ: 300 piezas \/ modelo, 50 piezas \/ color<\/li>\n<\/ul>\n","protected":false},"featured_media":24255,"template":"","meta":[],"product_brand":[],"product_cat":[274],"product_tag":[3660,3661,3659],"class_list":{"0":"post-24278","1":"product","2":"type-product","3":"status-publish","4":"has-post-thumbnail","6":"product_cat-estuches","7":"product_tag-estuche-con-cubierta-extraible","8":"product_tag-estuche-con-dibujo","9":"product_tag-estuche-de-cuero-magnetica","11":"first","12":"instock","13":"shipping-taxable","14":"product-type-simple"},"jetpack_sharing_enabled":true,"_links":{"self":[{"href":"https:\/\/www.mobile-well.com\/es\/wp-json\/wp\/v2\/product\/24278","targetHints":{"allow":["GET"]}}],"collection":[{"href":"https:\/\/www.mobile-well.com\/es\/wp-json\/wp\/v2\/product"}],"about":[{"href":"https:\/\/www.mobile-well.com\/es\/wp-json\/wp\/v2\/types\/product"}],"wp:featuredmedia":[{"embeddable":true,"href":"https:\/\/www.mobile-well.com\/es\/wp-json\/wp\/v2\/media\/24255"}],"wp:attachment":[{"href":"https:\/\/www.mobile-well.com\/es\/wp-json\/wp\/v2\/media?parent=24278"}],"wp:term":[{"taxonomy":"product_brand","embeddable":true,"href":"https:\/\/www.mobile-well.com\/es\/wp-json\/wp\/v2\/product_brand?post=24278"},{"taxonomy":"product_cat","embeddable":true,"href":"https:\/\/www.mobile-well.com\/es\/wp-json\/wp\/v2\/product_cat?post=24278"},{"taxonomy":"product_tag","embeddable":true,"href":"https:\/\/www.mobile-well.com\/es\/wp-json\/wp\/v2\/product_tag?post=24278"}],"curies":[{"name":"wp","href":"https:\/\/api.w.org\/{rel}","templated":true}]}}