{"id":24430,"date":"2018-12-28T16:57:41","date_gmt":"2018-12-28T08:57:41","guid":{"rendered":"https:\/\/www.mobile-well.com\/producto\/cable-de-carga-rapido-trenzado-del-algodon-colorido-al-por-mayor-de-la-fabrica\/"},"modified":"2018-12-28T16:57:41","modified_gmt":"2018-12-28T08:57:41","slug":"cable-de-carga-rapido-trenzado-del-algodon-colorido-al-por-mayor-de-la-fabrica","status":"publish","type":"product","link":"https:\/\/www.mobile-well.com\/es\/producto\/cable-de-carga-rapido-trenzado-del-algodon-colorido-al-por-mayor-de-la-fabrica\/","title":{"rendered":"Cable de carga r\u00e1pido trenzado del algod\u00f3n colorido al por mayor de la f\u00e1brica"},"content":{"rendered":"<p><img decoding=\"async\" class=\"alignnone size-full wp-image-24418\" src=\"https:\/\/e2wqn24me72.exactdn.com\/wp-content\/uploads\/2018\/12\/10-11.jpg?strip=all\" alt=\"\" width=\"800\" height=\"800\" title=\"\" srcset=\"https:\/\/e2wqn24me72.exactdn.com\/wp-content\/uploads\/2018\/12\/10-11.jpg?strip=all 800w, https:\/\/e2wqn24me72.exactdn.com\/wp-content\/uploads\/2018\/12\/10-11-300x300.jpg?strip=all 300w, https:\/\/e2wqn24me72.exactdn.com\/wp-content\/uploads\/2018\/12\/10-11-100x100.jpg?strip=all 100w, https:\/\/e2wqn24me72.exactdn.com\/wp-content\/uploads\/2018\/12\/10-11-600x600.jpg?strip=all 600w, https:\/\/e2wqn24me72.exactdn.com\/wp-content\/uploads\/2018\/12\/10-11.jpg?strip=all&amp;w=160 160w, https:\/\/e2wqn24me72.exactdn.com\/wp-content\/uploads\/2018\/12\/10-11.jpg?strip=all&amp;w=480 480w\" sizes=\"(max-width: 800px) 100vw, 800px\" \/> <img decoding=\"async\" width=\"800\" height=\"800\" class=\"alignnone size-full wp-image-24416\" src=\"https:\/\/e2wqn24me72.exactdn.com\/wp-content\/uploads\/2018\/12\/09-9.jpg?strip=all\" alt=\"\" title=\"\" srcset=\"https:\/\/e2wqn24me72.exactdn.com\/wp-content\/uploads\/2018\/12\/09-9.jpg?strip=all 800w, https:\/\/e2wqn24me72.exactdn.com\/wp-content\/uploads\/2018\/12\/09-9-300x300.jpg?strip=all 300w, https:\/\/e2wqn24me72.exactdn.com\/wp-content\/uploads\/2018\/12\/09-9-100x100.jpg?strip=all 100w, https:\/\/e2wqn24me72.exactdn.com\/wp-content\/uploads\/2018\/12\/09-9-600x600.jpg?strip=all 600w, https:\/\/e2wqn24me72.exactdn.com\/wp-content\/uploads\/2018\/12\/09-9.jpg?strip=all&amp;w=160 160w, https:\/\/e2wqn24me72.exactdn.com\/wp-content\/uploads\/2018\/12\/09-9.jpg?strip=all&amp;w=480 480w\" sizes=\"(max-width: 800px) 100vw, 800px\" \/> <img decoding=\"async\" width=\"800\" height=\"800\" class=\"alignnone size-full wp-image-24413\" src=\"https:\/\/e2wqn24me72.exactdn.com\/wp-content\/uploads\/2018\/12\/07-10.jpg?strip=all\" alt=\"\" title=\"\" srcset=\"https:\/\/e2wqn24me72.exactdn.com\/wp-content\/uploads\/2018\/12\/07-10.jpg?strip=all 800w, https:\/\/e2wqn24me72.exactdn.com\/wp-content\/uploads\/2018\/12\/07-10-300x300.jpg?strip=all 300w, https:\/\/e2wqn24me72.exactdn.com\/wp-content\/uploads\/2018\/12\/07-10-100x100.jpg?strip=all 100w, https:\/\/e2wqn24me72.exactdn.com\/wp-content\/uploads\/2018\/12\/07-10-600x600.jpg?strip=all 600w, https:\/\/e2wqn24me72.exactdn.com\/wp-content\/uploads\/2018\/12\/07-10.jpg?strip=all&amp;w=160 160w, https:\/\/e2wqn24me72.exactdn.com\/wp-content\/uploads\/2018\/12\/07-10.jpg?strip=all&amp;w=480 480w\" sizes=\"(max-width: 800px) 100vw, 800px\" \/><\/p>\n","protected":false},"excerpt":{"rendered":"<ul>\n<li>Producto No: SMS-SH-B089<\/li>\n<li>Material: Algod\u00f3n<\/li>\n<li>Alambre de cobre: carga: datos 35 * 2: 15 * 2<\/li>\n<li>Potencia de salida: 2A<\/li>\n<li>Longitud del cable: 120 cm<\/li>\n<\/ul>\n","protected":false},"featured_media":24419,"template":"","meta":[],"product_brand":[],"product_cat":[79],"product_tag":[3705,3704],"class_list":{"0":"post-24430","1":"product","2":"type-product","3":"status-publish","4":"has-post-thumbnail","6":"product_cat-cables","7":"product_tag-cable-de-carga-colorido","8":"product_tag-cable-de-carga-rapido","10":"first","11":"instock","12":"shipping-taxable","13":"product-type-simple"},"jetpack_sharing_enabled":true,"_links":{"self":[{"href":"https:\/\/www.mobile-well.com\/es\/wp-json\/wp\/v2\/product\/24430","targetHints":{"allow":["GET"]}}],"collection":[{"href":"https:\/\/www.mobile-well.com\/es\/wp-json\/wp\/v2\/product"}],"about":[{"href":"https:\/\/www.mobile-well.com\/es\/wp-json\/wp\/v2\/types\/product"}],"wp:featuredmedia":[{"embeddable":true,"href":"https:\/\/www.mobile-well.com\/es\/wp-json\/wp\/v2\/media\/24419"}],"wp:attachment":[{"href":"https:\/\/www.mobile-well.com\/es\/wp-json\/wp\/v2\/media?parent=24430"}],"wp:term":[{"taxonomy":"product_brand","embeddable":true,"href":"https:\/\/www.mobile-well.com\/es\/wp-json\/wp\/v2\/product_brand?post=24430"},{"taxonomy":"product_cat","embeddable":true,"href":"https:\/\/www.mobile-well.com\/es\/wp-json\/wp\/v2\/product_cat?post=24430"},{"taxonomy":"product_tag","embeddable":true,"href":"https:\/\/www.mobile-well.com\/es\/wp-json\/wp\/v2\/product_tag?post=24430"}],"curies":[{"name":"wp","href":"https:\/\/api.w.org\/{rel}","templated":true}]}}