{"id":26559,"date":"2019-03-05T16:11:34","date_gmt":"2019-03-05T08:11:34","guid":{"rendered":"https:\/\/www.mobile-well.com\/producto\/audifono-inalambrico-sms-cj07-tipo-vincha-con-microfono-y-sonido-estereo\/"},"modified":"2019-03-05T16:11:34","modified_gmt":"2019-03-05T08:11:34","slug":"audifono-inalambrico-sms-cj07-tipo-vincha-con-microfono-y-sonido-estereo","status":"publish","type":"product","link":"https:\/\/www.mobile-well.com\/es\/producto\/audifono-inalambrico-sms-cj07-tipo-vincha-con-microfono-y-sonido-estereo\/","title":{"rendered":"Audifono inal\u00e1mbrico SMS-CJ07 tipo vincha con microfono y sonido estereo"},"content":{"rendered":"<p><img decoding=\"async\" class=\"alignnone size-full wp-image-26458\" src=\"https:\/\/e2wqn24me72.exactdn.com\/wp-content\/uploads\/2019\/03\/01-1.jpg?strip=all\" alt=\"\" width=\"800\" height=\"800\" title=\"\" srcset=\"https:\/\/e2wqn24me72.exactdn.com\/wp-content\/uploads\/2019\/03\/01-1.jpg?strip=all 800w, https:\/\/e2wqn24me72.exactdn.com\/wp-content\/uploads\/2019\/03\/01-1-300x300.jpg?strip=all 300w, https:\/\/e2wqn24me72.exactdn.com\/wp-content\/uploads\/2019\/03\/01-1-100x100.jpg?strip=all 100w, https:\/\/e2wqn24me72.exactdn.com\/wp-content\/uploads\/2019\/03\/01-1-600x600.jpg?strip=all 600w, https:\/\/e2wqn24me72.exactdn.com\/wp-content\/uploads\/2019\/03\/01-1.jpg?strip=all&amp;w=160 160w, https:\/\/e2wqn24me72.exactdn.com\/wp-content\/uploads\/2019\/03\/01-1.jpg?strip=all&amp;w=480 480w\" sizes=\"(max-width: 800px) 100vw, 800px\" \/> <img decoding=\"async\" class=\"alignnone size-full wp-image-26460\" src=\"https:\/\/e2wqn24me72.exactdn.com\/wp-content\/uploads\/2019\/03\/06-2.jpg?strip=all\" alt=\"\" width=\"800\" height=\"800\" title=\"\" srcset=\"https:\/\/e2wqn24me72.exactdn.com\/wp-content\/uploads\/2019\/03\/06-2.jpg?strip=all 800w, https:\/\/e2wqn24me72.exactdn.com\/wp-content\/uploads\/2019\/03\/06-2-300x300.jpg?strip=all 300w, https:\/\/e2wqn24me72.exactdn.com\/wp-content\/uploads\/2019\/03\/06-2-100x100.jpg?strip=all 100w, https:\/\/e2wqn24me72.exactdn.com\/wp-content\/uploads\/2019\/03\/06-2-600x600.jpg?strip=all 600w, https:\/\/e2wqn24me72.exactdn.com\/wp-content\/uploads\/2019\/03\/06-2.jpg?strip=all&amp;w=160 160w, https:\/\/e2wqn24me72.exactdn.com\/wp-content\/uploads\/2019\/03\/06-2.jpg?strip=all&amp;w=480 480w\" sizes=\"(max-width: 800px) 100vw, 800px\" \/> <img decoding=\"async\" class=\"alignnone size-full wp-image-26462\" src=\"https:\/\/e2wqn24me72.exactdn.com\/wp-content\/uploads\/2019\/03\/12-1.jpg?strip=all\" alt=\"\" width=\"800\" height=\"800\" title=\"\" srcset=\"https:\/\/e2wqn24me72.exactdn.com\/wp-content\/uploads\/2019\/03\/12-1.jpg?strip=all 800w, https:\/\/e2wqn24me72.exactdn.com\/wp-content\/uploads\/2019\/03\/12-1-300x300.jpg?strip=all 300w, https:\/\/e2wqn24me72.exactdn.com\/wp-content\/uploads\/2019\/03\/12-1-100x100.jpg?strip=all 100w, https:\/\/e2wqn24me72.exactdn.com\/wp-content\/uploads\/2019\/03\/12-1-600x600.jpg?strip=all 600w, https:\/\/e2wqn24me72.exactdn.com\/wp-content\/uploads\/2019\/03\/12-1.jpg?strip=all&amp;w=160 160w, https:\/\/e2wqn24me72.exactdn.com\/wp-content\/uploads\/2019\/03\/12-1.jpg?strip=all&amp;w=480 480w\" sizes=\"(max-width: 800px) 100vw, 800px\" \/> <img decoding=\"async\" class=\"alignnone size-full wp-image-26464\" src=\"https:\/\/e2wqn24me72.exactdn.com\/wp-content\/uploads\/2019\/03\/15.jpg?strip=all\" alt=\"\" width=\"800\" height=\"800\" title=\"\" srcset=\"https:\/\/e2wqn24me72.exactdn.com\/wp-content\/uploads\/2019\/03\/15.jpg?strip=all 800w, https:\/\/e2wqn24me72.exactdn.com\/wp-content\/uploads\/2019\/03\/15-300x300.jpg?strip=all 300w, https:\/\/e2wqn24me72.exactdn.com\/wp-content\/uploads\/2019\/03\/15-100x100.jpg?strip=all 100w, https:\/\/e2wqn24me72.exactdn.com\/wp-content\/uploads\/2019\/03\/15-600x600.jpg?strip=all 600w, https:\/\/e2wqn24me72.exactdn.com\/wp-content\/uploads\/2019\/03\/15.jpg?strip=all&amp;w=160 160w, https:\/\/e2wqn24me72.exactdn.com\/wp-content\/uploads\/2019\/03\/15.jpg?strip=all&amp;w=480 480w\" sizes=\"(max-width: 800px) 100vw, 800px\" \/> <img decoding=\"async\" class=\"alignnone size-full wp-image-26466\" src=\"https:\/\/e2wqn24me72.exactdn.com\/wp-content\/uploads\/2019\/03\/17.jpg?strip=all\" alt=\"\" width=\"800\" height=\"800\" title=\"\" srcset=\"https:\/\/e2wqn24me72.exactdn.com\/wp-content\/uploads\/2019\/03\/17.jpg?strip=all 800w, https:\/\/e2wqn24me72.exactdn.com\/wp-content\/uploads\/2019\/03\/17-300x300.jpg?strip=all 300w, https:\/\/e2wqn24me72.exactdn.com\/wp-content\/uploads\/2019\/03\/17-100x100.jpg?strip=all 100w, https:\/\/e2wqn24me72.exactdn.com\/wp-content\/uploads\/2019\/03\/17-600x600.jpg?strip=all 600w, https:\/\/e2wqn24me72.exactdn.com\/wp-content\/uploads\/2019\/03\/17.jpg?strip=all&amp;w=160 160w, https:\/\/e2wqn24me72.exactdn.com\/wp-content\/uploads\/2019\/03\/17.jpg?strip=all&amp;w=480 480w\" sizes=\"(max-width: 800px) 100vw, 800px\" \/> <img decoding=\"async\" class=\"alignnone size-full wp-image-26468\" src=\"https:\/\/e2wqn24me72.exactdn.com\/wp-content\/uploads\/2019\/03\/18.jpg?strip=all\" alt=\"\" width=\"800\" height=\"800\" title=\"\" srcset=\"https:\/\/e2wqn24me72.exactdn.com\/wp-content\/uploads\/2019\/03\/18.jpg?strip=all 800w, https:\/\/e2wqn24me72.exactdn.com\/wp-content\/uploads\/2019\/03\/18-300x300.jpg?strip=all 300w, https:\/\/e2wqn24me72.exactdn.com\/wp-content\/uploads\/2019\/03\/18-100x100.jpg?strip=all 100w, https:\/\/e2wqn24me72.exactdn.com\/wp-content\/uploads\/2019\/03\/18-600x600.jpg?strip=all 600w, https:\/\/e2wqn24me72.exactdn.com\/wp-content\/uploads\/2019\/03\/18.jpg?strip=all&amp;w=160 160w, https:\/\/e2wqn24me72.exactdn.com\/wp-content\/uploads\/2019\/03\/18.jpg?strip=all&amp;w=480 480w\" sizes=\"(max-width: 800px) 100vw, 800px\" \/><\/p>\n","protected":false},"excerpt":{"rendered":"<ul>\n<li>Marca: Somostel<\/li>\n<li>Modelo: SMS-CJ07<\/li>\n<li>Color: Negro, Rojo, Siliver, Azul, Dorado<\/li>\n<li>Capacidad de la bater\u00eda: bater\u00eda recargable de pol\u00edmero de 200mAh<\/li>\n<li>Respuesta de frecuencia: 20-20 KHz<\/li>\n<li>Distancia de transmisi\u00f3n: 10 metros<\/li>\n<li>Sensetividad: 117 \u00b1 3db<\/li>\n<li>Versi\u00f3n BT: BT V5.0 + EDR<\/li>\n<li>Impedancia: 32\u03a9<\/li>\n<li>Duraci\u00f3n de la bater\u00eda: 6 horas<\/li>\n<li>Jack de audio: minijack 3.5MM<\/li>\n<li>Tiempo en espera: 180 horas<\/li>\n<\/ul>\n","protected":false},"featured_media":26467,"template":"","meta":[],"product_brand":[],"product_cat":[3017],"product_tag":[4156,4155,4154],"class_list":{"0":"post-26559","1":"product","2":"type-product","3":"status-publish","4":"has-post-thumbnail","6":"product_cat-auriculares","7":"product_tag-audifono-con-microfono","8":"product_tag-audifono-inalambrico-cancelacion-de-estereo","9":"product_tag-audifono-inalambrico-recubierto-de-goma","11":"first","12":"instock","13":"shipping-taxable","14":"product-type-simple"},"jetpack_sharing_enabled":true,"_links":{"self":[{"href":"https:\/\/www.mobile-well.com\/es\/wp-json\/wp\/v2\/product\/26559","targetHints":{"allow":["GET"]}}],"collection":[{"href":"https:\/\/www.mobile-well.com\/es\/wp-json\/wp\/v2\/product"}],"about":[{"href":"https:\/\/www.mobile-well.com\/es\/wp-json\/wp\/v2\/types\/product"}],"wp:featuredmedia":[{"embeddable":true,"href":"https:\/\/www.mobile-well.com\/es\/wp-json\/wp\/v2\/media\/26467"}],"wp:attachment":[{"href":"https:\/\/www.mobile-well.com\/es\/wp-json\/wp\/v2\/media?parent=26559"}],"wp:term":[{"taxonomy":"product_brand","embeddable":true,"href":"https:\/\/www.mobile-well.com\/es\/wp-json\/wp\/v2\/product_brand?post=26559"},{"taxonomy":"product_cat","embeddable":true,"href":"https:\/\/www.mobile-well.com\/es\/wp-json\/wp\/v2\/product_cat?post=26559"},{"taxonomy":"product_tag","embeddable":true,"href":"https:\/\/www.mobile-well.com\/es\/wp-json\/wp\/v2\/product_tag?post=26559"}],"curies":[{"name":"wp","href":"https:\/\/api.w.org\/{rel}","templated":true}]}}