{"id":27011,"date":"2019-04-12T16:44:45","date_gmt":"2019-04-12T08:44:45","guid":{"rendered":"https:\/\/www.mobile-well.com\/producto\/el-banco-de-energia-portatil-de-gran-capacidad-permite-cargar-2-dispositivos-simultaneamente\/"},"modified":"2019-04-12T16:44:45","modified_gmt":"2019-04-12T08:44:45","slug":"el-banco-de-energia-portatil-de-gran-capacidad-permite-cargar-2-dispositivos-simultaneamente","status":"publish","type":"product","link":"https:\/\/www.mobile-well.com\/es\/producto\/el-banco-de-energia-portatil-de-gran-capacidad-permite-cargar-2-dispositivos-simultaneamente\/","title":{"rendered":"El banco de energ\u00eda port\u00e1til de gran capacidad permite cargar 2 dispositivos simult\u00e1neamente"},"content":{"rendered":"<p><img decoding=\"async\" class=\"alignnone size-full wp-image-26965\" src=\"https:\/\/e2wqn24me72.exactdn.com\/wp-content\/uploads\/2019\/04\/02-3.jpg?strip=all\" alt=\"\" width=\"800\" height=\"800\" title=\"\" srcset=\"https:\/\/e2wqn24me72.exactdn.com\/wp-content\/uploads\/2019\/04\/02-3.jpg?strip=all 800w, https:\/\/e2wqn24me72.exactdn.com\/wp-content\/uploads\/2019\/04\/02-3-300x300.jpg?strip=all 300w, https:\/\/e2wqn24me72.exactdn.com\/wp-content\/uploads\/2019\/04\/02-3-100x100.jpg?strip=all 100w, https:\/\/e2wqn24me72.exactdn.com\/wp-content\/uploads\/2019\/04\/02-3-600x600.jpg?strip=all 600w, https:\/\/e2wqn24me72.exactdn.com\/wp-content\/uploads\/2019\/04\/02-3.jpg?strip=all&amp;w=160 160w, https:\/\/e2wqn24me72.exactdn.com\/wp-content\/uploads\/2019\/04\/02-3.jpg?strip=all&amp;w=480 480w\" sizes=\"(max-width: 800px) 100vw, 800px\" \/> <img decoding=\"async\" class=\"alignnone size-full wp-image-26975\" src=\"https:\/\/e2wqn24me72.exactdn.com\/wp-content\/uploads\/2019\/04\/12-2.jpg?strip=all\" alt=\"\" width=\"800\" height=\"800\" title=\"\" srcset=\"https:\/\/e2wqn24me72.exactdn.com\/wp-content\/uploads\/2019\/04\/12-2.jpg?strip=all 800w, https:\/\/e2wqn24me72.exactdn.com\/wp-content\/uploads\/2019\/04\/12-2-300x300.jpg?strip=all 300w, https:\/\/e2wqn24me72.exactdn.com\/wp-content\/uploads\/2019\/04\/12-2-100x100.jpg?strip=all 100w, https:\/\/e2wqn24me72.exactdn.com\/wp-content\/uploads\/2019\/04\/12-2-600x600.jpg?strip=all 600w, https:\/\/e2wqn24me72.exactdn.com\/wp-content\/uploads\/2019\/04\/12-2.jpg?strip=all&amp;w=160 160w, https:\/\/e2wqn24me72.exactdn.com\/wp-content\/uploads\/2019\/04\/12-2.jpg?strip=all&amp;w=480 480w\" sizes=\"(max-width: 800px) 100vw, 800px\" \/> <img decoding=\"async\" class=\"alignnone size-full wp-image-26973\" src=\"https:\/\/e2wqn24me72.exactdn.com\/wp-content\/uploads\/2019\/04\/11-2.jpg?strip=all\" alt=\"\" width=\"800\" height=\"800\" title=\"\" srcset=\"https:\/\/e2wqn24me72.exactdn.com\/wp-content\/uploads\/2019\/04\/11-2.jpg?strip=all 800w, https:\/\/e2wqn24me72.exactdn.com\/wp-content\/uploads\/2019\/04\/11-2-300x300.jpg?strip=all 300w, https:\/\/e2wqn24me72.exactdn.com\/wp-content\/uploads\/2019\/04\/11-2-100x100.jpg?strip=all 100w, https:\/\/e2wqn24me72.exactdn.com\/wp-content\/uploads\/2019\/04\/11-2-600x600.jpg?strip=all 600w, https:\/\/e2wqn24me72.exactdn.com\/wp-content\/uploads\/2019\/04\/11-2.jpg?strip=all&amp;w=160 160w, https:\/\/e2wqn24me72.exactdn.com\/wp-content\/uploads\/2019\/04\/11-2.jpg?strip=all&amp;w=480 480w\" sizes=\"(max-width: 800px) 100vw, 800px\" \/> <img decoding=\"async\" class=\"alignnone size-full wp-image-26969\" src=\"https:\/\/e2wqn24me72.exactdn.com\/wp-content\/uploads\/2019\/04\/04-3.jpg?strip=all\" alt=\"\" width=\"800\" height=\"800\" title=\"\" srcset=\"https:\/\/e2wqn24me72.exactdn.com\/wp-content\/uploads\/2019\/04\/04-3.jpg?strip=all 800w, https:\/\/e2wqn24me72.exactdn.com\/wp-content\/uploads\/2019\/04\/04-3-300x300.jpg?strip=all 300w, https:\/\/e2wqn24me72.exactdn.com\/wp-content\/uploads\/2019\/04\/04-3-100x100.jpg?strip=all 100w, https:\/\/e2wqn24me72.exactdn.com\/wp-content\/uploads\/2019\/04\/04-3-600x600.jpg?strip=all 600w, https:\/\/e2wqn24me72.exactdn.com\/wp-content\/uploads\/2019\/04\/04-3.jpg?strip=all&amp;w=160 160w, https:\/\/e2wqn24me72.exactdn.com\/wp-content\/uploads\/2019\/04\/04-3.jpg?strip=all&amp;w=480 480w\" sizes=\"(max-width: 800px) 100vw, 800px\" \/><\/p>\n","protected":false},"excerpt":{"rendered":"<ul>\n<li>Marca: Somostel<\/li>\n<li>Nombre: 4 puertos bancos de energ\u00eda<\/li>\n<li>Modelo: SMS-DY05<\/li>\n<li>Color: marr\u00f3n, negro, coral oscuro, azul azulado<\/li>\n<li>Entrada: DC5V \/ 2.0A Max<\/li>\n<li>Salida: DC5V \/ 2.0A Max<\/li>\n<li>Tama\u00f1o del producto: 71 * 16 * 143 mm 2.8 * 0.63 * 5.63 pulgadas<\/li>\n<li>Producto N.W: 207g<\/li>\n<li>Capacidad: 10000mAh<\/li>\n<\/ul>\n","protected":false},"featured_media":26974,"template":"","meta":[],"product_brand":[],"product_cat":[],"product_tag":[],"class_list":{"0":"post-27011","1":"product","2":"type-product","3":"status-publish","4":"has-post-thumbnail","7":"first","8":"instock","9":"shipping-taxable","10":"product-type-simple"},"jetpack_sharing_enabled":true,"_links":{"self":[{"href":"https:\/\/www.mobile-well.com\/es\/wp-json\/wp\/v2\/product\/27011","targetHints":{"allow":["GET"]}}],"collection":[{"href":"https:\/\/www.mobile-well.com\/es\/wp-json\/wp\/v2\/product"}],"about":[{"href":"https:\/\/www.mobile-well.com\/es\/wp-json\/wp\/v2\/types\/product"}],"wp:featuredmedia":[{"embeddable":true,"href":"https:\/\/www.mobile-well.com\/es\/wp-json\/wp\/v2\/media\/26974"}],"wp:attachment":[{"href":"https:\/\/www.mobile-well.com\/es\/wp-json\/wp\/v2\/media?parent=27011"}],"wp:term":[{"taxonomy":"product_brand","embeddable":true,"href":"https:\/\/www.mobile-well.com\/es\/wp-json\/wp\/v2\/product_brand?post=27011"},{"taxonomy":"product_cat","embeddable":true,"href":"https:\/\/www.mobile-well.com\/es\/wp-json\/wp\/v2\/product_cat?post=27011"},{"taxonomy":"product_tag","embeddable":true,"href":"https:\/\/www.mobile-well.com\/es\/wp-json\/wp\/v2\/product_tag?post=27011"}],"curies":[{"name":"wp","href":"https:\/\/api.w.org\/{rel}","templated":true}]}}