{"id":32182,"date":"2019-07-05T14:35:43","date_gmt":"2019-07-05T06:35:43","guid":{"rendered":"https:\/\/www.mobile-well.com\/producto\/brillo-cascara-del-telefono-arenas-movedizas-liquido-en-hermoso-dibujo-para-lg-g7\/"},"modified":"2019-07-08T16:32:34","modified_gmt":"2019-07-08T08:32:34","slug":"brillo-cascara-del-telefono-arenas-movedizas-liquido-en-hermoso-dibujo-para-lg-g7","status":"publish","type":"product","link":"https:\/\/www.mobile-well.com\/es\/producto\/brillo-cascara-del-telefono-arenas-movedizas-liquido-en-hermoso-dibujo-para-lg-g7\/","title":{"rendered":"Brillo c\u00e1scara del tel\u00e9fono arenas movedizas l\u00edquido en hermoso dibujo para LG G7"},"content":{"rendered":"<p><img decoding=\"async\" class=\"alignnone size-full wp-image-31437\" src=\"https:\/\/e2wqn24me72.exactdn.com\/wp-content\/uploads\/2019\/07\/16-1.jpg?strip=all\" alt=\"\" width=\"800\" height=\"800\" title=\"\" srcset=\"https:\/\/e2wqn24me72.exactdn.com\/wp-content\/uploads\/2019\/07\/16-1.jpg?strip=all 800w, https:\/\/e2wqn24me72.exactdn.com\/wp-content\/uploads\/2019\/07\/16-1-300x300.jpg?strip=all 300w, https:\/\/e2wqn24me72.exactdn.com\/wp-content\/uploads\/2019\/07\/16-1-100x100.jpg?strip=all 100w, https:\/\/e2wqn24me72.exactdn.com\/wp-content\/uploads\/2019\/07\/16-1-600x600.jpg?strip=all 600w, https:\/\/e2wqn24me72.exactdn.com\/wp-content\/uploads\/2019\/07\/16-1.jpg?strip=all&amp;w=160 160w, https:\/\/e2wqn24me72.exactdn.com\/wp-content\/uploads\/2019\/07\/16-1.jpg?strip=all&amp;w=480 480w\" sizes=\"(max-width: 800px) 100vw, 800px\" \/> <img decoding=\"async\" class=\"alignnone size-full wp-image-31435\" src=\"https:\/\/e2wqn24me72.exactdn.com\/wp-content\/uploads\/2019\/07\/21.jpg?strip=all\" alt=\"\" width=\"800\" height=\"800\" title=\"\" srcset=\"https:\/\/e2wqn24me72.exactdn.com\/wp-content\/uploads\/2019\/07\/21.jpg?strip=all 800w, https:\/\/e2wqn24me72.exactdn.com\/wp-content\/uploads\/2019\/07\/21-300x300.jpg?strip=all 300w, https:\/\/e2wqn24me72.exactdn.com\/wp-content\/uploads\/2019\/07\/21-100x100.jpg?strip=all 100w, https:\/\/e2wqn24me72.exactdn.com\/wp-content\/uploads\/2019\/07\/21-600x600.jpg?strip=all 600w, https:\/\/e2wqn24me72.exactdn.com\/wp-content\/uploads\/2019\/07\/21.jpg?strip=all&amp;w=160 160w, https:\/\/e2wqn24me72.exactdn.com\/wp-content\/uploads\/2019\/07\/21.jpg?strip=all&amp;w=480 480w\" sizes=\"(max-width: 800px) 100vw, 800px\" \/> <img decoding=\"async\" class=\"alignnone size-full wp-image-31433\" src=\"https:\/\/e2wqn24me72.exactdn.com\/wp-content\/uploads\/2019\/07\/20.jpg?strip=all\" alt=\"\" width=\"800\" height=\"800\" title=\"\" srcset=\"https:\/\/e2wqn24me72.exactdn.com\/wp-content\/uploads\/2019\/07\/20.jpg?strip=all 800w, https:\/\/e2wqn24me72.exactdn.com\/wp-content\/uploads\/2019\/07\/20-300x300.jpg?strip=all 300w, https:\/\/e2wqn24me72.exactdn.com\/wp-content\/uploads\/2019\/07\/20-100x100.jpg?strip=all 100w, https:\/\/e2wqn24me72.exactdn.com\/wp-content\/uploads\/2019\/07\/20-600x600.jpg?strip=all 600w, https:\/\/e2wqn24me72.exactdn.com\/wp-content\/uploads\/2019\/07\/20.jpg?strip=all&amp;w=160 160w, https:\/\/e2wqn24me72.exactdn.com\/wp-content\/uploads\/2019\/07\/20.jpg?strip=all&amp;w=480 480w\" sizes=\"(max-width: 800px) 100vw, 800px\" \/> <img decoding=\"async\" class=\"alignnone size-full wp-image-31431\" src=\"https:\/\/e2wqn24me72.exactdn.com\/wp-content\/uploads\/2019\/07\/17-1.jpg?strip=all\" alt=\"\" width=\"800\" height=\"800\" title=\"\" srcset=\"https:\/\/e2wqn24me72.exactdn.com\/wp-content\/uploads\/2019\/07\/17-1.jpg?strip=all 800w, https:\/\/e2wqn24me72.exactdn.com\/wp-content\/uploads\/2019\/07\/17-1-300x300.jpg?strip=all 300w, https:\/\/e2wqn24me72.exactdn.com\/wp-content\/uploads\/2019\/07\/17-1-100x100.jpg?strip=all 100w, https:\/\/e2wqn24me72.exactdn.com\/wp-content\/uploads\/2019\/07\/17-1-600x600.jpg?strip=all 600w, https:\/\/e2wqn24me72.exactdn.com\/wp-content\/uploads\/2019\/07\/17-1.jpg?strip=all&amp;w=160 160w, https:\/\/e2wqn24me72.exactdn.com\/wp-content\/uploads\/2019\/07\/17-1.jpg?strip=all&amp;w=480 480w\" sizes=\"(max-width: 800px) 100vw, 800px\" \/> <img decoding=\"async\" class=\"alignnone size-full wp-image-31429\" src=\"https:\/\/e2wqn24me72.exactdn.com\/wp-content\/uploads\/2019\/07\/13-3.jpg?strip=all\" alt=\"\" width=\"800\" height=\"800\" title=\"\" srcset=\"https:\/\/e2wqn24me72.exactdn.com\/wp-content\/uploads\/2019\/07\/13-3.jpg?strip=all 800w, https:\/\/e2wqn24me72.exactdn.com\/wp-content\/uploads\/2019\/07\/13-3-300x300.jpg?strip=all 300w, https:\/\/e2wqn24me72.exactdn.com\/wp-content\/uploads\/2019\/07\/13-3-100x100.jpg?strip=all 100w, https:\/\/e2wqn24me72.exactdn.com\/wp-content\/uploads\/2019\/07\/13-3-600x600.jpg?strip=all 600w, https:\/\/e2wqn24me72.exactdn.com\/wp-content\/uploads\/2019\/07\/13-3.jpg?strip=all&amp;w=160 160w, https:\/\/e2wqn24me72.exactdn.com\/wp-content\/uploads\/2019\/07\/13-3.jpg?strip=all&amp;w=480 480w\" sizes=\"(max-width: 800px) 100vw, 800px\" \/> <img decoding=\"async\" class=\"alignnone size-full wp-image-31427\" src=\"https:\/\/e2wqn24me72.exactdn.com\/wp-content\/uploads\/2019\/07\/06-3.jpg?strip=all\" alt=\"\" width=\"800\" height=\"800\" title=\"\" srcset=\"https:\/\/e2wqn24me72.exactdn.com\/wp-content\/uploads\/2019\/07\/06-3.jpg?strip=all 800w, https:\/\/e2wqn24me72.exactdn.com\/wp-content\/uploads\/2019\/07\/06-3-300x300.jpg?strip=all 300w, https:\/\/e2wqn24me72.exactdn.com\/wp-content\/uploads\/2019\/07\/06-3-100x100.jpg?strip=all 100w, https:\/\/e2wqn24me72.exactdn.com\/wp-content\/uploads\/2019\/07\/06-3-600x600.jpg?strip=all 600w, https:\/\/e2wqn24me72.exactdn.com\/wp-content\/uploads\/2019\/07\/06-3.jpg?strip=all&amp;w=160 160w, https:\/\/e2wqn24me72.exactdn.com\/wp-content\/uploads\/2019\/07\/06-3.jpg?strip=all&amp;w=480 480w\" sizes=\"(max-width: 800px) 100vw, 800px\" \/><\/p>\n","protected":false},"excerpt":{"rendered":"<ul>\n<li>Material: TPU<\/li>\n<li>Color: como imagen<\/li>\n<li>Artesan\u00eda: \u00f3leo brillante + dibujo.<\/li>\n<li>MOQ: 200 piezas \/ modelo, 50 piezas \/ patr\u00f3n<\/li>\n<\/ul>\n","protected":false},"featured_media":31430,"template":"","meta":[],"product_brand":[],"product_cat":[77],"product_tag":[4970,4971],"class_list":{"0":"post-32182","1":"product","2":"type-product","3":"status-publish","4":"has-post-thumbnail","6":"product_cat-fundas","7":"product_tag-brillo-cascara-del-telefono-arenas-movedizas-liquido","8":"product_tag-cascara-del-telefono-en-hermoso-dibujo","10":"first","11":"instock","12":"shipping-taxable","13":"product-type-simple"},"jetpack_sharing_enabled":true,"_links":{"self":[{"href":"https:\/\/www.mobile-well.com\/es\/wp-json\/wp\/v2\/product\/32182","targetHints":{"allow":["GET"]}}],"collection":[{"href":"https:\/\/www.mobile-well.com\/es\/wp-json\/wp\/v2\/product"}],"about":[{"href":"https:\/\/www.mobile-well.com\/es\/wp-json\/wp\/v2\/types\/product"}],"wp:featuredmedia":[{"embeddable":true,"href":"https:\/\/www.mobile-well.com\/es\/wp-json\/wp\/v2\/media\/31430"}],"wp:attachment":[{"href":"https:\/\/www.mobile-well.com\/es\/wp-json\/wp\/v2\/media?parent=32182"}],"wp:term":[{"taxonomy":"product_brand","embeddable":true,"href":"https:\/\/www.mobile-well.com\/es\/wp-json\/wp\/v2\/product_brand?post=32182"},{"taxonomy":"product_cat","embeddable":true,"href":"https:\/\/www.mobile-well.com\/es\/wp-json\/wp\/v2\/product_cat?post=32182"},{"taxonomy":"product_tag","embeddable":true,"href":"https:\/\/www.mobile-well.com\/es\/wp-json\/wp\/v2\/product_tag?post=32182"}],"curies":[{"name":"wp","href":"https:\/\/api.w.org\/{rel}","templated":true}]}}