{"id":35156,"date":"2019-08-21T18:11:35","date_gmt":"2019-08-21T10:11:35","guid":{"rendered":"https:\/\/www.mobile-well.com\/producto\/parlante-electroplasting-altavoz-inalambrico-de-lijo-con-sonido-perfecto\/"},"modified":"2019-08-21T18:46:54","modified_gmt":"2019-08-21T10:46:54","slug":"parlante-electroplasting-altavoz-inalambrico-de-lijo-con-sonido-perfecto","status":"publish","type":"product","link":"https:\/\/www.mobile-well.com\/es\/producto\/parlante-electroplasting-altavoz-inalambrico-de-lijo-con-sonido-perfecto\/","title":{"rendered":"parlante electroplasting altavoz inal\u00e1mbrico de lijo con sonido perfecto"},"content":{"rendered":"<p><img decoding=\"async\" class=\"alignnone size-full wp-image-35111\" src=\"https:\/\/e2wqn24me72.exactdn.com\/wp-content\/uploads\/2019\/08\/02-23.jpg?strip=all\" alt=\"\" width=\"800\" height=\"800\" title=\"\" srcset=\"https:\/\/e2wqn24me72.exactdn.com\/wp-content\/uploads\/2019\/08\/02-23.jpg?strip=all 800w, https:\/\/e2wqn24me72.exactdn.com\/wp-content\/uploads\/2019\/08\/02-23-300x300.jpg?strip=all 300w, https:\/\/e2wqn24me72.exactdn.com\/wp-content\/uploads\/2019\/08\/02-23-100x100.jpg?strip=all 100w, https:\/\/e2wqn24me72.exactdn.com\/wp-content\/uploads\/2019\/08\/02-23-600x600.jpg?strip=all 600w, https:\/\/e2wqn24me72.exactdn.com\/wp-content\/uploads\/2019\/08\/02-23.jpg?strip=all&amp;w=160 160w, https:\/\/e2wqn24me72.exactdn.com\/wp-content\/uploads\/2019\/08\/02-23.jpg?strip=all&amp;w=480 480w\" sizes=\"(max-width: 800px) 100vw, 800px\" \/> <img decoding=\"async\" class=\"alignnone size-full wp-image-35125\" src=\"https:\/\/e2wqn24me72.exactdn.com\/wp-content\/uploads\/2019\/08\/10-18.jpg?strip=all\" alt=\"\" width=\"800\" height=\"800\" title=\"\" srcset=\"https:\/\/e2wqn24me72.exactdn.com\/wp-content\/uploads\/2019\/08\/10-18.jpg?strip=all 800w, https:\/\/e2wqn24me72.exactdn.com\/wp-content\/uploads\/2019\/08\/10-18-300x300.jpg?strip=all 300w, https:\/\/e2wqn24me72.exactdn.com\/wp-content\/uploads\/2019\/08\/10-18-100x100.jpg?strip=all 100w, https:\/\/e2wqn24me72.exactdn.com\/wp-content\/uploads\/2019\/08\/10-18-600x600.jpg?strip=all 600w, https:\/\/e2wqn24me72.exactdn.com\/wp-content\/uploads\/2019\/08\/10-18.jpg?strip=all&amp;w=160 160w, https:\/\/e2wqn24me72.exactdn.com\/wp-content\/uploads\/2019\/08\/10-18.jpg?strip=all&amp;w=480 480w\" sizes=\"(max-width: 800px) 100vw, 800px\" \/> <img decoding=\"async\" class=\"alignnone size-full wp-image-35123\" src=\"https:\/\/e2wqn24me72.exactdn.com\/wp-content\/uploads\/2019\/08\/09-23.jpg?strip=all\" alt=\"\" width=\"800\" height=\"800\" title=\"\" srcset=\"https:\/\/e2wqn24me72.exactdn.com\/wp-content\/uploads\/2019\/08\/09-23.jpg?strip=all 800w, https:\/\/e2wqn24me72.exactdn.com\/wp-content\/uploads\/2019\/08\/09-23-300x300.jpg?strip=all 300w, https:\/\/e2wqn24me72.exactdn.com\/wp-content\/uploads\/2019\/08\/09-23-100x100.jpg?strip=all 100w, https:\/\/e2wqn24me72.exactdn.com\/wp-content\/uploads\/2019\/08\/09-23-600x600.jpg?strip=all 600w, https:\/\/e2wqn24me72.exactdn.com\/wp-content\/uploads\/2019\/08\/09-23.jpg?strip=all&amp;w=160 160w, https:\/\/e2wqn24me72.exactdn.com\/wp-content\/uploads\/2019\/08\/09-23.jpg?strip=all&amp;w=480 480w\" sizes=\"(max-width: 800px) 100vw, 800px\" \/> <img decoding=\"async\" class=\"alignnone size-full wp-image-35121\" src=\"https:\/\/e2wqn24me72.exactdn.com\/wp-content\/uploads\/2019\/08\/08-25.jpg?strip=all\" alt=\"\" width=\"800\" height=\"800\" title=\"\" srcset=\"https:\/\/e2wqn24me72.exactdn.com\/wp-content\/uploads\/2019\/08\/08-25.jpg?strip=all 800w, https:\/\/e2wqn24me72.exactdn.com\/wp-content\/uploads\/2019\/08\/08-25-300x300.jpg?strip=all 300w, https:\/\/e2wqn24me72.exactdn.com\/wp-content\/uploads\/2019\/08\/08-25-100x100.jpg?strip=all 100w, https:\/\/e2wqn24me72.exactdn.com\/wp-content\/uploads\/2019\/08\/08-25-600x600.jpg?strip=all 600w, https:\/\/e2wqn24me72.exactdn.com\/wp-content\/uploads\/2019\/08\/08-25.jpg?strip=all&amp;w=160 160w, https:\/\/e2wqn24me72.exactdn.com\/wp-content\/uploads\/2019\/08\/08-25.jpg?strip=all&amp;w=480 480w\" sizes=\"(max-width: 800px) 100vw, 800px\" \/> <img decoding=\"async\" class=\"alignnone size-full wp-image-35119\" src=\"https:\/\/e2wqn24me72.exactdn.com\/wp-content\/uploads\/2019\/08\/07-26.jpg?strip=all\" alt=\"\" width=\"800\" height=\"800\" title=\"\" srcset=\"https:\/\/e2wqn24me72.exactdn.com\/wp-content\/uploads\/2019\/08\/07-26.jpg?strip=all 800w, https:\/\/e2wqn24me72.exactdn.com\/wp-content\/uploads\/2019\/08\/07-26-300x300.jpg?strip=all 300w, https:\/\/e2wqn24me72.exactdn.com\/wp-content\/uploads\/2019\/08\/07-26-100x100.jpg?strip=all 100w, https:\/\/e2wqn24me72.exactdn.com\/wp-content\/uploads\/2019\/08\/07-26-600x600.jpg?strip=all 600w, https:\/\/e2wqn24me72.exactdn.com\/wp-content\/uploads\/2019\/08\/07-26.jpg?strip=all&amp;w=160 160w, https:\/\/e2wqn24me72.exactdn.com\/wp-content\/uploads\/2019\/08\/07-26.jpg?strip=all&amp;w=480 480w\" sizes=\"(max-width: 800px) 100vw, 800px\" \/> <img decoding=\"async\" class=\"alignnone size-full wp-image-35117\" src=\"https:\/\/e2wqn24me72.exactdn.com\/wp-content\/uploads\/2019\/08\/06-28.jpg?strip=all\" alt=\"\" width=\"800\" height=\"800\" title=\"\" srcset=\"https:\/\/e2wqn24me72.exactdn.com\/wp-content\/uploads\/2019\/08\/06-28.jpg?strip=all 800w, https:\/\/e2wqn24me72.exactdn.com\/wp-content\/uploads\/2019\/08\/06-28-300x300.jpg?strip=all 300w, https:\/\/e2wqn24me72.exactdn.com\/wp-content\/uploads\/2019\/08\/06-28-100x100.jpg?strip=all 100w, https:\/\/e2wqn24me72.exactdn.com\/wp-content\/uploads\/2019\/08\/06-28-600x600.jpg?strip=all 600w, https:\/\/e2wqn24me72.exactdn.com\/wp-content\/uploads\/2019\/08\/06-28.jpg?strip=all&amp;w=160 160w, https:\/\/e2wqn24me72.exactdn.com\/wp-content\/uploads\/2019\/08\/06-28.jpg?strip=all&amp;w=480 480w\" sizes=\"(max-width: 800px) 100vw, 800px\" \/> <img decoding=\"async\" class=\"alignnone size-full wp-image-35115\" src=\"https:\/\/e2wqn24me72.exactdn.com\/wp-content\/uploads\/2019\/08\/04-27.jpg?strip=all\" alt=\"\" width=\"800\" height=\"800\" title=\"\" srcset=\"https:\/\/e2wqn24me72.exactdn.com\/wp-content\/uploads\/2019\/08\/04-27.jpg?strip=all 800w, https:\/\/e2wqn24me72.exactdn.com\/wp-content\/uploads\/2019\/08\/04-27-300x300.jpg?strip=all 300w, https:\/\/e2wqn24me72.exactdn.com\/wp-content\/uploads\/2019\/08\/04-27-100x100.jpg?strip=all 100w, https:\/\/e2wqn24me72.exactdn.com\/wp-content\/uploads\/2019\/08\/04-27-600x600.jpg?strip=all 600w, https:\/\/e2wqn24me72.exactdn.com\/wp-content\/uploads\/2019\/08\/04-27.jpg?strip=all&amp;w=160 160w, https:\/\/e2wqn24me72.exactdn.com\/wp-content\/uploads\/2019\/08\/04-27.jpg?strip=all&amp;w=480 480w\" sizes=\"(max-width: 800px) 100vw, 800px\" \/> <img decoding=\"async\" class=\"alignnone size-full wp-image-35113\" src=\"https:\/\/e2wqn24me72.exactdn.com\/wp-content\/uploads\/2019\/08\/03-25.jpg?strip=all\" alt=\"\" width=\"800\" height=\"800\" title=\"\" srcset=\"https:\/\/e2wqn24me72.exactdn.com\/wp-content\/uploads\/2019\/08\/03-25.jpg?strip=all 800w, https:\/\/e2wqn24me72.exactdn.com\/wp-content\/uploads\/2019\/08\/03-25-300x300.jpg?strip=all 300w, https:\/\/e2wqn24me72.exactdn.com\/wp-content\/uploads\/2019\/08\/03-25-100x100.jpg?strip=all 100w, https:\/\/e2wqn24me72.exactdn.com\/wp-content\/uploads\/2019\/08\/03-25-600x600.jpg?strip=all 600w, https:\/\/e2wqn24me72.exactdn.com\/wp-content\/uploads\/2019\/08\/03-25.jpg?strip=all&amp;w=160 160w, https:\/\/e2wqn24me72.exactdn.com\/wp-content\/uploads\/2019\/08\/03-25.jpg?strip=all&amp;w=480 480w\" sizes=\"(max-width: 800px) 100vw, 800px\" \/> <img decoding=\"async\" class=\"alignnone size-full wp-image-35127\" src=\"https:\/\/e2wqn24me72.exactdn.com\/wp-content\/uploads\/2019\/08\/12-8.jpg?strip=all\" alt=\"\" width=\"800\" height=\"800\" title=\"\" srcset=\"https:\/\/e2wqn24me72.exactdn.com\/wp-content\/uploads\/2019\/08\/12-8.jpg?strip=all 800w, https:\/\/e2wqn24me72.exactdn.com\/wp-content\/uploads\/2019\/08\/12-8-300x300.jpg?strip=all 300w, https:\/\/e2wqn24me72.exactdn.com\/wp-content\/uploads\/2019\/08\/12-8-100x100.jpg?strip=all 100w, https:\/\/e2wqn24me72.exactdn.com\/wp-content\/uploads\/2019\/08\/12-8-600x600.jpg?strip=all 600w, https:\/\/e2wqn24me72.exactdn.com\/wp-content\/uploads\/2019\/08\/12-8.jpg?strip=all&amp;w=160 160w, https:\/\/e2wqn24me72.exactdn.com\/wp-content\/uploads\/2019\/08\/12-8.jpg?strip=all&amp;w=480 480w\" sizes=\"(max-width: 800px) 100vw, 800px\" \/><\/p>\n","protected":false},"excerpt":{"rendered":"<ul>\n<li>Color: azul, rojo, rosa, dorado, plateado<\/li>\n<li>Modelo: T1082<\/li>\n<li>Funci\u00f3n: inal\u00e1mbrico, unidad USB, tarjeta TF, radio FM, manos libres, AUX, conexi\u00f3n TWS<\/li>\n<\/ul>\n","protected":false},"featured_media":35112,"template":"","meta":[],"product_brand":[],"product_cat":[310],"product_tag":[5309,5310,5308],"class_list":{"0":"post-35156","1":"product","2":"type-product","3":"status-publish","4":"has-post-thumbnail","6":"product_cat-parlantes","7":"product_tag-altavoz-inalambrico-de-lijo","8":"product_tag-parlante-altavoz-con-sonido-perfecto","9":"product_tag-parlante-electroplasting-altavoz","11":"first","12":"instock","13":"shipping-taxable","14":"product-type-simple"},"jetpack_sharing_enabled":true,"_links":{"self":[{"href":"https:\/\/www.mobile-well.com\/es\/wp-json\/wp\/v2\/product\/35156","targetHints":{"allow":["GET"]}}],"collection":[{"href":"https:\/\/www.mobile-well.com\/es\/wp-json\/wp\/v2\/product"}],"about":[{"href":"https:\/\/www.mobile-well.com\/es\/wp-json\/wp\/v2\/types\/product"}],"wp:featuredmedia":[{"embeddable":true,"href":"https:\/\/www.mobile-well.com\/es\/wp-json\/wp\/v2\/media\/35112"}],"wp:attachment":[{"href":"https:\/\/www.mobile-well.com\/es\/wp-json\/wp\/v2\/media?parent=35156"}],"wp:term":[{"taxonomy":"product_brand","embeddable":true,"href":"https:\/\/www.mobile-well.com\/es\/wp-json\/wp\/v2\/product_brand?post=35156"},{"taxonomy":"product_cat","embeddable":true,"href":"https:\/\/www.mobile-well.com\/es\/wp-json\/wp\/v2\/product_cat?post=35156"},{"taxonomy":"product_tag","embeddable":true,"href":"https:\/\/www.mobile-well.com\/es\/wp-json\/wp\/v2\/product_tag?post=35156"}],"curies":[{"name":"wp","href":"https:\/\/api.w.org\/{rel}","templated":true}]}}