{"id":35484,"date":"2019-08-27T17:46:16","date_gmt":"2019-08-27T09:46:16","guid":{"rendered":"https:\/\/www.mobile-well.com\/producto\/altavoz-bluetooth-simple-de-diseno-cilindrico-popular-con-multiples-funciones\/"},"modified":"2019-08-29T17:59:02","modified_gmt":"2019-08-29T09:59:02","slug":"altavoz-bluetooth-simple-de-diseno-cilindrico-popular-con-multiples-funciones","status":"publish","type":"product","link":"https:\/\/www.mobile-well.com\/es\/producto\/altavoz-bluetooth-simple-de-diseno-cilindrico-popular-con-multiples-funciones\/","title":{"rendered":"Altavoz bluetooth simple de dise\u00f1o cil\u00edndrico popular con m\u00faltiples funciones"},"content":{"rendered":"<p><img decoding=\"async\" class=\"alignnone size-full wp-image-35287\" src=\"https:\/\/e2wqn24me72.exactdn.com\/wp-content\/uploads\/2019\/08\/01-28.jpg?strip=all\" alt=\"\" width=\"800\" height=\"800\" data-mce-src=\"https:\/\/e2wqn24me72.exactdn.com\/wp-content\/uploads\/2019\/08\/01-28.jpg?strip=all\" data-mce- title=\"\" srcset=\"https:\/\/e2wqn24me72.exactdn.com\/wp-content\/uploads\/2019\/08\/01-28.jpg?strip=all 800w, https:\/\/e2wqn24me72.exactdn.com\/wp-content\/uploads\/2019\/08\/01-28-300x300.jpg?strip=all 300w, https:\/\/e2wqn24me72.exactdn.com\/wp-content\/uploads\/2019\/08\/01-28-100x100.jpg?strip=all 100w, https:\/\/e2wqn24me72.exactdn.com\/wp-content\/uploads\/2019\/08\/01-28-600x600.jpg?strip=all 600w, https:\/\/e2wqn24me72.exactdn.com\/wp-content\/uploads\/2019\/08\/01-28.jpg?strip=all&amp;w=160 160w, https:\/\/e2wqn24me72.exactdn.com\/wp-content\/uploads\/2019\/08\/01-28.jpg?strip=all&amp;w=480 480w\" sizes=\"(max-width: 800px) 100vw, 800px\" \/> <img decoding=\"async\" class=\"alignnone size-full wp-image-35303\" src=\"https:\/\/e2wqn24me72.exactdn.com\/wp-content\/uploads\/2019\/08\/09-29.jpg?strip=all\" alt=\"\" width=\"800\" height=\"800\" data-mce-src=\"https:\/\/e2wqn24me72.exactdn.com\/wp-content\/uploads\/2019\/08\/09-29.jpg?strip=all\" data-mce- title=\"\" srcset=\"https:\/\/e2wqn24me72.exactdn.com\/wp-content\/uploads\/2019\/08\/09-29.jpg?strip=all 800w, https:\/\/e2wqn24me72.exactdn.com\/wp-content\/uploads\/2019\/08\/09-29-300x300.jpg?strip=all 300w, https:\/\/e2wqn24me72.exactdn.com\/wp-content\/uploads\/2019\/08\/09-29-100x100.jpg?strip=all 100w, https:\/\/e2wqn24me72.exactdn.com\/wp-content\/uploads\/2019\/08\/09-29-600x600.jpg?strip=all 600w, https:\/\/e2wqn24me72.exactdn.com\/wp-content\/uploads\/2019\/08\/09-29.jpg?strip=all&amp;w=160 160w, https:\/\/e2wqn24me72.exactdn.com\/wp-content\/uploads\/2019\/08\/09-29.jpg?strip=all&amp;w=480 480w\" sizes=\"(max-width: 800px) 100vw, 800px\" \/> <img decoding=\"async\" class=\"alignnone size-full wp-image-35301\" src=\"https:\/\/e2wqn24me72.exactdn.com\/wp-content\/uploads\/2019\/08\/08-32.jpg?strip=all\" alt=\"\" width=\"800\" height=\"800\" data-mce-src=\"https:\/\/e2wqn24me72.exactdn.com\/wp-content\/uploads\/2019\/08\/08-32.jpg?strip=all\" data-mce- title=\"\" srcset=\"https:\/\/e2wqn24me72.exactdn.com\/wp-content\/uploads\/2019\/08\/08-32.jpg?strip=all 800w, https:\/\/e2wqn24me72.exactdn.com\/wp-content\/uploads\/2019\/08\/08-32-300x300.jpg?strip=all 300w, https:\/\/e2wqn24me72.exactdn.com\/wp-content\/uploads\/2019\/08\/08-32-100x100.jpg?strip=all 100w, https:\/\/e2wqn24me72.exactdn.com\/wp-content\/uploads\/2019\/08\/08-32-600x600.jpg?strip=all 600w, https:\/\/e2wqn24me72.exactdn.com\/wp-content\/uploads\/2019\/08\/08-32.jpg?strip=all&amp;w=160 160w, https:\/\/e2wqn24me72.exactdn.com\/wp-content\/uploads\/2019\/08\/08-32.jpg?strip=all&amp;w=480 480w\" sizes=\"(max-width: 800px) 100vw, 800px\" \/> <img decoding=\"async\" class=\"alignnone size-full wp-image-35299\" src=\"https:\/\/e2wqn24me72.exactdn.com\/wp-content\/uploads\/2019\/08\/07-33.jpg?strip=all\" alt=\"\" width=\"800\" height=\"800\" data-mce-src=\"https:\/\/e2wqn24me72.exactdn.com\/wp-content\/uploads\/2019\/08\/07-33.jpg?strip=all\" data-mce- title=\"\" srcset=\"https:\/\/e2wqn24me72.exactdn.com\/wp-content\/uploads\/2019\/08\/07-33.jpg?strip=all 800w, https:\/\/e2wqn24me72.exactdn.com\/wp-content\/uploads\/2019\/08\/07-33-300x300.jpg?strip=all 300w, https:\/\/e2wqn24me72.exactdn.com\/wp-content\/uploads\/2019\/08\/07-33-100x100.jpg?strip=all 100w, https:\/\/e2wqn24me72.exactdn.com\/wp-content\/uploads\/2019\/08\/07-33-600x600.jpg?strip=all 600w, https:\/\/e2wqn24me72.exactdn.com\/wp-content\/uploads\/2019\/08\/07-33.jpg?strip=all&amp;w=160 160w, https:\/\/e2wqn24me72.exactdn.com\/wp-content\/uploads\/2019\/08\/07-33.jpg?strip=all&amp;w=480 480w\" sizes=\"(max-width: 800px) 100vw, 800px\" \/> <img decoding=\"async\" class=\"alignnone size-full wp-image-35295\" src=\"https:\/\/e2wqn24me72.exactdn.com\/wp-content\/uploads\/2019\/08\/05-32.jpg?strip=all\" alt=\"\" width=\"800\" height=\"800\" data-mce-src=\"https:\/\/e2wqn24me72.exactdn.com\/wp-content\/uploads\/2019\/08\/05-32.jpg?strip=all\" data-mce- title=\"\" srcset=\"https:\/\/e2wqn24me72.exactdn.com\/wp-content\/uploads\/2019\/08\/05-32.jpg?strip=all 800w, https:\/\/e2wqn24me72.exactdn.com\/wp-content\/uploads\/2019\/08\/05-32-300x300.jpg?strip=all 300w, https:\/\/e2wqn24me72.exactdn.com\/wp-content\/uploads\/2019\/08\/05-32-100x100.jpg?strip=all 100w, https:\/\/e2wqn24me72.exactdn.com\/wp-content\/uploads\/2019\/08\/05-32-600x600.jpg?strip=all 600w, https:\/\/e2wqn24me72.exactdn.com\/wp-content\/uploads\/2019\/08\/05-32.jpg?strip=all&amp;w=160 160w, https:\/\/e2wqn24me72.exactdn.com\/wp-content\/uploads\/2019\/08\/05-32.jpg?strip=all&amp;w=480 480w\" sizes=\"(max-width: 800px) 100vw, 800px\" \/> <img decoding=\"async\" class=\"alignnone size-full wp-image-35293\" src=\"https:\/\/e2wqn24me72.exactdn.com\/wp-content\/uploads\/2019\/08\/04-33.jpg?strip=all\" alt=\"\" width=\"800\" height=\"800\" data-mce-src=\"https:\/\/e2wqn24me72.exactdn.com\/wp-content\/uploads\/2019\/08\/04-33.jpg?strip=all\" data-mce- title=\"\" srcset=\"https:\/\/e2wqn24me72.exactdn.com\/wp-content\/uploads\/2019\/08\/04-33.jpg?strip=all 800w, https:\/\/e2wqn24me72.exactdn.com\/wp-content\/uploads\/2019\/08\/04-33-300x300.jpg?strip=all 300w, https:\/\/e2wqn24me72.exactdn.com\/wp-content\/uploads\/2019\/08\/04-33-100x100.jpg?strip=all 100w, https:\/\/e2wqn24me72.exactdn.com\/wp-content\/uploads\/2019\/08\/04-33-600x600.jpg?strip=all 600w, https:\/\/e2wqn24me72.exactdn.com\/wp-content\/uploads\/2019\/08\/04-33.jpg?strip=all&amp;w=160 160w, https:\/\/e2wqn24me72.exactdn.com\/wp-content\/uploads\/2019\/08\/04-33.jpg?strip=all&amp;w=480 480w\" sizes=\"(max-width: 800px) 100vw, 800px\" \/> <img decoding=\"async\" class=\"alignnone size-full wp-image-35291\" src=\"https:\/\/e2wqn24me72.exactdn.com\/wp-content\/uploads\/2019\/08\/03-33.jpg?strip=all\" alt=\"\" width=\"800\" height=\"800\" data-mce-src=\"https:\/\/e2wqn24me72.exactdn.com\/wp-content\/uploads\/2019\/08\/03-33.jpg?strip=all\" data-mce- title=\"\" srcset=\"https:\/\/e2wqn24me72.exactdn.com\/wp-content\/uploads\/2019\/08\/03-33.jpg?strip=all 800w, https:\/\/e2wqn24me72.exactdn.com\/wp-content\/uploads\/2019\/08\/03-33-300x300.jpg?strip=all 300w, https:\/\/e2wqn24me72.exactdn.com\/wp-content\/uploads\/2019\/08\/03-33-100x100.jpg?strip=all 100w, https:\/\/e2wqn24me72.exactdn.com\/wp-content\/uploads\/2019\/08\/03-33-600x600.jpg?strip=all 600w, https:\/\/e2wqn24me72.exactdn.com\/wp-content\/uploads\/2019\/08\/03-33.jpg?strip=all&amp;w=160 160w, https:\/\/e2wqn24me72.exactdn.com\/wp-content\/uploads\/2019\/08\/03-33.jpg?strip=all&amp;w=480 480w\" sizes=\"(max-width: 800px) 100vw, 800px\" \/> <img decoding=\"async\" class=\"alignnone size-full wp-image-35289\" src=\"https:\/\/e2wqn24me72.exactdn.com\/wp-content\/uploads\/2019\/08\/02-30.jpg?strip=all\" alt=\"\" width=\"800\" height=\"800\" data-mce-src=\"https:\/\/e2wqn24me72.exactdn.com\/wp-content\/uploads\/2019\/08\/02-30.jpg?strip=all\" data-mce- title=\"\" srcset=\"https:\/\/e2wqn24me72.exactdn.com\/wp-content\/uploads\/2019\/08\/02-30.jpg?strip=all 800w, https:\/\/e2wqn24me72.exactdn.com\/wp-content\/uploads\/2019\/08\/02-30-300x300.jpg?strip=all 300w, https:\/\/e2wqn24me72.exactdn.com\/wp-content\/uploads\/2019\/08\/02-30-100x100.jpg?strip=all 100w, https:\/\/e2wqn24me72.exactdn.com\/wp-content\/uploads\/2019\/08\/02-30-600x600.jpg?strip=all 600w, https:\/\/e2wqn24me72.exactdn.com\/wp-content\/uploads\/2019\/08\/02-30.jpg?strip=all&amp;w=160 160w, https:\/\/e2wqn24me72.exactdn.com\/wp-content\/uploads\/2019\/08\/02-30.jpg?strip=all&amp;w=480 480w\" sizes=\"(max-width: 800px) 100vw, 800px\" \/> <img decoding=\"async\" class=\"alignnone size-full wp-image-35297\" src=\"https:\/\/e2wqn24me72.exactdn.com\/wp-content\/uploads\/2019\/08\/06-36.jpg?strip=all\" alt=\"\" width=\"800\" height=\"800\" data-mce-src=\"https:\/\/e2wqn24me72.exactdn.com\/wp-content\/uploads\/2019\/08\/06-36.jpg?strip=all\" data-mce- title=\"\" srcset=\"https:\/\/e2wqn24me72.exactdn.com\/wp-content\/uploads\/2019\/08\/06-36.jpg?strip=all 800w, https:\/\/e2wqn24me72.exactdn.com\/wp-content\/uploads\/2019\/08\/06-36-300x300.jpg?strip=all 300w, https:\/\/e2wqn24me72.exactdn.com\/wp-content\/uploads\/2019\/08\/06-36-100x100.jpg?strip=all 100w, https:\/\/e2wqn24me72.exactdn.com\/wp-content\/uploads\/2019\/08\/06-36-600x600.jpg?strip=all 600w, https:\/\/e2wqn24me72.exactdn.com\/wp-content\/uploads\/2019\/08\/06-36.jpg?strip=all&amp;w=160 160w, https:\/\/e2wqn24me72.exactdn.com\/wp-content\/uploads\/2019\/08\/06-36.jpg?strip=all&amp;w=480 480w\" sizes=\"(max-width: 800px) 100vw, 800px\" \/><\/p>\n","protected":false},"excerpt":{"rendered":"<ul>\n<li>Funci\u00f3n: soporte BT \/ TF \/ FM \/ AUX \/ USB,<\/li>\n<li>Potencia: 5W + 5W 3.7V<\/li>\n<li>Especificaciones de la bater\u00eda: 18650 3.7V \/ 1 500mA \/ H<\/li>\n<li>Color rojo<\/li>\n<\/ul>\n","protected":false},"featured_media":35304,"template":"","meta":[],"product_brand":[],"product_cat":[310],"product_tag":[5344,5345],"class_list":{"0":"post-35484","1":"product","2":"type-product","3":"status-publish","4":"has-post-thumbnail","6":"product_cat-parlantes","7":"product_tag-altavoz-bluetooth-simple","8":"product_tag-altavoz-de-diseno-cilindrico","10":"first","11":"instock","12":"shipping-taxable","13":"product-type-simple"},"jetpack_sharing_enabled":true,"_links":{"self":[{"href":"https:\/\/www.mobile-well.com\/es\/wp-json\/wp\/v2\/product\/35484","targetHints":{"allow":["GET"]}}],"collection":[{"href":"https:\/\/www.mobile-well.com\/es\/wp-json\/wp\/v2\/product"}],"about":[{"href":"https:\/\/www.mobile-well.com\/es\/wp-json\/wp\/v2\/types\/product"}],"wp:featuredmedia":[{"embeddable":true,"href":"https:\/\/www.mobile-well.com\/es\/wp-json\/wp\/v2\/media\/35304"}],"wp:attachment":[{"href":"https:\/\/www.mobile-well.com\/es\/wp-json\/wp\/v2\/media?parent=35484"}],"wp:term":[{"taxonomy":"product_brand","embeddable":true,"href":"https:\/\/www.mobile-well.com\/es\/wp-json\/wp\/v2\/product_brand?post=35484"},{"taxonomy":"product_cat","embeddable":true,"href":"https:\/\/www.mobile-well.com\/es\/wp-json\/wp\/v2\/product_cat?post=35484"},{"taxonomy":"product_tag","embeddable":true,"href":"https:\/\/www.mobile-well.com\/es\/wp-json\/wp\/v2\/product_tag?post=35484"}],"curies":[{"name":"wp","href":"https:\/\/api.w.org\/{rel}","templated":true}]}}