{"id":38824,"date":"2019-12-03T16:39:26","date_gmt":"2019-12-03T08:39:26","guid":{"rendered":"https:\/\/www.mobile-well.com\/?post_type=product&#038;p=38824"},"modified":"2019-12-03T16:39:30","modified_gmt":"2019-12-03T08:39:30","slug":"funda-contra-golpes-tpupc-con-soporte-invisible-en-dibujo-de-laser-para-iphone11-iphone11pro-iphone11promax","status":"publish","type":"product","link":"https:\/\/www.mobile-well.com\/es\/producto\/funda-contra-golpes-tpupc-con-soporte-invisible-en-dibujo-de-laser-para-iphone11-iphone11pro-iphone11promax\/","title":{"rendered":"Funda Contra Golpes TPU+PC Con Soporte Invisible En Dibujo De Laser Para Iphone11\/Iphone11Pro\/Iphone11ProMax"},"content":{"rendered":"","protected":false},"excerpt":{"rendered":"<ul>\n<li>Material: TPU + PC<\/li>\n<li>Artesan\u00eda: patr\u00f3n l\u00e1ser<\/li>\n<li>MOQ: 300 piezas \/ modelo, 50 piezas \/ color<\/li>\n<li>Color: como imagen<\/li>\n<li>Modelo: muchos modelos est\u00e1n disponibles<\/li>\n<li>Precio: US $ 0.63<\/li>\n<\/ul>\n","protected":false},"featured_media":38835,"template":"","meta":[],"product_brand":[],"product_cat":[77],"product_tag":[4777,5747,2773,5748,5746],"class_list":{"0":"post-38824","1":"product","2":"type-product","3":"status-publish","4":"has-post-thumbnail","6":"product_cat-fundas","7":"product_tag-funda-con-soporte-invisible","8":"product_tag-funda-contra-golpes","9":"product_tag-funda-tpupc","10":"product_tag-fundas-en-dibujo-de-laser","11":"product_tag-moq300","13":"first","14":"instock","15":"shipping-taxable","16":"product-type-simple"},"jetpack_sharing_enabled":true,"_links":{"self":[{"href":"https:\/\/www.mobile-well.com\/es\/wp-json\/wp\/v2\/product\/38824","targetHints":{"allow":["GET"]}}],"collection":[{"href":"https:\/\/www.mobile-well.com\/es\/wp-json\/wp\/v2\/product"}],"about":[{"href":"https:\/\/www.mobile-well.com\/es\/wp-json\/wp\/v2\/types\/product"}],"wp:featuredmedia":[{"embeddable":true,"href":"https:\/\/www.mobile-well.com\/es\/wp-json\/wp\/v2\/media\/38835"}],"wp:attachment":[{"href":"https:\/\/www.mobile-well.com\/es\/wp-json\/wp\/v2\/media?parent=38824"}],"wp:term":[{"taxonomy":"product_brand","embeddable":true,"href":"https:\/\/www.mobile-well.com\/es\/wp-json\/wp\/v2\/product_brand?post=38824"},{"taxonomy":"product_cat","embeddable":true,"href":"https:\/\/www.mobile-well.com\/es\/wp-json\/wp\/v2\/product_cat?post=38824"},{"taxonomy":"product_tag","embeddable":true,"href":"https:\/\/www.mobile-well.com\/es\/wp-json\/wp\/v2\/product_tag?post=38824"}],"curies":[{"name":"wp","href":"https:\/\/api.w.org\/{rel}","templated":true}]}}