{"id":39125,"date":"2019-12-06T15:44:07","date_gmt":"2019-12-06T07:44:07","guid":{"rendered":"https:\/\/www.mobile-well.com\/?post_type=product&#038;p=39125"},"modified":"2019-12-06T15:44:10","modified_gmt":"2019-12-06T07:44:10","slug":"cable-de-datos-de-carga-rapida-pd-de-18-w-tipo-c-a-usb-tipoc","status":"publish","type":"product","link":"https:\/\/www.mobile-well.com\/es\/producto\/cable-de-datos-de-carga-rapida-pd-de-18-w-tipo-c-a-usb-tipoc\/","title":{"rendered":"Cable de datos de carga r\u00e1pida PD de 18 W Tipo C A USB TipoC"},"content":{"rendered":"","protected":false},"excerpt":{"rendered":"<ul>\n<li>Nombre del producto: cable de carga r\u00e1pida PD de 18 W<\/li>\n<li>Modelo: SMS-BT10<\/li>\n<li>Salida de corriente: 2A max<\/li>\n<li>Longitud del cable: 120 cm<\/li>\n<li>Conector: para pin8, tipo-C<\/li>\n<li>Material: TPE<\/li>\n<li>Caracter\u00edstica: carga de sincronizaci\u00f3n y datos, carga r\u00e1pida<\/li>\n<\/ul>\n","protected":false},"featured_media":39130,"template":"","meta":[],"product_brand":[],"product_cat":[79],"product_tag":[3817,1024,5776,5746,5775],"class_list":{"0":"post-39125","1":"product","2":"type-product","3":"status-publish","4":"has-post-thumbnail","6":"product_cat-cables","7":"product_tag-cable-de-carga-rapida","8":"product_tag-cable-de-datos-2","9":"product_tag-cable-pd-de-18-w","10":"product_tag-moq300","11":"product_tag-tipo-c-a-usb-tipoc","13":"first","14":"instock","15":"shipping-taxable","16":"product-type-simple"},"jetpack_sharing_enabled":true,"_links":{"self":[{"href":"https:\/\/www.mobile-well.com\/es\/wp-json\/wp\/v2\/product\/39125","targetHints":{"allow":["GET"]}}],"collection":[{"href":"https:\/\/www.mobile-well.com\/es\/wp-json\/wp\/v2\/product"}],"about":[{"href":"https:\/\/www.mobile-well.com\/es\/wp-json\/wp\/v2\/types\/product"}],"wp:featuredmedia":[{"embeddable":true,"href":"https:\/\/www.mobile-well.com\/es\/wp-json\/wp\/v2\/media\/39130"}],"wp:attachment":[{"href":"https:\/\/www.mobile-well.com\/es\/wp-json\/wp\/v2\/media?parent=39125"}],"wp:term":[{"taxonomy":"product_brand","embeddable":true,"href":"https:\/\/www.mobile-well.com\/es\/wp-json\/wp\/v2\/product_brand?post=39125"},{"taxonomy":"product_cat","embeddable":true,"href":"https:\/\/www.mobile-well.com\/es\/wp-json\/wp\/v2\/product_cat?post=39125"},{"taxonomy":"product_tag","embeddable":true,"href":"https:\/\/www.mobile-well.com\/es\/wp-json\/wp\/v2\/product_tag?post=39125"}],"curies":[{"name":"wp","href":"https:\/\/api.w.org\/{rel}","templated":true}]}}