{"id":39291,"date":"2019-12-23T17:08:47","date_gmt":"2019-12-23T09:08:47","guid":{"rendered":"https:\/\/www.mobile-well.com\/?post_type=product&#038;p=39291"},"modified":"2019-12-24T16:48:53","modified_gmt":"2019-12-24T08:48:53","slug":"mayoreo-cable-de-dato-2-1a-120cm-para-lightning-micro-usb-type-c","status":"publish","type":"product","link":"https:\/\/www.mobile-well.com\/es\/producto\/mayoreo-cable-de-dato-2-1a-120cm-para-lightning-micro-usb-type-c\/","title":{"rendered":"Mayoreo cable de dato 2.1A 120cm para lightning, micro usb , type-c"},"content":{"rendered":"","protected":false},"excerpt":{"rendered":"<ul>\n<li>Nombre: cable usb de datos 2.1A<\/li>\n<li>Modelo: SMS-BP01<\/li>\n<li>Salida: 2.1A max<\/li>\n<li>Longitud del cable: 40 pies \/ 120 cm<\/li>\n<li>Conector: para rel\u00e1mpagos, tipo-c, V8<\/li>\n<li>Material: PVC + ABS<\/li>\n<li>Caracter\u00edstica: carga y datos de sincronizaci\u00f3n, carga r\u00e1pida<\/li>\n<li>Color: negro, gris, rojo<\/li>\n<li>MOQ: 300 piezas<\/li>\n<\/ul>\n","protected":false},"featured_media":39294,"template":"","meta":[],"product_brand":[],"product_cat":[79],"product_tag":[5788,5787,5786],"class_list":{"0":"post-39291","1":"product","2":"type-product","3":"status-publish","4":"has-post-thumbnail","6":"product_cat-cables","7":"product_tag-cable-de-dato-120cm","8":"product_tag-cable-de-dato-2-1a","9":"product_tag-moq1000","11":"first","12":"instock","13":"shipping-taxable","14":"product-type-simple"},"jetpack_sharing_enabled":true,"_links":{"self":[{"href":"https:\/\/www.mobile-well.com\/es\/wp-json\/wp\/v2\/product\/39291","targetHints":{"allow":["GET"]}}],"collection":[{"href":"https:\/\/www.mobile-well.com\/es\/wp-json\/wp\/v2\/product"}],"about":[{"href":"https:\/\/www.mobile-well.com\/es\/wp-json\/wp\/v2\/types\/product"}],"wp:featuredmedia":[{"embeddable":true,"href":"https:\/\/www.mobile-well.com\/es\/wp-json\/wp\/v2\/media\/39294"}],"wp:attachment":[{"href":"https:\/\/www.mobile-well.com\/es\/wp-json\/wp\/v2\/media?parent=39291"}],"wp:term":[{"taxonomy":"product_brand","embeddable":true,"href":"https:\/\/www.mobile-well.com\/es\/wp-json\/wp\/v2\/product_brand?post=39291"},{"taxonomy":"product_cat","embeddable":true,"href":"https:\/\/www.mobile-well.com\/es\/wp-json\/wp\/v2\/product_cat?post=39291"},{"taxonomy":"product_tag","embeddable":true,"href":"https:\/\/www.mobile-well.com\/es\/wp-json\/wp\/v2\/product_tag?post=39291"}],"curies":[{"name":"wp","href":"https:\/\/api.w.org\/{rel}","templated":true}]}}