{"id":40169,"date":"2020-03-24T09:54:32","date_gmt":"2020-03-24T01:54:32","guid":{"rendered":"https:\/\/www.mobile-well.com\/?post_type=product&#038;p=40169"},"modified":"2020-03-24T10:07:48","modified_gmt":"2020-03-24T02:07:48","slug":"mayoreo-cable-usb-de-datos-de-diseno-de-codo-de-90-grados-para-juegos-moviles","status":"publish","type":"product","link":"https:\/\/www.mobile-well.com\/es\/producto\/mayoreo-cable-usb-de-datos-de-diseno-de-codo-de-90-grados-para-juegos-moviles\/","title":{"rendered":"Mayoreo cable USB de datos de dise\u00f1o de codo de 90 grados para juegos m\u00f3viles"},"content":{"rendered":"","protected":false},"excerpt":{"rendered":"<ul>\n<li>Nombre: cable usb de datos<\/li>\n<li>Salida: 2A max<\/li>\n<li>Color azul<\/li>\n<li>Featute: dise\u00f1o de la esquina de 90 grados; Dise\u00f1o de puerto USB revisable; algod\u00f3n trenzado.<\/li>\n<li>MOQ: 1000 piezas<\/li>\n<\/ul>\n","protected":false},"featured_media":40170,"template":"","meta":[],"product_brand":[],"product_cat":[79],"product_tag":[5861,4090,5786],"class_list":{"0":"post-40169","1":"product","2":"type-product","3":"status-publish","4":"has-post-thumbnail","6":"product_cat-cables","7":"product_tag-cable-para-juegos-moviles","8":"product_tag-cable-usb-de-datos","9":"product_tag-moq1000","11":"first","12":"instock","13":"shipping-taxable","14":"product-type-simple"},"jetpack_sharing_enabled":true,"_links":{"self":[{"href":"https:\/\/www.mobile-well.com\/es\/wp-json\/wp\/v2\/product\/40169","targetHints":{"allow":["GET"]}}],"collection":[{"href":"https:\/\/www.mobile-well.com\/es\/wp-json\/wp\/v2\/product"}],"about":[{"href":"https:\/\/www.mobile-well.com\/es\/wp-json\/wp\/v2\/types\/product"}],"wp:featuredmedia":[{"embeddable":true,"href":"https:\/\/www.mobile-well.com\/es\/wp-json\/wp\/v2\/media\/40170"}],"wp:attachment":[{"href":"https:\/\/www.mobile-well.com\/es\/wp-json\/wp\/v2\/media?parent=40169"}],"wp:term":[{"taxonomy":"product_brand","embeddable":true,"href":"https:\/\/www.mobile-well.com\/es\/wp-json\/wp\/v2\/product_brand?post=40169"},{"taxonomy":"product_cat","embeddable":true,"href":"https:\/\/www.mobile-well.com\/es\/wp-json\/wp\/v2\/product_cat?post=40169"},{"taxonomy":"product_tag","embeddable":true,"href":"https:\/\/www.mobile-well.com\/es\/wp-json\/wp\/v2\/product_tag?post=40169"}],"curies":[{"name":"wp","href":"https:\/\/api.w.org\/{rel}","templated":true}]}}