{"id":40421,"date":"2020-03-28T17:54:36","date_gmt":"2020-03-28T09:54:36","guid":{"rendered":"https:\/\/www.mobile-well.com\/?post_type=product&#038;p=40421"},"modified":"2020-04-01T18:35:20","modified_gmt":"2020-04-01T10:35:20","slug":"mayoreo-funda-tpupu-con-cuantro-esquinas-anti-caidas-para-iphone11-iphone11pro-iphone11promax","status":"publish","type":"product","link":"https:\/\/www.mobile-well.com\/es\/producto\/mayoreo-funda-tpupu-con-cuantro-esquinas-anti-caidas-para-iphone11-iphone11pro-iphone11promax\/","title":{"rendered":"Mayoreo Funda\u00a0TPU+PU\u00a0Con\u00a0Cuantro\u00a0Esquinas\u00a0Anti-Caidas Para iPhone11\/iPhone11Pro\/iPhone11ProMax"},"content":{"rendered":"","protected":false},"excerpt":{"rendered":"<ul>\n<li>Nombre: Funda TPU + PU Con Cuatro Esquinas Anti-Caidas<\/li>\n<li>Material: TPU<\/li>\n<li>Color: como imagen<\/li>\n<li>Caracter\u00edstica: antica\u00edda, antiara\u00f1azos, ecol\u00f3gico<\/li>\n<li>MOQ: 100 piezas \/ modelo, 50 piezas \/ color<\/li>\n<li>Precio: US $ 0,49<\/li>\n<\/ul>\n","protected":false},"featured_media":40426,"template":"","meta":[],"product_brand":[],"product_cat":[77],"product_tag":[5868,5878,5877,5799],"class_list":{"0":"post-40421","1":"product","2":"type-product","3":"status-publish","4":"has-post-thumbnail","6":"product_cat-fundas","7":"product_tag-funda-anti-caidas","8":"product_tag-funda-con-cuantro-esquinas","9":"product_tag-mayoreo-funda-tpupu","10":"product_tag-para-iphone11-iphone11pro-iphone11promax","12":"first","13":"instock","14":"shipping-taxable","15":"product-type-simple"},"jetpack_sharing_enabled":true,"_links":{"self":[{"href":"https:\/\/www.mobile-well.com\/es\/wp-json\/wp\/v2\/product\/40421","targetHints":{"allow":["GET"]}}],"collection":[{"href":"https:\/\/www.mobile-well.com\/es\/wp-json\/wp\/v2\/product"}],"about":[{"href":"https:\/\/www.mobile-well.com\/es\/wp-json\/wp\/v2\/types\/product"}],"wp:featuredmedia":[{"embeddable":true,"href":"https:\/\/www.mobile-well.com\/es\/wp-json\/wp\/v2\/media\/40426"}],"wp:attachment":[{"href":"https:\/\/www.mobile-well.com\/es\/wp-json\/wp\/v2\/media?parent=40421"}],"wp:term":[{"taxonomy":"product_brand","embeddable":true,"href":"https:\/\/www.mobile-well.com\/es\/wp-json\/wp\/v2\/product_brand?post=40421"},{"taxonomy":"product_cat","embeddable":true,"href":"https:\/\/www.mobile-well.com\/es\/wp-json\/wp\/v2\/product_cat?post=40421"},{"taxonomy":"product_tag","embeddable":true,"href":"https:\/\/www.mobile-well.com\/es\/wp-json\/wp\/v2\/product_tag?post=40421"}],"curies":[{"name":"wp","href":"https:\/\/api.w.org\/{rel}","templated":true}]}}