{"id":40474,"date":"2020-03-28T18:00:24","date_gmt":"2020-03-28T10:00:24","guid":{"rendered":"https:\/\/www.mobile-well.com\/?post_type=product&#038;p=40474"},"modified":"2020-04-01T18:35:40","modified_gmt":"2020-04-01T10:35:40","slug":"mayoreo-fundas-tpupu-con-cuantro-esquinas-para-iphone11-iphone11pro-iphone11promax-minimo-100pzas","status":"publish","type":"product","link":"https:\/\/www.mobile-well.com\/es\/producto\/mayoreo-fundas-tpupu-con-cuantro-esquinas-para-iphone11-iphone11pro-iphone11promax-minimo-100pzas\/","title":{"rendered":"Mayoreo Fundas TPU+PU\u00a0Con\u00a0Cuantro\u00a0Esquinas\u00a0Para iPhone11\/iPhone11Pro\/iPhone11ProMax M\u00ednimo 100Pzas"},"content":{"rendered":"","protected":false},"excerpt":{"rendered":"<ul>\n<li>Nombre: Fundas TPU+PU\u00a0Con\u00a0Cuantro\u00a0Esquinas<\/li>\n<li>Material: TPU<\/li>\n<li>Color: como imagen<\/li>\n<li>Caracter\u00edstica: antica\u00edda, antiara\u00f1azos, ecol\u00f3gico<\/li>\n<li>MOQ: 100 piezas \/ modelo, 50 piezas \/ color<\/li>\n<li>Precio: US $ 0,49<\/li>\n<\/ul>\n","protected":false},"featured_media":40442,"template":"","meta":[],"product_brand":[],"product_cat":[77],"product_tag":[5878,1135,807,5738,5799],"class_list":{"0":"post-40474","1":"product","2":"type-product","3":"status-publish","4":"has-post-thumbnail","6":"product_cat-fundas","7":"product_tag-funda-con-cuantro-esquinas","8":"product_tag-fundas-tpupu","9":"product_tag-mayoreo-funda","10":"product_tag-moq100","11":"product_tag-para-iphone11-iphone11pro-iphone11promax","13":"first","14":"instock","15":"shipping-taxable","16":"product-type-simple"},"jetpack_sharing_enabled":true,"_links":{"self":[{"href":"https:\/\/www.mobile-well.com\/es\/wp-json\/wp\/v2\/product\/40474","targetHints":{"allow":["GET"]}}],"collection":[{"href":"https:\/\/www.mobile-well.com\/es\/wp-json\/wp\/v2\/product"}],"about":[{"href":"https:\/\/www.mobile-well.com\/es\/wp-json\/wp\/v2\/types\/product"}],"wp:featuredmedia":[{"embeddable":true,"href":"https:\/\/www.mobile-well.com\/es\/wp-json\/wp\/v2\/media\/40442"}],"wp:attachment":[{"href":"https:\/\/www.mobile-well.com\/es\/wp-json\/wp\/v2\/media?parent=40474"}],"wp:term":[{"taxonomy":"product_brand","embeddable":true,"href":"https:\/\/www.mobile-well.com\/es\/wp-json\/wp\/v2\/product_brand?post=40474"},{"taxonomy":"product_cat","embeddable":true,"href":"https:\/\/www.mobile-well.com\/es\/wp-json\/wp\/v2\/product_cat?post=40474"},{"taxonomy":"product_tag","embeddable":true,"href":"https:\/\/www.mobile-well.com\/es\/wp-json\/wp\/v2\/product_tag?post=40474"}],"curies":[{"name":"wp","href":"https:\/\/api.w.org\/{rel}","templated":true}]}}