{"id":40475,"date":"2020-03-28T18:04:33","date_gmt":"2020-03-28T10:04:33","guid":{"rendered":"https:\/\/www.mobile-well.com\/?post_type=product&#038;p=40475"},"modified":"2020-04-01T18:36:00","modified_gmt":"2020-04-01T10:36:00","slug":"mayoreo-funda-case-lujo-para-iphone11-iphone11pro-iphone11promax","status":"publish","type":"product","link":"https:\/\/www.mobile-well.com\/es\/producto\/mayoreo-funda-case-lujo-para-iphone11-iphone11pro-iphone11promax\/","title":{"rendered":"Mayoreo Funda Case Lujo Para iPhone11\/iPhone11Pro\/iPhone11ProMax"},"content":{"rendered":"","protected":false},"excerpt":{"rendered":"<ul>\n<li>Nombre: Mayoreo Funda Case Lujo<\/li>\n<li>Material: TPU<\/li>\n<li>Color: como imagen<\/li>\n<li>Caracter\u00edstica: antica\u00edda, antiara\u00f1azos, ecol\u00f3gico<\/li>\n<li>MOQ: 100 piezas \/ modelo, 50 piezas \/ color<\/li>\n<li>Precio: US $ 0,49<\/li>\n<\/ul>\n","protected":false},"featured_media":40456,"template":"","meta":[],"product_brand":[],"product_cat":[77],"product_tag":[5879,807,5738,5799],"class_list":{"0":"post-40475","1":"product","2":"type-product","3":"status-publish","4":"has-post-thumbnail","6":"product_cat-fundas","7":"product_tag-funda-case-lujo","8":"product_tag-mayoreo-funda","9":"product_tag-moq100","10":"product_tag-para-iphone11-iphone11pro-iphone11promax","12":"first","13":"instock","14":"shipping-taxable","15":"product-type-simple"},"jetpack_sharing_enabled":true,"_links":{"self":[{"href":"https:\/\/www.mobile-well.com\/es\/wp-json\/wp\/v2\/product\/40475","targetHints":{"allow":["GET"]}}],"collection":[{"href":"https:\/\/www.mobile-well.com\/es\/wp-json\/wp\/v2\/product"}],"about":[{"href":"https:\/\/www.mobile-well.com\/es\/wp-json\/wp\/v2\/types\/product"}],"wp:featuredmedia":[{"embeddable":true,"href":"https:\/\/www.mobile-well.com\/es\/wp-json\/wp\/v2\/media\/40456"}],"wp:attachment":[{"href":"https:\/\/www.mobile-well.com\/es\/wp-json\/wp\/v2\/media?parent=40475"}],"wp:term":[{"taxonomy":"product_brand","embeddable":true,"href":"https:\/\/www.mobile-well.com\/es\/wp-json\/wp\/v2\/product_brand?post=40475"},{"taxonomy":"product_cat","embeddable":true,"href":"https:\/\/www.mobile-well.com\/es\/wp-json\/wp\/v2\/product_cat?post=40475"},{"taxonomy":"product_tag","embeddable":true,"href":"https:\/\/www.mobile-well.com\/es\/wp-json\/wp\/v2\/product_tag?post=40475"}],"curies":[{"name":"wp","href":"https:\/\/api.w.org\/{rel}","templated":true}]}}