{"id":40724,"date":"2020-06-09T17:55:22","date_gmt":"2020-06-09T09:55:22","guid":{"rendered":"https:\/\/www.mobile-well.com\/?post_type=product&#038;p=40724"},"modified":"2020-06-09T17:55:23","modified_gmt":"2020-06-09T09:55:23","slug":"mayoreo-fundas-protector-2-en-1-con-diseno-para-iphone-huawei-samsung-moto-xiaomi","status":"publish","type":"product","link":"https:\/\/www.mobile-well.com\/es\/producto\/mayoreo-fundas-protector-2-en-1-con-diseno-para-iphone-huawei-samsung-moto-xiaomi\/","title":{"rendered":"Mayoreo fundas protector 2 en 1 con diseno para iPhone\/Huawei\/Samsung\/Moto\/Xiaomi"},"content":{"rendered":"","protected":false},"excerpt":{"rendered":"<ul>\n<li>Nombre:protector 2 en 1 con diseno<\/li>\n<li>Comprar minima:300piezas\/modelo,50piezas\/color<\/li>\n<li>Artesan\u00eda: aceite de pulverizaci\u00f3n de fondo \u00fanico de TPU<\/li>\n<li>Material:TPU+PC<\/li>\n<li>Precio:US$0.67<\/li>\n<\/ul>\n","protected":false},"featured_media":40707,"template":"","meta":[],"product_brand":[],"product_cat":[77],"product_tag":[5801,5796,5746,982],"class_list":{"0":"post-40724","1":"product","2":"type-product","3":"status-publish","4":"has-post-thumbnail","6":"product_cat-fundas","7":"product_tag-fundas-con-diseno","8":"product_tag-fundas-protector","9":"product_tag-moq300","10":"product_tag-protector-2-en-1","12":"first","13":"instock","14":"shipping-taxable","15":"product-type-simple"},"jetpack_sharing_enabled":true,"_links":{"self":[{"href":"https:\/\/www.mobile-well.com\/es\/wp-json\/wp\/v2\/product\/40724","targetHints":{"allow":["GET"]}}],"collection":[{"href":"https:\/\/www.mobile-well.com\/es\/wp-json\/wp\/v2\/product"}],"about":[{"href":"https:\/\/www.mobile-well.com\/es\/wp-json\/wp\/v2\/types\/product"}],"wp:featuredmedia":[{"embeddable":true,"href":"https:\/\/www.mobile-well.com\/es\/wp-json\/wp\/v2\/media\/40707"}],"wp:attachment":[{"href":"https:\/\/www.mobile-well.com\/es\/wp-json\/wp\/v2\/media?parent=40724"}],"wp:term":[{"taxonomy":"product_brand","embeddable":true,"href":"https:\/\/www.mobile-well.com\/es\/wp-json\/wp\/v2\/product_brand?post=40724"},{"taxonomy":"product_cat","embeddable":true,"href":"https:\/\/www.mobile-well.com\/es\/wp-json\/wp\/v2\/product_cat?post=40724"},{"taxonomy":"product_tag","embeddable":true,"href":"https:\/\/www.mobile-well.com\/es\/wp-json\/wp\/v2\/product_tag?post=40724"}],"curies":[{"name":"wp","href":"https:\/\/api.w.org\/{rel}","templated":true}]}}