{"id":40958,"date":"2020-07-06T17:50:22","date_gmt":"2020-07-06T09:50:22","guid":{"rendered":"https:\/\/www.mobile-well.com\/?post_type=product&#038;p=40958"},"modified":"2020-07-06T17:50:26","modified_gmt":"2020-07-06T09:50:26","slug":"cable-usb-data-carga-rapida-y-transmision-rapida-material-de-pvc-premium","status":"publish","type":"product","link":"https:\/\/www.mobile-well.com\/es\/producto\/cable-usb-data-carga-rapida-y-transmision-rapida-material-de-pvc-premium\/","title":{"rendered":"CABLE USB DATA CARGA R\u00c1PIDA Y TRANSMISI\u00d3N R\u00c1PIDA MATERIAL DE PVC PREMIUM"},"content":{"rendered":"","protected":false},"excerpt":{"rendered":"<ul>\n<li>SMS-BP03<\/li>\n<li>3.3ft \/ 1m Powerline<\/li>\n<li>Carga r\u00e1pida y transmisi\u00f3n r\u00e1pida<\/li>\n<li>Material de PVC premium<\/li>\n<li>Cable de carga USB<\/li>\n<li>Velocidad ardiente<\/li>\n<li>Salida de carga 2.0A y 1.0A<\/li>\n<li>6000 + vida \u00fatil de la curva<\/li>\n<\/ul>\n","protected":false},"featured_media":40981,"template":"","meta":[],"product_brand":[],"product_cat":[79],"product_tag":[5919,4148,5921,5738,5920],"class_list":{"0":"post-40958","1":"product","2":"type-product","3":"status-publish","4":"has-post-thumbnail","6":"product_cat-cables","7":"product_tag-cable-usb-data","8":"product_tag-carga-rapida","9":"product_tag-material-de-pvc-premium","10":"product_tag-moq100","11":"product_tag-transmision-rapida","13":"first","14":"instock","15":"shipping-taxable","16":"product-type-simple"},"jetpack_sharing_enabled":true,"_links":{"self":[{"href":"https:\/\/www.mobile-well.com\/es\/wp-json\/wp\/v2\/product\/40958","targetHints":{"allow":["GET"]}}],"collection":[{"href":"https:\/\/www.mobile-well.com\/es\/wp-json\/wp\/v2\/product"}],"about":[{"href":"https:\/\/www.mobile-well.com\/es\/wp-json\/wp\/v2\/types\/product"}],"wp:featuredmedia":[{"embeddable":true,"href":"https:\/\/www.mobile-well.com\/es\/wp-json\/wp\/v2\/media\/40981"}],"wp:attachment":[{"href":"https:\/\/www.mobile-well.com\/es\/wp-json\/wp\/v2\/media?parent=40958"}],"wp:term":[{"taxonomy":"product_brand","embeddable":true,"href":"https:\/\/www.mobile-well.com\/es\/wp-json\/wp\/v2\/product_brand?post=40958"},{"taxonomy":"product_cat","embeddable":true,"href":"https:\/\/www.mobile-well.com\/es\/wp-json\/wp\/v2\/product_cat?post=40958"},{"taxonomy":"product_tag","embeddable":true,"href":"https:\/\/www.mobile-well.com\/es\/wp-json\/wp\/v2\/product_tag?post=40958"}],"curies":[{"name":"wp","href":"https:\/\/api.w.org\/{rel}","templated":true}]}}