{"id":40983,"date":"2020-07-06T17:54:24","date_gmt":"2020-07-06T09:54:24","guid":{"rendered":"https:\/\/www.mobile-well.com\/?post_type=product&#038;p=40983"},"modified":"2020-07-06T17:54:27","modified_gmt":"2020-07-06T09:54:27","slug":"3-1a-cable-usb-de-datos-de-carga-rapida-para-tipo-c-tipo-iphone-tipo-v8","status":"publish","type":"product","link":"https:\/\/www.mobile-well.com\/es\/producto\/3-1a-cable-usb-de-datos-de-carga-rapida-para-tipo-c-tipo-iphone-tipo-v8\/","title":{"rendered":"3.1A CABLE USB DE DATOS DE CARGA R\u00c1PIDA PARA TIPO C, TiPO iPhone, TIPO V8"},"content":{"rendered":"","protected":false},"excerpt":{"rendered":"<ul>\n<li>SMS-BT02<\/li>\n<li>L\u00ednea el\u00e9ctrica de 6,7 pies \/ 2 m<\/li>\n<li>Carga r\u00e1pida y transmisi\u00f3n r\u00e1pida<\/li>\n<li>Material TPE premium<\/li>\n<li>Cable de carga USB 3.1A<\/li>\n<li>Velocidad ardiente<\/li>\n<li>3.1A Salida de carga<\/li>\n<li>6000 + vida \u00fatil de la curva<\/li>\n<\/ul>\n","protected":false},"featured_media":40984,"template":"","meta":[],"product_brand":[],"product_cat":[79],"product_tag":[5922,4090,5923,5761],"class_list":{"0":"post-40983","1":"product","2":"type-product","3":"status-publish","4":"has-post-thumbnail","6":"product_cat-cables","7":"product_tag-3-1a-cable-usb","8":"product_tag-cable-usb-de-datos","9":"product_tag-cable-usb-de-datos-de-carga-rapida","10":"product_tag-moq200","12":"first","13":"instock","14":"shipping-taxable","15":"product-type-simple"},"jetpack_sharing_enabled":true,"_links":{"self":[{"href":"https:\/\/www.mobile-well.com\/es\/wp-json\/wp\/v2\/product\/40983","targetHints":{"allow":["GET"]}}],"collection":[{"href":"https:\/\/www.mobile-well.com\/es\/wp-json\/wp\/v2\/product"}],"about":[{"href":"https:\/\/www.mobile-well.com\/es\/wp-json\/wp\/v2\/types\/product"}],"wp:featuredmedia":[{"embeddable":true,"href":"https:\/\/www.mobile-well.com\/es\/wp-json\/wp\/v2\/media\/40984"}],"wp:attachment":[{"href":"https:\/\/www.mobile-well.com\/es\/wp-json\/wp\/v2\/media?parent=40983"}],"wp:term":[{"taxonomy":"product_brand","embeddable":true,"href":"https:\/\/www.mobile-well.com\/es\/wp-json\/wp\/v2\/product_brand?post=40983"},{"taxonomy":"product_cat","embeddable":true,"href":"https:\/\/www.mobile-well.com\/es\/wp-json\/wp\/v2\/product_cat?post=40983"},{"taxonomy":"product_tag","embeddable":true,"href":"https:\/\/www.mobile-well.com\/es\/wp-json\/wp\/v2\/product_tag?post=40983"}],"curies":[{"name":"wp","href":"https:\/\/api.w.org\/{rel}","templated":true}]}}