{"id":41004,"date":"2020-07-06T18:00:30","date_gmt":"2020-07-06T10:00:30","guid":{"rendered":"https:\/\/www.mobile-well.com\/?post_type=product&#038;p=41004"},"modified":"2020-07-06T18:00:31","modified_gmt":"2020-07-06T10:00:31","slug":"mayoreo-carga-rapida-y-transmision-rapida-cable-de-carga-usb-3-1a","status":"publish","type":"product","link":"https:\/\/www.mobile-well.com\/es\/producto\/mayoreo-carga-rapida-y-transmision-rapida-cable-de-carga-usb-3-1a\/","title":{"rendered":"MAYOREO CARGA R\u00c1PIDA Y TRANSMISI\u00d3N R\u00c1PIDA CABLE DE CARGA USB 3.1A"},"content":{"rendered":"","protected":false},"excerpt":{"rendered":"<ul>\n<li>SMS-BT03<\/li>\n<li>L\u00ednea el\u00e9ctrica de 10 pies \/ 3 m<\/li>\n<li>Carga r\u00e1pida y transmisi\u00f3n r\u00e1pida<\/li>\n<li>Material TPE premium<\/li>\n<li>Cable de carga USB 3.1A<\/li>\n<li>Velocidad ardiente<\/li>\n<li>3.1A Salida de carga<\/li>\n<li>6000 + vida \u00fatil de la curva<\/li>\n<\/ul>\n","protected":false},"featured_media":41011,"template":"","meta":[],"product_brand":[],"product_cat":[79],"product_tag":[5924,4148,5761,5920],"class_list":{"0":"post-41004","1":"product","2":"type-product","3":"status-publish","4":"has-post-thumbnail","6":"product_cat-cables","7":"product_tag-cable-de-carga-usb-3-1a","8":"product_tag-carga-rapida","9":"product_tag-moq200","10":"product_tag-transmision-rapida","12":"first","13":"instock","14":"shipping-taxable","15":"product-type-simple"},"jetpack_sharing_enabled":true,"_links":{"self":[{"href":"https:\/\/www.mobile-well.com\/es\/wp-json\/wp\/v2\/product\/41004","targetHints":{"allow":["GET"]}}],"collection":[{"href":"https:\/\/www.mobile-well.com\/es\/wp-json\/wp\/v2\/product"}],"about":[{"href":"https:\/\/www.mobile-well.com\/es\/wp-json\/wp\/v2\/types\/product"}],"wp:featuredmedia":[{"embeddable":true,"href":"https:\/\/www.mobile-well.com\/es\/wp-json\/wp\/v2\/media\/41011"}],"wp:attachment":[{"href":"https:\/\/www.mobile-well.com\/es\/wp-json\/wp\/v2\/media?parent=41004"}],"wp:term":[{"taxonomy":"product_brand","embeddable":true,"href":"https:\/\/www.mobile-well.com\/es\/wp-json\/wp\/v2\/product_brand?post=41004"},{"taxonomy":"product_cat","embeddable":true,"href":"https:\/\/www.mobile-well.com\/es\/wp-json\/wp\/v2\/product_cat?post=41004"},{"taxonomy":"product_tag","embeddable":true,"href":"https:\/\/www.mobile-well.com\/es\/wp-json\/wp\/v2\/product_tag?post=41004"}],"curies":[{"name":"wp","href":"https:\/\/api.w.org\/{rel}","templated":true}]}}