{"id":41258,"date":"2020-07-09T16:34:27","date_gmt":"2020-07-09T08:34:27","guid":{"rendered":"https:\/\/www.mobile-well.com\/?post_type=product&#038;p=41258"},"modified":"2020-07-09T17:21:07","modified_gmt":"2020-07-09T09:21:07","slug":"mayoreo-18d-vidrio-templado-borde-de-airbag-para-iphone-6-6s-7-8-6s-plus-7-plus-8-plus-x-xs-xs-max-xr","status":"publish","type":"product","link":"https:\/\/www.mobile-well.com\/es\/producto\/mayoreo-18d-vidrio-templado-borde-de-airbag-para-iphone-6-6s-7-8-6s-plus-7-plus-8-plus-x-xs-xs-max-xr\/","title":{"rendered":"Mayoreo 18D Vidrio templado borde de Airbag Para iPhone 6\/6S\/7\/8\/ 6s plus\/7 plus\/8 plus\/X\/XS\/ XS Max\/XR"},"content":{"rendered":"","protected":false},"excerpt":{"rendered":"<ul>\n<li>Nombre: 18D Vidrio templado borde de Airbag<\/li>\n<li>Espesor: 0,33 mm<\/li>\n<li>Horas templadas: 3 horas<\/li>\n<li>Funci\u00f3n: cubierta completa de pantalla completa, pegamento completo, anti-rotura, anti-ara\u00f1azos, anti-explosi\u00f3n<\/li>\n<li>Caracteristicas :<br \/>\n1. Full pegamento<br \/>\n2. El borde se eleva 0.28 mm para proteger celular del desgaste<\/li>\n<li>Comprar minima:50piezas\/modelo\/color<\/li>\n<li>Medidor de caja\uff1a600piezas 61*46*37cm\uff0c24kg<\/li>\n<\/ul>\n","protected":false},"featured_media":41259,"template":"","meta":[],"product_brand":[],"product_cat":[78],"product_tag":[5942,5943,5026,5944,5756,865],"class_list":{"0":"post-41258","1":"product","2":"type-product","3":"status-publish","4":"has-post-thumbnail","6":"product_cat-films-protectores","7":"product_tag-18d-vidrio-templado","8":"product_tag-18d-vidrio-templado-borde-de-airbag","9":"product_tag-micas-de-vidrio","10":"product_tag-micas-para-celular","11":"product_tag-moq50","12":"product_tag-vidrio-templado","14":"first","15":"instock","16":"shipping-taxable","17":"product-type-simple"},"jetpack_sharing_enabled":true,"_links":{"self":[{"href":"https:\/\/www.mobile-well.com\/es\/wp-json\/wp\/v2\/product\/41258","targetHints":{"allow":["GET"]}}],"collection":[{"href":"https:\/\/www.mobile-well.com\/es\/wp-json\/wp\/v2\/product"}],"about":[{"href":"https:\/\/www.mobile-well.com\/es\/wp-json\/wp\/v2\/types\/product"}],"wp:featuredmedia":[{"embeddable":true,"href":"https:\/\/www.mobile-well.com\/es\/wp-json\/wp\/v2\/media\/41259"}],"wp:attachment":[{"href":"https:\/\/www.mobile-well.com\/es\/wp-json\/wp\/v2\/media?parent=41258"}],"wp:term":[{"taxonomy":"product_brand","embeddable":true,"href":"https:\/\/www.mobile-well.com\/es\/wp-json\/wp\/v2\/product_brand?post=41258"},{"taxonomy":"product_cat","embeddable":true,"href":"https:\/\/www.mobile-well.com\/es\/wp-json\/wp\/v2\/product_cat?post=41258"},{"taxonomy":"product_tag","embeddable":true,"href":"https:\/\/www.mobile-well.com\/es\/wp-json\/wp\/v2\/product_tag?post=41258"}],"curies":[{"name":"wp","href":"https:\/\/api.w.org\/{rel}","templated":true}]}}