{"id":41273,"date":"2020-07-09T16:45:23","date_gmt":"2020-07-09T08:45:23","guid":{"rendered":"https:\/\/www.mobile-well.com\/?post_type=product&#038;p=41273"},"modified":"2020-07-09T16:45:27","modified_gmt":"2020-07-09T08:45:27","slug":"mayoreo-vidrio-templado-antibacteriano-para-iphone-samsung-huawei-xiaomi-moto","status":"publish","type":"product","link":"https:\/\/www.mobile-well.com\/es\/producto\/mayoreo-vidrio-templado-antibacteriano-para-iphone-samsung-huawei-xiaomi-moto\/","title":{"rendered":"Mayoreo vidrio templado antibacteriano para iPhone\/Samsung\/Huawei\/Xiaomi\/Moto"},"content":{"rendered":"","protected":false},"excerpt":{"rendered":"<ul>\n<li>Nombre:<\/li>\n<li>Grosor:0.33mm<\/li>\n<li>Hora templada:3hrs<\/li>\n<li>Caracter\u00edstica:1. El recubrimiento antimicrobiano de iones de plata mata efectivamente al estafilococo, e. coli, etc.<br \/>\n2. Dise\u00f1o de red a prueba de polvo, bloquea la acumulaci\u00f3n de polvo y bacteriano en el orificio del auricular.<br \/>\n3. 0.3mm vidrio templado con alto contenido de al\u00famina y s\u00edlice En comparaci\u00f3n con el vidrio templado ordinario, el contenido de \u00f3xido de aluminio(Al2O3) y s\u00edlice (SiO2) es mayor, y tiene las ventajas de una mayor transmitancia de luz, un \u00edndice de refracci\u00f3n m\u00e1s bajo y una mejor resistencia a la flexi\u00f3n.\uff09<br \/>\n4.Escape autom\u00e1tico r\u00e1pido, revestimiento galv\u00e1nico, ponible y duradero.<\/li>\n<li>Comprar minima:50piezas\/modelo\/color<\/li>\n<li>Medidor de caja\uff1a600 piezas, 60 * 45 * 33 cm, 20 kg<\/li>\n<\/ul>\n","protected":false},"featured_media":41274,"template":"","meta":[],"product_brand":[],"product_cat":[78],"product_tag":[5026,5944,5947,5756,5946,5945],"class_list":{"0":"post-41273","1":"product","2":"type-product","3":"status-publish","4":"has-post-thumbnail","6":"product_cat-films-protectores","7":"product_tag-micas-de-vidrio","8":"product_tag-micas-para-celular","9":"product_tag-micasdevidrioparacelulares","10":"product_tag-moq50","11":"product_tag-pelculadevidro","12":"product_tag-vidrio-templado-antibacteriano","14":"first","15":"instock","16":"shipping-taxable","17":"product-type-simple"},"jetpack_sharing_enabled":true,"_links":{"self":[{"href":"https:\/\/www.mobile-well.com\/es\/wp-json\/wp\/v2\/product\/41273","targetHints":{"allow":["GET"]}}],"collection":[{"href":"https:\/\/www.mobile-well.com\/es\/wp-json\/wp\/v2\/product"}],"about":[{"href":"https:\/\/www.mobile-well.com\/es\/wp-json\/wp\/v2\/types\/product"}],"wp:featuredmedia":[{"embeddable":true,"href":"https:\/\/www.mobile-well.com\/es\/wp-json\/wp\/v2\/media\/41274"}],"wp:attachment":[{"href":"https:\/\/www.mobile-well.com\/es\/wp-json\/wp\/v2\/media?parent=41273"}],"wp:term":[{"taxonomy":"product_brand","embeddable":true,"href":"https:\/\/www.mobile-well.com\/es\/wp-json\/wp\/v2\/product_brand?post=41273"},{"taxonomy":"product_cat","embeddable":true,"href":"https:\/\/www.mobile-well.com\/es\/wp-json\/wp\/v2\/product_cat?post=41273"},{"taxonomy":"product_tag","embeddable":true,"href":"https:\/\/www.mobile-well.com\/es\/wp-json\/wp\/v2\/product_tag?post=41273"}],"curies":[{"name":"wp","href":"https:\/\/api.w.org\/{rel}","templated":true}]}}