{"id":42142,"date":"2020-08-08T17:06:12","date_gmt":"2020-08-08T09:06:12","guid":{"rendered":"https:\/\/www.mobile-well.com\/?post_type=product&#038;p=42142"},"modified":"2020-08-08T17:06:14","modified_gmt":"2020-08-08T09:06:14","slug":"auricular-profesional-para-juegos-comodos-y-de-alta-calidad","status":"publish","type":"product","link":"https:\/\/www.mobile-well.com\/es\/producto\/auricular-profesional-para-juegos-comodos-y-de-alta-calidad\/","title":{"rendered":"AURICULAR PROFESIONAL PARA JUEGOS C\u00d3MODOS Y DE ALTA CALIDAD"},"content":{"rendered":"","protected":false},"excerpt":{"rendered":"<ul>\n<li>Dimensi\u00f3n del micr\u00f3fono: \u00f86.0mm * 2.8mm<\/li>\n<li>Sensibilidad: -36dB \u00b1 3dB<\/li>\n<li>Directividad: omnidireccional<\/li>\n<li>Di\u00e1metro de Speker: \u00f840mmm<\/li>\n<li>Impedancia: 32\u03a9<\/li>\n<li>Respuesta de frecuencia: 20-20000Hz<\/li>\n<li>S.P.L: 110dB \u00b1 3dB<\/li>\n<li>Grado de distorsi\u00f3n: \uff1c 0,1%<\/li>\n<li>Longitud del cable: 1,8 m<\/li>\n<\/ul>\n","protected":false},"featured_media":42161,"template":"","meta":[],"product_brand":[],"product_cat":[3017],"product_tag":[5984,5983],"class_list":{"0":"post-42142","1":"product","2":"type-product","3":"status-publish","4":"has-post-thumbnail","6":"product_cat-auriculares","7":"product_tag-auricular-profesiona","8":"product_tag-moq60","10":"first","11":"instock","12":"shipping-taxable","13":"product-type-simple"},"jetpack_sharing_enabled":true,"_links":{"self":[{"href":"https:\/\/www.mobile-well.com\/es\/wp-json\/wp\/v2\/product\/42142","targetHints":{"allow":["GET"]}}],"collection":[{"href":"https:\/\/www.mobile-well.com\/es\/wp-json\/wp\/v2\/product"}],"about":[{"href":"https:\/\/www.mobile-well.com\/es\/wp-json\/wp\/v2\/types\/product"}],"wp:featuredmedia":[{"embeddable":true,"href":"https:\/\/www.mobile-well.com\/es\/wp-json\/wp\/v2\/media\/42161"}],"wp:attachment":[{"href":"https:\/\/www.mobile-well.com\/es\/wp-json\/wp\/v2\/media?parent=42142"}],"wp:term":[{"taxonomy":"product_brand","embeddable":true,"href":"https:\/\/www.mobile-well.com\/es\/wp-json\/wp\/v2\/product_brand?post=42142"},{"taxonomy":"product_cat","embeddable":true,"href":"https:\/\/www.mobile-well.com\/es\/wp-json\/wp\/v2\/product_cat?post=42142"},{"taxonomy":"product_tag","embeddable":true,"href":"https:\/\/www.mobile-well.com\/es\/wp-json\/wp\/v2\/product_tag?post=42142"}],"curies":[{"name":"wp","href":"https:\/\/api.w.org\/{rel}","templated":true}]}}