{"id":42232,"date":"2020-08-08T17:40:19","date_gmt":"2020-08-08T09:40:19","guid":{"rendered":"https:\/\/www.mobile-well.com\/?post_type=product&#038;p=42232"},"modified":"2020-08-08T17:40:21","modified_gmt":"2020-08-08T09:40:21","slug":"mini-portatiles-auricular-inalambrico-v5-0-tecnologia-blancos","status":"publish","type":"product","link":"https:\/\/www.mobile-well.com\/es\/producto\/mini-portatiles-auricular-inalambrico-v5-0-tecnologia-blancos\/","title":{"rendered":"MINI PORT\u00c1TILES AURICULAR INAL\u00c1MBRICO V5.0 TECNOLOG\u00cdA BLANCOS"},"content":{"rendered":"","protected":false},"excerpt":{"rendered":"<ul>\n<li>Modelo: F9<\/li>\n<li>BT: V5.0<\/li>\n<li>Rango de transmisi\u00f3n: 10 m<\/li>\n<li>Tiempo de carga: 1-2 horas<\/li>\n<li>Tiempo de llamada: aproximadamente 4 horas<\/li>\n<li>Tiempo de la m\u00fasica: alrededor de 4-5 horas<\/li>\n<li>Frecuencia: 50-8 kHz<\/li>\n<li>Tama\u00f1o de Speker: 8 mm<\/li>\n<li>Altavoz de la caja del cargador: 4Q 3W<\/li>\n<li>Sensibilidad: 95 \u00b1 3dB<\/li>\n<li>Corriente de entrada: 5V-1A<\/li>\n<li>Corriente de salida: 5V-1A<\/li>\n<li>Producto N.W: alrededor de 115 g (auriculares y estuche de cargador)<\/li>\n<\/ul>\n","protected":false},"featured_media":42239,"template":"","meta":[],"product_brand":[],"product_cat":[3016],"product_tag":[1510,5988,5989,5738],"class_list":{"0":"post-42232","1":"product","2":"type-product","3":"status-publish","4":"has-post-thumbnail","6":"product_cat-auriculares-bluetooth","7":"product_tag-auricular-inalambrico","8":"product_tag-auricular-inalambrico-v5-0","9":"product_tag-mini-portatiles-auricular-inalambrico","10":"product_tag-moq100","12":"first","13":"instock","14":"shipping-taxable","15":"product-type-simple"},"jetpack_sharing_enabled":true,"_links":{"self":[{"href":"https:\/\/www.mobile-well.com\/es\/wp-json\/wp\/v2\/product\/42232","targetHints":{"allow":["GET"]}}],"collection":[{"href":"https:\/\/www.mobile-well.com\/es\/wp-json\/wp\/v2\/product"}],"about":[{"href":"https:\/\/www.mobile-well.com\/es\/wp-json\/wp\/v2\/types\/product"}],"wp:featuredmedia":[{"embeddable":true,"href":"https:\/\/www.mobile-well.com\/es\/wp-json\/wp\/v2\/media\/42239"}],"wp:attachment":[{"href":"https:\/\/www.mobile-well.com\/es\/wp-json\/wp\/v2\/media?parent=42232"}],"wp:term":[{"taxonomy":"product_brand","embeddable":true,"href":"https:\/\/www.mobile-well.com\/es\/wp-json\/wp\/v2\/product_brand?post=42232"},{"taxonomy":"product_cat","embeddable":true,"href":"https:\/\/www.mobile-well.com\/es\/wp-json\/wp\/v2\/product_cat?post=42232"},{"taxonomy":"product_tag","embeddable":true,"href":"https:\/\/www.mobile-well.com\/es\/wp-json\/wp\/v2\/product_tag?post=42232"}],"curies":[{"name":"wp","href":"https:\/\/api.w.org\/{rel}","templated":true}]}}