{"id":43029,"date":"2020-08-10T17:18:16","date_gmt":"2020-08-10T09:18:16","guid":{"rendered":"https:\/\/www.mobile-well.com\/?post_type=product&#038;p=43029"},"modified":"2020-08-10T17:18:23","modified_gmt":"2020-08-10T09:18:23","slug":"estuche-para-telefono-rigido-anti-caida-tpu-pc-en-colores-dobles","status":"publish","type":"product","link":"https:\/\/www.mobile-well.com\/es\/producto\/estuche-para-telefono-rigido-anti-caida-tpu-pc-en-colores-dobles\/","title":{"rendered":"Estuche para tel\u00e9fono r\u00edgido anti-ca\u00edda TPU + PC en colores dobles"},"content":{"rendered":"","protected":false},"excerpt":{"rendered":"<ul>\n<li>Nombre:Gota de ojo de halc\u00f3n<\/li>\n<li>Material\uff1aTPU+PC<\/li>\n<li>Color:como la imagen<\/li>\n<li>Models:varios modelos est\u00e1n disponibles<\/li>\n<li>Comprar minima:10piezas\/modelo\/color<\/li>\n<\/ul>\n","protected":false},"featured_media":42885,"template":"","meta":[],"product_brand":[],"product_cat":[77],"product_tag":[6038,6040,6039,6041,5900],"class_list":{"0":"post-43029","1":"product","2":"type-product","3":"status-publish","4":"has-post-thumbnail","6":"product_cat-fundas","7":"product_tag-estuche-para-telefono","8":"product_tag-estuche-para-telefono-anti-caida","9":"product_tag-estuche-para-telefono-rigido","10":"product_tag-estuche-para-telefono-tpu-pc","11":"product_tag-moq10","13":"first","14":"instock","15":"shipping-taxable","16":"product-type-simple"},"jetpack_sharing_enabled":true,"_links":{"self":[{"href":"https:\/\/www.mobile-well.com\/es\/wp-json\/wp\/v2\/product\/43029","targetHints":{"allow":["GET"]}}],"collection":[{"href":"https:\/\/www.mobile-well.com\/es\/wp-json\/wp\/v2\/product"}],"about":[{"href":"https:\/\/www.mobile-well.com\/es\/wp-json\/wp\/v2\/types\/product"}],"wp:featuredmedia":[{"embeddable":true,"href":"https:\/\/www.mobile-well.com\/es\/wp-json\/wp\/v2\/media\/42885"}],"wp:attachment":[{"href":"https:\/\/www.mobile-well.com\/es\/wp-json\/wp\/v2\/media?parent=43029"}],"wp:term":[{"taxonomy":"product_brand","embeddable":true,"href":"https:\/\/www.mobile-well.com\/es\/wp-json\/wp\/v2\/product_brand?post=43029"},{"taxonomy":"product_cat","embeddable":true,"href":"https:\/\/www.mobile-well.com\/es\/wp-json\/wp\/v2\/product_cat?post=43029"},{"taxonomy":"product_tag","embeddable":true,"href":"https:\/\/www.mobile-well.com\/es\/wp-json\/wp\/v2\/product_tag?post=43029"}],"curies":[{"name":"wp","href":"https:\/\/api.w.org\/{rel}","templated":true}]}}