{"id":43205,"date":"2020-08-25T18:23:16","date_gmt":"2020-08-25T10:23:16","guid":{"rendered":"https:\/\/www.mobile-well.com\/?post_type=product&#038;p=43205"},"modified":"2020-08-25T18:23:19","modified_gmt":"2020-08-25T10:23:19","slug":"auricular-inalambrico-del-deporte-negro-unico-al-por-mayor-con-el-caso-de-carga-portatil","status":"publish","type":"product","link":"https:\/\/www.mobile-well.com\/es\/producto\/auricular-inalambrico-del-deporte-negro-unico-al-por-mayor-con-el-caso-de-carga-portatil\/","title":{"rendered":"Auricular inal\u00e1mbrico del deporte negro \u00fanico al por mayor con el caso de carga port\u00e1til"},"content":{"rendered":"","protected":false},"excerpt":{"rendered":"<p>Auricular inal\u00e1mbrico del deporte negro \u00fanico al por mayor con el caso de carga port\u00e1til<\/p>\n","protected":false},"featured_media":43212,"template":"","meta":[],"product_brand":[],"product_cat":[275],"product_tag":[1510,6056,6057,5761],"class_list":{"0":"post-43205","1":"product","2":"type-product","3":"status-publish","4":"has-post-thumbnail","6":"product_cat-audifonos","7":"product_tag-auricular-inalambrico","8":"product_tag-auricular-inalambrico-del-deporte","9":"product_tag-auricular-inalambrico-del-deporte-negro","10":"product_tag-moq200","12":"first","13":"instock","14":"shipping-taxable","15":"product-type-simple"},"jetpack_sharing_enabled":true,"_links":{"self":[{"href":"https:\/\/www.mobile-well.com\/es\/wp-json\/wp\/v2\/product\/43205","targetHints":{"allow":["GET"]}}],"collection":[{"href":"https:\/\/www.mobile-well.com\/es\/wp-json\/wp\/v2\/product"}],"about":[{"href":"https:\/\/www.mobile-well.com\/es\/wp-json\/wp\/v2\/types\/product"}],"wp:featuredmedia":[{"embeddable":true,"href":"https:\/\/www.mobile-well.com\/es\/wp-json\/wp\/v2\/media\/43212"}],"wp:attachment":[{"href":"https:\/\/www.mobile-well.com\/es\/wp-json\/wp\/v2\/media?parent=43205"}],"wp:term":[{"taxonomy":"product_brand","embeddable":true,"href":"https:\/\/www.mobile-well.com\/es\/wp-json\/wp\/v2\/product_brand?post=43205"},{"taxonomy":"product_cat","embeddable":true,"href":"https:\/\/www.mobile-well.com\/es\/wp-json\/wp\/v2\/product_cat?post=43205"},{"taxonomy":"product_tag","embeddable":true,"href":"https:\/\/www.mobile-well.com\/es\/wp-json\/wp\/v2\/product_tag?post=43205"}],"curies":[{"name":"wp","href":"https:\/\/api.w.org\/{rel}","templated":true}]}}