{"id":43224,"date":"2020-08-25T18:26:28","date_gmt":"2020-08-25T10:26:28","guid":{"rendered":"https:\/\/www.mobile-well.com\/?post_type=product&#038;p=43224"},"modified":"2020-08-25T18:27:15","modified_gmt":"2020-08-25T10:27:15","slug":"43224","status":"publish","type":"product","link":"https:\/\/www.mobile-well.com\/es\/producto\/43224\/","title":{"rendered":"Auriculares inal\u00e1mbricos port\u00e1tiles de alta calidad TWS para tel\u00e9fono \/ tableta"},"content":{"rendered":"","protected":false},"excerpt":{"rendered":"<p>Auriculares inal\u00e1mbricos port\u00e1tiles de alta calidad TWS para tel\u00e9fono \/ tableta<\/p>\n","protected":false},"featured_media":43239,"template":"","meta":[],"product_brand":[],"product_cat":[3017],"product_tag":[1767,6058,5761],"class_list":{"0":"post-43224","1":"product","2":"type-product","3":"status-publish","4":"has-post-thumbnail","6":"product_cat-auriculares","7":"product_tag-auriculares-inalambricos","8":"product_tag-auriculares-inalambricos-portatiles","9":"product_tag-moq200","11":"first","12":"instock","13":"shipping-taxable","14":"product-type-simple"},"jetpack_sharing_enabled":true,"_links":{"self":[{"href":"https:\/\/www.mobile-well.com\/es\/wp-json\/wp\/v2\/product\/43224","targetHints":{"allow":["GET"]}}],"collection":[{"href":"https:\/\/www.mobile-well.com\/es\/wp-json\/wp\/v2\/product"}],"about":[{"href":"https:\/\/www.mobile-well.com\/es\/wp-json\/wp\/v2\/types\/product"}],"wp:featuredmedia":[{"embeddable":true,"href":"https:\/\/www.mobile-well.com\/es\/wp-json\/wp\/v2\/media\/43239"}],"wp:attachment":[{"href":"https:\/\/www.mobile-well.com\/es\/wp-json\/wp\/v2\/media?parent=43224"}],"wp:term":[{"taxonomy":"product_brand","embeddable":true,"href":"https:\/\/www.mobile-well.com\/es\/wp-json\/wp\/v2\/product_brand?post=43224"},{"taxonomy":"product_cat","embeddable":true,"href":"https:\/\/www.mobile-well.com\/es\/wp-json\/wp\/v2\/product_cat?post=43224"},{"taxonomy":"product_tag","embeddable":true,"href":"https:\/\/www.mobile-well.com\/es\/wp-json\/wp\/v2\/product_tag?post=43224"}],"curies":[{"name":"wp","href":"https:\/\/api.w.org\/{rel}","templated":true}]}}