{"id":43290,"date":"2020-09-01T17:41:22","date_gmt":"2020-09-01T09:41:22","guid":{"rendered":"https:\/\/www.mobile-well.com\/?post_type=product&#038;p=43290"},"modified":"2020-09-01T17:41:27","modified_gmt":"2020-09-01T09:41:27","slug":"airdots-inalambricos-blancos-v5-0-true-con-caja-de-carga-portatil","status":"publish","type":"product","link":"https:\/\/www.mobile-well.com\/es\/producto\/airdots-inalambricos-blancos-v5-0-true-con-caja-de-carga-portatil\/","title":{"rendered":"Airdots inal\u00e1mbricos blancos V5.0 True con caja de carga port\u00e1til"},"content":{"rendered":"","protected":false},"excerpt":{"rendered":"<p>Airdots inal\u00e1mbricos blancos V5.0 True con caja de carga port\u00e1til<\/p>\n","protected":false},"featured_media":43295,"template":"","meta":[],"product_brand":[],"product_cat":[275],"product_tag":[6062,6063,6064,5738],"class_list":{"0":"post-43290","1":"product","2":"type-product","3":"status-publish","4":"has-post-thumbnail","6":"product_cat-audifonos","7":"product_tag-airdots-inalambricos","8":"product_tag-airdots-inalambricos-blancos","9":"product_tag-airdots-inalambricos-v5-0-true","10":"product_tag-moq100","12":"first","13":"instock","14":"shipping-taxable","15":"product-type-simple"},"jetpack_sharing_enabled":true,"_links":{"self":[{"href":"https:\/\/www.mobile-well.com\/es\/wp-json\/wp\/v2\/product\/43290","targetHints":{"allow":["GET"]}}],"collection":[{"href":"https:\/\/www.mobile-well.com\/es\/wp-json\/wp\/v2\/product"}],"about":[{"href":"https:\/\/www.mobile-well.com\/es\/wp-json\/wp\/v2\/types\/product"}],"wp:featuredmedia":[{"embeddable":true,"href":"https:\/\/www.mobile-well.com\/es\/wp-json\/wp\/v2\/media\/43295"}],"wp:attachment":[{"href":"https:\/\/www.mobile-well.com\/es\/wp-json\/wp\/v2\/media?parent=43290"}],"wp:term":[{"taxonomy":"product_brand","embeddable":true,"href":"https:\/\/www.mobile-well.com\/es\/wp-json\/wp\/v2\/product_brand?post=43290"},{"taxonomy":"product_cat","embeddable":true,"href":"https:\/\/www.mobile-well.com\/es\/wp-json\/wp\/v2\/product_cat?post=43290"},{"taxonomy":"product_tag","embeddable":true,"href":"https:\/\/www.mobile-well.com\/es\/wp-json\/wp\/v2\/product_tag?post=43290"}],"curies":[{"name":"wp","href":"https:\/\/api.w.org\/{rel}","templated":true}]}}