{"id":43303,"date":"2020-09-01T17:50:31","date_gmt":"2020-09-01T09:50:31","guid":{"rendered":"https:\/\/www.mobile-well.com\/?post_type=product&#038;p=43303"},"modified":"2020-09-01T17:50:32","modified_gmt":"2020-09-01T09:50:32","slug":"cargador-inalambrico-de-alas-de-angel-de-carga-rapida-y-segura","status":"publish","type":"product","link":"https:\/\/www.mobile-well.com\/es\/producto\/cargador-inalambrico-de-alas-de-angel-de-carga-rapida-y-segura\/","title":{"rendered":"Cargador inal\u00e1mbrico de alas de \u00e1ngel de carga r\u00e1pida y segura"},"content":{"rendered":"","protected":false},"excerpt":{"rendered":"<p>Cargador inal\u00e1mbrico de alas de \u00e1ngel de carga r\u00e1pida y segura<\/p>\n","protected":false},"featured_media":43322,"template":"","meta":[],"product_brand":[],"product_cat":[541],"product_tag":[6065,2037,5738],"class_list":{"0":"post-43303","1":"product","2":"type-product","3":"status-publish","4":"has-post-thumbnail","6":"product_cat-cargadores-inalambricos","7":"product_tag-carga-rapida-y-segura","8":"product_tag-cargador-inalambrico","9":"product_tag-moq100","11":"first","12":"instock","13":"shipping-taxable","14":"product-type-simple"},"jetpack_sharing_enabled":true,"_links":{"self":[{"href":"https:\/\/www.mobile-well.com\/es\/wp-json\/wp\/v2\/product\/43303","targetHints":{"allow":["GET"]}}],"collection":[{"href":"https:\/\/www.mobile-well.com\/es\/wp-json\/wp\/v2\/product"}],"about":[{"href":"https:\/\/www.mobile-well.com\/es\/wp-json\/wp\/v2\/types\/product"}],"wp:featuredmedia":[{"embeddable":true,"href":"https:\/\/www.mobile-well.com\/es\/wp-json\/wp\/v2\/media\/43322"}],"wp:attachment":[{"href":"https:\/\/www.mobile-well.com\/es\/wp-json\/wp\/v2\/media?parent=43303"}],"wp:term":[{"taxonomy":"product_brand","embeddable":true,"href":"https:\/\/www.mobile-well.com\/es\/wp-json\/wp\/v2\/product_brand?post=43303"},{"taxonomy":"product_cat","embeddable":true,"href":"https:\/\/www.mobile-well.com\/es\/wp-json\/wp\/v2\/product_cat?post=43303"},{"taxonomy":"product_tag","embeddable":true,"href":"https:\/\/www.mobile-well.com\/es\/wp-json\/wp\/v2\/product_tag?post=43303"}],"curies":[{"name":"wp","href":"https:\/\/api.w.org\/{rel}","templated":true}]}}