{"id":43508,"date":"2020-09-07T15:59:14","date_gmt":"2020-09-07T07:59:14","guid":{"rendered":"https:\/\/www.mobile-well.com\/?post_type=product&#038;p=43508"},"modified":"2020-09-07T15:59:20","modified_gmt":"2020-09-07T07:59:20","slug":"estuches-para-telefonos-hibridos-anti-caida-de-tpu-pc-con-lindo-diseno-de-patrones","status":"publish","type":"product","link":"https:\/\/www.mobile-well.com\/es\/producto\/estuches-para-telefonos-hibridos-anti-caida-de-tpu-pc-con-lindo-diseno-de-patrones\/","title":{"rendered":"Estuches para tel\u00e9fonos h\u00edbridos de TPU + PC anti-ca\u00edda con lindo dise\u00f1o de patrones"},"content":{"rendered":"","protected":false},"excerpt":{"rendered":"<ul>\n<li>Material: TPU+PC<\/li>\n<li>Artesan\u00eda: relieve<\/li>\n<li>Color: como imagen<\/li>\n<li>Modelos: Lost of models est\u00e1n disponibles<\/li>\n<li>Comprar minima: 200piezas \/ modelo, 50piezas \/ color<\/li>\n<li>Precio: US $ 0.59<\/li>\n<\/ul>\n","protected":false},"featured_media":43511,"template":"","meta":[],"product_brand":[],"product_cat":[77],"product_tag":[6079,6081,6080,5761],"class_list":{"0":"post-43508","1":"product","2":"type-product","3":"status-publish","4":"has-post-thumbnail","6":"product_cat-fundas","7":"product_tag-estuches-para-telefonos","8":"product_tag-estuches-para-telefonos-anti-caida","9":"product_tag-estuches-para-telefonos-tpupc","10":"product_tag-moq200","12":"first","13":"instock","14":"shipping-taxable","15":"product-type-simple"},"jetpack_sharing_enabled":true,"_links":{"self":[{"href":"https:\/\/www.mobile-well.com\/es\/wp-json\/wp\/v2\/product\/43508","targetHints":{"allow":["GET"]}}],"collection":[{"href":"https:\/\/www.mobile-well.com\/es\/wp-json\/wp\/v2\/product"}],"about":[{"href":"https:\/\/www.mobile-well.com\/es\/wp-json\/wp\/v2\/types\/product"}],"wp:featuredmedia":[{"embeddable":true,"href":"https:\/\/www.mobile-well.com\/es\/wp-json\/wp\/v2\/media\/43511"}],"wp:attachment":[{"href":"https:\/\/www.mobile-well.com\/es\/wp-json\/wp\/v2\/media?parent=43508"}],"wp:term":[{"taxonomy":"product_brand","embeddable":true,"href":"https:\/\/www.mobile-well.com\/es\/wp-json\/wp\/v2\/product_brand?post=43508"},{"taxonomy":"product_cat","embeddable":true,"href":"https:\/\/www.mobile-well.com\/es\/wp-json\/wp\/v2\/product_cat?post=43508"},{"taxonomy":"product_tag","embeddable":true,"href":"https:\/\/www.mobile-well.com\/es\/wp-json\/wp\/v2\/product_tag?post=43508"}],"curies":[{"name":"wp","href":"https:\/\/api.w.org\/{rel}","templated":true}]}}