{"id":43794,"date":"2020-09-07T17:31:11","date_gmt":"2020-09-07T09:31:11","guid":{"rendered":"https:\/\/www.mobile-well.com\/?post_type=product&#038;p=43794"},"modified":"2020-09-07T17:31:19","modified_gmt":"2020-09-07T09:31:19","slug":"anti-rasgunos-carcasas-protector-tpuacrilico-con-patron-de-diamante","status":"publish","type":"product","link":"https:\/\/www.mobile-well.com\/es\/producto\/anti-rasgunos-carcasas-protector-tpuacrilico-con-patron-de-diamante\/","title":{"rendered":"Anti-rasgu\u00f1os carcasas protector TPU+acr\u00edlico con patr\u00f3n de diamante"},"content":{"rendered":"","protected":false},"excerpt":{"rendered":"<ul>\n<li>Material: TPU + acr\u00edlico<\/li>\n<li>Artesan\u00eda: Epoxi + Decotation<\/li>\n<li>Color: como imagen<\/li>\n<li>Modelos: Lost of models est\u00e1n disponibles<\/li>\n<li>Comprar minima: 200piezas \/ modelo, 50piezas \/ color<\/li>\n<li>Precio: US $ 0.69<\/li>\n<\/ul>\n","protected":false},"featured_media":43801,"template":"","meta":[],"product_brand":[],"product_cat":[77],"product_tag":[6110,6006,6109,6108,5761],"class_list":{"0":"post-43794","1":"product","2":"type-product","3":"status-publish","4":"has-post-thumbnail","6":"product_cat-fundas","7":"product_tag-anti-rasgunos-carcasas-protector","8":"product_tag-carcasas-protector","9":"product_tag-carcasas-protector-con-patron-de-diamante","10":"product_tag-carcasas-protector-tpuacrilico","11":"product_tag-moq200","13":"first","14":"instock","15":"shipping-taxable","16":"product-type-simple"},"jetpack_sharing_enabled":true,"_links":{"self":[{"href":"https:\/\/www.mobile-well.com\/es\/wp-json\/wp\/v2\/product\/43794","targetHints":{"allow":["GET"]}}],"collection":[{"href":"https:\/\/www.mobile-well.com\/es\/wp-json\/wp\/v2\/product"}],"about":[{"href":"https:\/\/www.mobile-well.com\/es\/wp-json\/wp\/v2\/types\/product"}],"wp:featuredmedia":[{"embeddable":true,"href":"https:\/\/www.mobile-well.com\/es\/wp-json\/wp\/v2\/media\/43801"}],"wp:attachment":[{"href":"https:\/\/www.mobile-well.com\/es\/wp-json\/wp\/v2\/media?parent=43794"}],"wp:term":[{"taxonomy":"product_brand","embeddable":true,"href":"https:\/\/www.mobile-well.com\/es\/wp-json\/wp\/v2\/product_brand?post=43794"},{"taxonomy":"product_cat","embeddable":true,"href":"https:\/\/www.mobile-well.com\/es\/wp-json\/wp\/v2\/product_cat?post=43794"},{"taxonomy":"product_tag","embeddable":true,"href":"https:\/\/www.mobile-well.com\/es\/wp-json\/wp\/v2\/product_tag?post=43794"}],"curies":[{"name":"wp","href":"https:\/\/api.w.org\/{rel}","templated":true}]}}