{"id":43817,"date":"2020-09-07T17:35:34","date_gmt":"2020-09-07T09:35:34","guid":{"rendered":"https:\/\/www.mobile-well.com\/?post_type=product&#038;p=43817"},"modified":"2020-09-07T17:35:41","modified_gmt":"2020-09-07T09:35:41","slug":"fundas-de-movil-super-delgados-anti-caida-de-tpu-acrilico-con-patron-de-diamante","status":"publish","type":"product","link":"https:\/\/www.mobile-well.com\/es\/producto\/fundas-de-movil-super-delgados-anti-caida-de-tpu-acrilico-con-patron-de-diamante\/","title":{"rendered":"Fundas de movil s\u00faper delgados anti-ca\u00edda de TPU + acr\u00edlico con patr\u00f3n de diamante"},"content":{"rendered":"","protected":false},"excerpt":{"rendered":"<ul>\n<li>Material: TPU + acr\u00edlico<\/li>\n<li>Artesan\u00eda: Epoxi + Decotation<\/li>\n<li>Color: como imagen<\/li>\n<li>Modelos: Lost of models est\u00e1n disponibles<\/li>\n<li>Comprar minima: 200piezas \/ modelo, 50piezas \/ color<\/li>\n<li>Precio: US $ 1.03<\/li>\n<\/ul>\n","protected":false},"featured_media":43818,"template":"","meta":[],"product_brand":[],"product_cat":[77],"product_tag":[94,6112,6114,6113,6111,5761],"class_list":{"0":"post-43817","1":"product","2":"type-product","3":"status-publish","4":"has-post-thumbnail","6":"product_cat-fundas","7":"product_tag-fundas-de-movil","8":"product_tag-fundas-de-movil-anti-caida","9":"product_tag-fundas-de-movil-con-patron-de-diamante","10":"product_tag-fundas-de-movil-de-tpu-acrilico","11":"product_tag-fundas-de-movil-super-delgados","12":"product_tag-moq200","14":"first","15":"instock","16":"shipping-taxable","17":"product-type-simple"},"jetpack_sharing_enabled":true,"_links":{"self":[{"href":"https:\/\/www.mobile-well.com\/es\/wp-json\/wp\/v2\/product\/43817","targetHints":{"allow":["GET"]}}],"collection":[{"href":"https:\/\/www.mobile-well.com\/es\/wp-json\/wp\/v2\/product"}],"about":[{"href":"https:\/\/www.mobile-well.com\/es\/wp-json\/wp\/v2\/types\/product"}],"wp:featuredmedia":[{"embeddable":true,"href":"https:\/\/www.mobile-well.com\/es\/wp-json\/wp\/v2\/media\/43818"}],"wp:attachment":[{"href":"https:\/\/www.mobile-well.com\/es\/wp-json\/wp\/v2\/media?parent=43817"}],"wp:term":[{"taxonomy":"product_brand","embeddable":true,"href":"https:\/\/www.mobile-well.com\/es\/wp-json\/wp\/v2\/product_brand?post=43817"},{"taxonomy":"product_cat","embeddable":true,"href":"https:\/\/www.mobile-well.com\/es\/wp-json\/wp\/v2\/product_cat?post=43817"},{"taxonomy":"product_tag","embeddable":true,"href":"https:\/\/www.mobile-well.com\/es\/wp-json\/wp\/v2\/product_tag?post=43817"}],"curies":[{"name":"wp","href":"https:\/\/api.w.org\/{rel}","templated":true}]}}