{"id":44481,"date":"2020-10-10T15:47:36","date_gmt":"2020-10-10T07:47:36","guid":{"rendered":"https:\/\/www.mobile-well.com\/?post_type=product&#038;p=44481"},"modified":"2020-10-10T15:47:40","modified_gmt":"2020-10-10T07:47:40","slug":"mayoreo-h550-tv-bocina-con-sonido-3d-estereo-para-habitacion-mas-de-10%e3%8e%a1","status":"publish","type":"product","link":"https:\/\/www.mobile-well.com\/es\/producto\/mayoreo-h550-tv-bocina-con-sonido-3d-estereo-para-habitacion-mas-de-10%e3%8e%a1\/","title":{"rendered":"Mayoreo H550 TV bocina con sonido 3D est\u00e9reo para habitacion mas de 10\u33a1"},"content":{"rendered":"","protected":false},"excerpt":{"rendered":"<ul>\n<li>SMS-H550<\/li>\n<li>La barra de sonido \u00fanica proporciona una mejor calidad de sonido en comparaci\u00f3n con su tel\u00e9fono inteligente o tableta.<\/li>\n<li>Conectividad BT para transmitir m\u00fasica de forma inal\u00e1mbrica desde cualquiera de sus dispositivos.<\/li>\n<li>Tan vers\u00e1til que puede colocarlo en casi cualquier lugar.<\/li>\n<li>Dimensi\u00f3n del altavoz: 550 mm (W) * 50 mm (D) * 50 mm (H)<\/li>\n<li>Admite conector AUX \/ tarjeta TF para reproducir m\u00fasica.<\/li>\n<li>Trabaja en TV por cable COAXIAL.<\/li>\n<\/ul>\n","protected":false},"featured_media":44471,"template":"","meta":[],"product_brand":[],"product_cat":[310],"product_tag":[6164,6163,6162],"class_list":{"0":"post-44481","1":"product","2":"type-product","3":"status-publish","4":"has-post-thumbnail","6":"product_cat-parlantes","7":"product_tag-bocina-con-sonido-3d","8":"product_tag-parlantes","9":"product_tag-tv-bocina","11":"first","12":"instock","13":"shipping-taxable","14":"product-type-simple"},"jetpack_sharing_enabled":true,"_links":{"self":[{"href":"https:\/\/www.mobile-well.com\/es\/wp-json\/wp\/v2\/product\/44481","targetHints":{"allow":["GET"]}}],"collection":[{"href":"https:\/\/www.mobile-well.com\/es\/wp-json\/wp\/v2\/product"}],"about":[{"href":"https:\/\/www.mobile-well.com\/es\/wp-json\/wp\/v2\/types\/product"}],"wp:featuredmedia":[{"embeddable":true,"href":"https:\/\/www.mobile-well.com\/es\/wp-json\/wp\/v2\/media\/44471"}],"wp:attachment":[{"href":"https:\/\/www.mobile-well.com\/es\/wp-json\/wp\/v2\/media?parent=44481"}],"wp:term":[{"taxonomy":"product_brand","embeddable":true,"href":"https:\/\/www.mobile-well.com\/es\/wp-json\/wp\/v2\/product_brand?post=44481"},{"taxonomy":"product_cat","embeddable":true,"href":"https:\/\/www.mobile-well.com\/es\/wp-json\/wp\/v2\/product_cat?post=44481"},{"taxonomy":"product_tag","embeddable":true,"href":"https:\/\/www.mobile-well.com\/es\/wp-json\/wp\/v2\/product_tag?post=44481"}],"curies":[{"name":"wp","href":"https:\/\/api.w.org\/{rel}","templated":true}]}}