{"id":45304,"date":"2020-10-15T17:35:13","date_gmt":"2020-10-15T09:35:13","guid":{"rendered":"https:\/\/www.mobile-well.com\/?post_type=product&#038;p=45304"},"modified":"2020-10-15T17:35:16","modified_gmt":"2020-10-15T09:35:16","slug":"mayoreo-soporte-de-sobremesa-telescopico-para-tabletas-y-telefonos-moviles-precio-barato","status":"publish","type":"product","link":"https:\/\/www.mobile-well.com\/es\/producto\/mayoreo-soporte-de-sobremesa-telescopico-para-tabletas-y-telefonos-moviles-precio-barato\/","title":{"rendered":"Mayoreo soporte de sobremesa telesc\u00f3pico para tabletas y tel\u00e9fonos m\u00f3viles precio barato"},"content":{"rendered":"","protected":false},"excerpt":{"rendered":"<ul>\n<li>Varilla de soporte de aleaci\u00f3n de aviaci\u00f3n<\/li>\n<li>Carcasa de PC + ABS<\/li>\n<li>Base galvanizada<\/li>\n<li>Almohadilla de silicona antideslizante<\/li>\n<\/ul>\n","protected":false},"featured_media":45329,"template":"","meta":[],"product_brand":[],"product_cat":[1072],"product_tag":[6227,6228],"class_list":{"0":"post-45304","1":"product","2":"type-product","3":"status-publish","4":"has-post-thumbnail","6":"product_cat-soporte","7":"product_tag-soporte","8":"product_tag-soporte-de-sobremesa-telescopico","10":"first","11":"instock","12":"shipping-taxable","13":"product-type-simple"},"jetpack_sharing_enabled":true,"_links":{"self":[{"href":"https:\/\/www.mobile-well.com\/es\/wp-json\/wp\/v2\/product\/45304","targetHints":{"allow":["GET"]}}],"collection":[{"href":"https:\/\/www.mobile-well.com\/es\/wp-json\/wp\/v2\/product"}],"about":[{"href":"https:\/\/www.mobile-well.com\/es\/wp-json\/wp\/v2\/types\/product"}],"wp:featuredmedia":[{"embeddable":true,"href":"https:\/\/www.mobile-well.com\/es\/wp-json\/wp\/v2\/media\/45329"}],"wp:attachment":[{"href":"https:\/\/www.mobile-well.com\/es\/wp-json\/wp\/v2\/media?parent=45304"}],"wp:term":[{"taxonomy":"product_brand","embeddable":true,"href":"https:\/\/www.mobile-well.com\/es\/wp-json\/wp\/v2\/product_brand?post=45304"},{"taxonomy":"product_cat","embeddable":true,"href":"https:\/\/www.mobile-well.com\/es\/wp-json\/wp\/v2\/product_cat?post=45304"},{"taxonomy":"product_tag","embeddable":true,"href":"https:\/\/www.mobile-well.com\/es\/wp-json\/wp\/v2\/product_tag?post=45304"}],"curies":[{"name":"wp","href":"https:\/\/api.w.org\/{rel}","templated":true}]}}