{"id":46132,"date":"2020-11-03T18:25:56","date_gmt":"2020-11-03T10:25:56","guid":{"rendered":"https:\/\/www.mobile-well.com\/?post_type=product&#038;p=46132"},"modified":"2020-11-11T17:07:22","modified_gmt":"2020-11-11T09:07:22","slug":"cargador-de-telefono-movil-pc-abs-5v-2-1a-ligero-y-portatil","status":"publish","type":"product","link":"https:\/\/www.mobile-well.com\/es\/producto\/cargador-de-telefono-movil-pc-abs-5v-2-1a-ligero-y-portatil\/","title":{"rendered":"Cargador de tel\u00e9fono m\u00f3vil  PC + ABS 5V 2.1A ligero y port\u00e1til"},"content":{"rendered":"","protected":false},"excerpt":{"rendered":"<ul>\n<li>Modelo: SMS-A52<\/li>\n<li>Material: PC + ABS<\/li>\n<li>Entrada: 220 V ~ 50 \/ 60Hz<\/li>\n<li>Salida: 5V-2.1A (Max)<\/li>\n<\/ul>\n","protected":false},"featured_media":46155,"template":"","meta":[],"product_brand":[],"product_cat":[76],"product_tag":[6286,6283,6285,6284],"class_list":{"0":"post-46132","1":"product","2":"type-product","3":"status-publish","4":"has-post-thumbnail","6":"product_cat-cargadores","7":"product_tag-5v-2-1a","8":"product_tag-cargador-de-telefono-movil","9":"product_tag-ligero-y-portatil","10":"product_tag-pc-abs","12":"first","13":"instock","14":"shipping-taxable","15":"product-type-simple"},"jetpack_sharing_enabled":true,"_links":{"self":[{"href":"https:\/\/www.mobile-well.com\/es\/wp-json\/wp\/v2\/product\/46132","targetHints":{"allow":["GET"]}}],"collection":[{"href":"https:\/\/www.mobile-well.com\/es\/wp-json\/wp\/v2\/product"}],"about":[{"href":"https:\/\/www.mobile-well.com\/es\/wp-json\/wp\/v2\/types\/product"}],"wp:featuredmedia":[{"embeddable":true,"href":"https:\/\/www.mobile-well.com\/es\/wp-json\/wp\/v2\/media\/46155"}],"wp:attachment":[{"href":"https:\/\/www.mobile-well.com\/es\/wp-json\/wp\/v2\/media?parent=46132"}],"wp:term":[{"taxonomy":"product_brand","embeddable":true,"href":"https:\/\/www.mobile-well.com\/es\/wp-json\/wp\/v2\/product_brand?post=46132"},{"taxonomy":"product_cat","embeddable":true,"href":"https:\/\/www.mobile-well.com\/es\/wp-json\/wp\/v2\/product_cat?post=46132"},{"taxonomy":"product_tag","embeddable":true,"href":"https:\/\/www.mobile-well.com\/es\/wp-json\/wp\/v2\/product_tag?post=46132"}],"curies":[{"name":"wp","href":"https:\/\/api.w.org\/{rel}","templated":true}]}}