{"id":46157,"date":"2020-11-04T15:07:55","date_gmt":"2020-11-04T07:07:55","guid":{"rendered":"https:\/\/www.mobile-well.com\/?post_type=product&#038;p=46157"},"modified":"2020-11-04T15:07:58","modified_gmt":"2020-11-04T07:07:58","slug":"funda-tpu-flexibilidad-y-suave-en-dibujo-imd-para-iphone12-huaweip40-samsungnote20","status":"publish","type":"product","link":"https:\/\/www.mobile-well.com\/es\/producto\/funda-tpu-flexibilidad-y-suave-en-dibujo-imd-para-iphone12-huaweip40-samsungnote20\/","title":{"rendered":"Funda TPU Flexibilidad Y Suave En Dibujo IMD Para iPhone12\/HuaweiP40\/SamsungNote20"},"content":{"rendered":"","protected":false},"excerpt":{"rendered":"<ul>\n<li>Material: TPU<\/li>\n<li>Color: como cuadro<\/li>\n<li>Modelos: Los modelos est\u00e1n disponibles, cont\u00e1ctenos r\u00e1pidamente para obtener la lista de modelos<\/li>\n<li>MOQ: 300 piezas \/ modelo, 50 piezas \/ color<\/li>\n<\/ul>\n","protected":false},"featured_media":46158,"template":"","meta":[],"product_brand":[],"product_cat":[77],"product_tag":[5188,6287,6288],"class_list":{"0":"post-46157","1":"product","2":"type-product","3":"status-publish","4":"has-post-thumbnail","6":"product_cat-fundas","7":"product_tag-funda-en-dibujo-imd","8":"product_tag-funda-tpu-flexibilidad-y-suave","9":"product_tag-para-iphone12-huaweip40-samsungnote20","11":"first","12":"instock","13":"shipping-taxable","14":"product-type-simple"},"jetpack_sharing_enabled":true,"_links":{"self":[{"href":"https:\/\/www.mobile-well.com\/es\/wp-json\/wp\/v2\/product\/46157","targetHints":{"allow":["GET"]}}],"collection":[{"href":"https:\/\/www.mobile-well.com\/es\/wp-json\/wp\/v2\/product"}],"about":[{"href":"https:\/\/www.mobile-well.com\/es\/wp-json\/wp\/v2\/types\/product"}],"wp:featuredmedia":[{"embeddable":true,"href":"https:\/\/www.mobile-well.com\/es\/wp-json\/wp\/v2\/media\/46158"}],"wp:attachment":[{"href":"https:\/\/www.mobile-well.com\/es\/wp-json\/wp\/v2\/media?parent=46157"}],"wp:term":[{"taxonomy":"product_brand","embeddable":true,"href":"https:\/\/www.mobile-well.com\/es\/wp-json\/wp\/v2\/product_brand?post=46157"},{"taxonomy":"product_cat","embeddable":true,"href":"https:\/\/www.mobile-well.com\/es\/wp-json\/wp\/v2\/product_cat?post=46157"},{"taxonomy":"product_tag","embeddable":true,"href":"https:\/\/www.mobile-well.com\/es\/wp-json\/wp\/v2\/product_tag?post=46157"}],"curies":[{"name":"wp","href":"https:\/\/api.w.org\/{rel}","templated":true}]}}