{"id":46747,"date":"2020-11-09T15:52:11","date_gmt":"2020-11-09T07:52:11","guid":{"rendered":"https:\/\/www.mobile-well.com\/?post_type=product&#038;p=46747"},"modified":"2020-11-09T15:52:13","modified_gmt":"2020-11-09T07:52:13","slug":"mayoreo-soporte-multiple-para-telefono-movil-y-tableta","status":"publish","type":"product","link":"https:\/\/www.mobile-well.com\/es\/producto\/mayoreo-soporte-multiple-para-telefono-movil-y-tableta\/","title":{"rendered":"Mayoreo soporte m\u00faltiple para tel\u00e9fono m\u00f3vil y tableta"},"content":{"rendered":"","protected":false},"excerpt":{"rendered":"<ul>\n<li>Material: ABS + tubo de aleaci\u00f3n de aluminio<\/li>\n<li>Tama\u00f1o compatible: tel\u00e9fonos y tabletas de 4,7 a 15,6 pulgadas<\/li>\n<li>Funci\u00f3n: soporte para tel\u00e9fono con c\u00e1mara dual \/ multi\u00e1ngulo integrado \/ desmontable para uso en m\u00faltiples escenas \/ compatible con m\u00faltiples tama\u00f1os<\/li>\n<li><\/li>\n<li>Modelo: Z2<\/li>\n<li>Producto N.W: 280g<\/li>\n<li>Tama\u00f1o del embalaje: 182 * 182 * 52 mm<\/li>\n<li>Tama\u00f1o de CTN: 374 * 374 * 686m, 50pcs \/ ctn, 14.8kgs<\/li>\n<li><\/li>\n<li>Modelo: Z3<\/li>\n<li>Producto N.W: 672g<\/li>\n<li>Tama\u00f1o del embalaje: 182 * 182 * 52 mm<\/li>\n<li>Tama\u00f1o CTN: 530 * 374 * 192 m, 20 piezas \/ caja, 13,5 kg<\/li>\n<\/ul>\n","protected":false},"featured_media":46748,"template":"","meta":[],"product_brand":[],"product_cat":[1072],"product_tag":[6227,6334,6335],"class_list":{"0":"post-46747","1":"product","2":"type-product","3":"status-publish","4":"has-post-thumbnail","6":"product_cat-soporte","7":"product_tag-soporte","8":"product_tag-soporte-multiple","9":"product_tag-soporte-multiple-para-telefono-movil","11":"first","12":"instock","13":"shipping-taxable","14":"product-type-simple"},"jetpack_sharing_enabled":true,"_links":{"self":[{"href":"https:\/\/www.mobile-well.com\/es\/wp-json\/wp\/v2\/product\/46747","targetHints":{"allow":["GET"]}}],"collection":[{"href":"https:\/\/www.mobile-well.com\/es\/wp-json\/wp\/v2\/product"}],"about":[{"href":"https:\/\/www.mobile-well.com\/es\/wp-json\/wp\/v2\/types\/product"}],"wp:featuredmedia":[{"embeddable":true,"href":"https:\/\/www.mobile-well.com\/es\/wp-json\/wp\/v2\/media\/46748"}],"wp:attachment":[{"href":"https:\/\/www.mobile-well.com\/es\/wp-json\/wp\/v2\/media?parent=46747"}],"wp:term":[{"taxonomy":"product_brand","embeddable":true,"href":"https:\/\/www.mobile-well.com\/es\/wp-json\/wp\/v2\/product_brand?post=46747"},{"taxonomy":"product_cat","embeddable":true,"href":"https:\/\/www.mobile-well.com\/es\/wp-json\/wp\/v2\/product_cat?post=46747"},{"taxonomy":"product_tag","embeddable":true,"href":"https:\/\/www.mobile-well.com\/es\/wp-json\/wp\/v2\/product_tag?post=46747"}],"curies":[{"name":"wp","href":"https:\/\/api.w.org\/{rel}","templated":true}]}}