{"id":46773,"date":"2020-11-11T15:14:24","date_gmt":"2020-11-11T07:14:24","guid":{"rendered":"https:\/\/www.mobile-well.com\/?post_type=product&#038;p=46773"},"modified":"2020-11-11T15:14:27","modified_gmt":"2020-11-11T07:14:27","slug":"luz-redonda-con-sensor-de-movimiento-muy-popular","status":"publish","type":"product","link":"https:\/\/www.mobile-well.com\/es\/producto\/luz-redonda-con-sensor-de-movimiento-muy-popular\/","title":{"rendered":"Luz redonda con sensor de movimiento muy popular"},"content":{"rendered":"","protected":false},"excerpt":{"rendered":"<ul>\n<li>luz con sensor de movimiento<\/li>\n<li>Dos modos : modo sensor de movimiento y modo siempre encendido.<\/li>\n<li>Esta luz del sensor de movimiento se encender\u00e1 autom\u00e1ticamente en la oscuridad cuando le acerques a una distancia de 0~5m y se apagar\u00e1 25 segundos despu\u00e9s de que est\u00e9s ausente.<\/li>\n<li>Cuenta con bater\u00eda incorporada ,diferentes longitudes, diferentes capacidades de bater\u00eda y diferentes precios.<\/li>\n<li>3 modos de iluminaci\u00f3n: puedes configurar un 25%, 50%, 100% .<\/li>\n<li>Tiempo de carga: 2.5 horas aproximado<\/li>\n<li>Bateria dura alrededor de 90 dias en modo de sensor de movimiento<\/li>\n<\/ul>\n","protected":false},"featured_media":46780,"template":"","meta":[],"product_brand":[],"product_cat":[467],"product_tag":[6336,6337],"class_list":{"0":"post-46773","1":"product","2":"type-product","3":"status-publish","4":"has-post-thumbnail","6":"product_cat-gadgets-2","7":"product_tag-luz-redonda","8":"product_tag-luz-redonda-con-sensor-de-movimiento","10":"first","11":"instock","12":"shipping-taxable","13":"product-type-simple"},"jetpack_sharing_enabled":true,"_links":{"self":[{"href":"https:\/\/www.mobile-well.com\/es\/wp-json\/wp\/v2\/product\/46773","targetHints":{"allow":["GET"]}}],"collection":[{"href":"https:\/\/www.mobile-well.com\/es\/wp-json\/wp\/v2\/product"}],"about":[{"href":"https:\/\/www.mobile-well.com\/es\/wp-json\/wp\/v2\/types\/product"}],"wp:featuredmedia":[{"embeddable":true,"href":"https:\/\/www.mobile-well.com\/es\/wp-json\/wp\/v2\/media\/46780"}],"wp:attachment":[{"href":"https:\/\/www.mobile-well.com\/es\/wp-json\/wp\/v2\/media?parent=46773"}],"wp:term":[{"taxonomy":"product_brand","embeddable":true,"href":"https:\/\/www.mobile-well.com\/es\/wp-json\/wp\/v2\/product_brand?post=46773"},{"taxonomy":"product_cat","embeddable":true,"href":"https:\/\/www.mobile-well.com\/es\/wp-json\/wp\/v2\/product_cat?post=46773"},{"taxonomy":"product_tag","embeddable":true,"href":"https:\/\/www.mobile-well.com\/es\/wp-json\/wp\/v2\/product_tag?post=46773"}],"curies":[{"name":"wp","href":"https:\/\/api.w.org\/{rel}","templated":true}]}}