{"id":47556,"date":"2020-12-05T16:56:15","date_gmt":"2020-12-05T08:56:15","guid":{"rendered":"https:\/\/www.mobile-well.com\/?post_type=product&#038;p=47556"},"modified":"2020-12-05T16:56:24","modified_gmt":"2020-12-05T08:56:24","slug":"47556","status":"publish","type":"product","link":"https:\/\/www.mobile-well.com\/es\/producto\/47556\/","title":{"rendered":"L\u00e1mpara De Inducci\u00f3n En LED"},"content":{"rendered":"","protected":false},"excerpt":{"rendered":"<ul>\n<li>\u00c1ngulo de inducci\u00f3n: 110 \u00b0<\/li>\n<li>Retraso de tiempo: \u226425s \u00b1 2s<\/li>\n<li>modo: Modo ON \/ AUTO<\/li>\n<li>M\u00e9todo de inducci\u00f3n: inducci\u00f3n humana.<\/li>\n<li>Tiempo de carga: solo es necesario cargar 4 veces al a\u00f1o<\/li>\n<li>Color: luz c\u00e1lida, luz blanca.<\/li>\n<li>Distancia de inducci\u00f3n: 0 m-5 m<\/li>\n<\/ul>\n","protected":false},"featured_media":47573,"template":"","meta":[],"product_brand":[],"product_cat":[467],"product_tag":[],"class_list":{"0":"post-47556","1":"product","2":"type-product","3":"status-publish","4":"has-post-thumbnail","6":"product_cat-gadgets-2","8":"first","9":"instock","10":"shipping-taxable","11":"product-type-simple"},"jetpack_sharing_enabled":true,"_links":{"self":[{"href":"https:\/\/www.mobile-well.com\/es\/wp-json\/wp\/v2\/product\/47556","targetHints":{"allow":["GET"]}}],"collection":[{"href":"https:\/\/www.mobile-well.com\/es\/wp-json\/wp\/v2\/product"}],"about":[{"href":"https:\/\/www.mobile-well.com\/es\/wp-json\/wp\/v2\/types\/product"}],"wp:featuredmedia":[{"embeddable":true,"href":"https:\/\/www.mobile-well.com\/es\/wp-json\/wp\/v2\/media\/47573"}],"wp:attachment":[{"href":"https:\/\/www.mobile-well.com\/es\/wp-json\/wp\/v2\/media?parent=47556"}],"wp:term":[{"taxonomy":"product_brand","embeddable":true,"href":"https:\/\/www.mobile-well.com\/es\/wp-json\/wp\/v2\/product_brand?post=47556"},{"taxonomy":"product_cat","embeddable":true,"href":"https:\/\/www.mobile-well.com\/es\/wp-json\/wp\/v2\/product_cat?post=47556"},{"taxonomy":"product_tag","embeddable":true,"href":"https:\/\/www.mobile-well.com\/es\/wp-json\/wp\/v2\/product_tag?post=47556"}],"curies":[{"name":"wp","href":"https:\/\/api.w.org\/{rel}","templated":true}]}}