{"id":47594,"date":"2020-12-05T17:16:29","date_gmt":"2020-12-05T09:16:29","guid":{"rendered":"https:\/\/www.mobile-well.com\/?post_type=product&#038;p=47594"},"modified":"2020-12-05T17:16:32","modified_gmt":"2020-12-05T09:16:32","slug":"47594","status":"publish","type":"product","link":"https:\/\/www.mobile-well.com\/es\/producto\/47594\/","title":{"rendered":"Soporte para tel\u00e9fono celular totalmente plegable para tel\u00e9fonos m\u00f3viles\/iPad\/Kindle\/Tablet tel\u00e9fono Dock"},"content":{"rendered":"","protected":false},"excerpt":{"rendered":"<ul>\n<li>Modelo: F5<\/li>\n<li>Aplicar: tel\u00e9fono m\u00f3vil y Tablet PC<\/li>\n<li>\u00c1ngulo: ajuste de 330 grados<\/li>\n<li>Textureofmaterial: ABS + Gel de s\u00edlice + Metal<\/li>\n<li>Tama\u00f1o del paquete: 15,2 * 9,7 * 3,1 CM<\/li>\n<li>Peso desnudo: 225G<\/li>\n<\/ul>\n","protected":false},"featured_media":47597,"template":"","meta":[],"product_brand":[],"product_cat":[467],"product_tag":[6390,6391],"class_list":{"0":"post-47594","1":"product","2":"type-product","3":"status-publish","4":"has-post-thumbnail","6":"product_cat-gadgets-2","7":"product_tag-soporte-para-telefono-celular","8":"product_tag-soporte-totalmente-plegable","10":"first","11":"instock","12":"shipping-taxable","13":"product-type-simple"},"jetpack_sharing_enabled":true,"_links":{"self":[{"href":"https:\/\/www.mobile-well.com\/es\/wp-json\/wp\/v2\/product\/47594","targetHints":{"allow":["GET"]}}],"collection":[{"href":"https:\/\/www.mobile-well.com\/es\/wp-json\/wp\/v2\/product"}],"about":[{"href":"https:\/\/www.mobile-well.com\/es\/wp-json\/wp\/v2\/types\/product"}],"wp:featuredmedia":[{"embeddable":true,"href":"https:\/\/www.mobile-well.com\/es\/wp-json\/wp\/v2\/media\/47597"}],"wp:attachment":[{"href":"https:\/\/www.mobile-well.com\/es\/wp-json\/wp\/v2\/media?parent=47594"}],"wp:term":[{"taxonomy":"product_brand","embeddable":true,"href":"https:\/\/www.mobile-well.com\/es\/wp-json\/wp\/v2\/product_brand?post=47594"},{"taxonomy":"product_cat","embeddable":true,"href":"https:\/\/www.mobile-well.com\/es\/wp-json\/wp\/v2\/product_cat?post=47594"},{"taxonomy":"product_tag","embeddable":true,"href":"https:\/\/www.mobile-well.com\/es\/wp-json\/wp\/v2\/product_tag?post=47594"}],"curies":[{"name":"wp","href":"https:\/\/api.w.org\/{rel}","templated":true}]}}