{"id":47902,"date":"2020-12-09T17:05:07","date_gmt":"2020-12-09T09:05:07","guid":{"rendered":"https:\/\/www.mobile-well.com\/?post_type=product&#038;p=47902"},"modified":"2020-12-09T17:05:11","modified_gmt":"2020-12-09T09:05:11","slug":"epoxi-tpu-acrilico-carcasa-para-telefono-anti-caida-para-iphone-samsung","status":"publish","type":"product","link":"https:\/\/www.mobile-well.com\/es\/producto\/epoxi-tpu-acrilico-carcasa-para-telefono-anti-caida-para-iphone-samsung\/","title":{"rendered":"Epoxi TPU + acr\u00edlico carcasa para tel\u00e9fono anti-ca\u00edda para iPhone\/Samsung"},"content":{"rendered":"","protected":false},"excerpt":{"rendered":"<ul>\n<li>Producto NO .: A08<\/li>\n<li>Precio unitario: US $ 0.61<\/li>\n<li>MOQ: 200 piezas \/ modelo, 50 piezas \/ color<\/li>\n<li>Material: TPU + Acr\u00edlico<\/li>\n<li>Producto N.W: 44,4g<\/li>\n<li>Tama\u00f1o CTN: 60 * 45 * 33 cm 500 piezas \/ caja 22,2 kg<\/li>\n<\/ul>\n","protected":false},"featured_media":47847,"template":"","meta":[],"product_brand":[],"product_cat":[77],"product_tag":[6426,6425,6395],"class_list":{"0":"post-47902","1":"product","2":"type-product","3":"status-publish","4":"has-post-thumbnail","6":"product_cat-fundas","7":"product_tag-carcasa-para-telefono-anti-caida-2","8":"product_tag-epoxi-tpu-acrilico-carcasa-2","9":"product_tag-moq200-2","11":"first","12":"instock","13":"shipping-taxable","14":"product-type-simple"},"jetpack_sharing_enabled":true,"_links":{"self":[{"href":"https:\/\/www.mobile-well.com\/es\/wp-json\/wp\/v2\/product\/47902","targetHints":{"allow":["GET"]}}],"collection":[{"href":"https:\/\/www.mobile-well.com\/es\/wp-json\/wp\/v2\/product"}],"about":[{"href":"https:\/\/www.mobile-well.com\/es\/wp-json\/wp\/v2\/types\/product"}],"wp:featuredmedia":[{"embeddable":true,"href":"https:\/\/www.mobile-well.com\/es\/wp-json\/wp\/v2\/media\/47847"}],"wp:attachment":[{"href":"https:\/\/www.mobile-well.com\/es\/wp-json\/wp\/v2\/media?parent=47902"}],"wp:term":[{"taxonomy":"product_brand","embeddable":true,"href":"https:\/\/www.mobile-well.com\/es\/wp-json\/wp\/v2\/product_brand?post=47902"},{"taxonomy":"product_cat","embeddable":true,"href":"https:\/\/www.mobile-well.com\/es\/wp-json\/wp\/v2\/product_cat?post=47902"},{"taxonomy":"product_tag","embeddable":true,"href":"https:\/\/www.mobile-well.com\/es\/wp-json\/wp\/v2\/product_tag?post=47902"}],"curies":[{"name":"wp","href":"https:\/\/api.w.org\/{rel}","templated":true}]}}